{"id":2200,"date":"2024-01-19T10:05:47","date_gmt":"2024-01-19T09:05:47","guid":{"rendered":"https:\/\/golfyr.com\/?page_id=2200"},"modified":"2026-03-09T10:06:03","modified_gmt":"2026-03-09T09:06:03","slug":"90-tage-geld-zurueck-garantie","status":"publish","type":"page","link":"https:\/\/golfyr.com\/de\/90-tage-geld-zurueck-garantie\/","title":{"rendered":"90-Tage-Geld-zur\u00fcck-Garantie"},"content":{"rendered":"<section class=\"content-col\" id=\"ninety-days-money-back\">\n  <div class=\"container\">\n    <div class=\"row\">\n      <div class=\"col-10 offset-1\">\n                \n\n<h1>90-Tage-Geld-zur\u00fcck-Garantie<\/h1>\n<p>\u00a0<\/p>\n<p>Unser Ziel ist, dass Sie zufrieden sind, wenn Sie ein Golfyr-Produkt kaufen. Deshalb bieten wir Ihnen eine 90-Tage-Geld-zur\u00fcck-Garantie. So k\u00f6nnen Sie die bestellten Produkte risikofrei testen.<\/p>\n<p>\u00a0<\/p>\n<p>Sollte die gekaufte Ware nicht Ihren Vorstellungen entsprechen, k\u00f6nnen Sie diese innerhalb der 90-t\u00e4gigen Widerrufsfrist ohne Wenn und Aber zur\u00fccksenden.\u00a0<\/p>\n<p>\u00a0<\/p>\n<p>Wenn Sie die Ware im Rahmen Ihres Widerrufsrechts zur\u00fccksenden m\u00f6chten, senden Sie uns eine E-Mail an hello@golfyr.com und teilen Sie uns darin Ihre Bestellnummer mit. Eine Mitarbeiterin oder ein Mitarbeiter von uns wird Sie kontaktieren, um die R\u00fccksendung zu erfassen. Innerhalb von maximal 14 Tagen \u00fcberweisen wir Ihnen den gesamten Betrag zur\u00fcck auf Ihr Konto.<\/p>\n<p>\u00a0<\/p>\n<p>Dank der 90-Tage-Geld-zur\u00fcck-Garantie k\u00f6nnen Sie sich die Zeit nehmen, die Sie brauchen, um zu entscheiden, ob der bestellte Artikel Ihren Bed\u00fcrfnissen entspricht.<\/p>\n\n\n      <\/div>\n    <\/div>\n  <\/div>\n<\/section>","protected":false},"excerpt":{"rendered":"","protected":false},"author":16,"featured_media":0,"parent":0,"menu_order":0,"comment_status":"closed","ping_status":"closed","template":"default-p1-1920-dark.php","meta":{"content-type":"","footnotes":""},"class_list":["post-2200","page","type-page","status-publish","hentry"],"acf":[],"_links":{"self":[{"href":"https:\/\/golfyr.com\/de\/wp-json\/wp\/v2\/pages\/2200","targetHints":{"allow":["GET"]}}],"collection":[{"href":"https:\/\/golfyr.com\/de\/wp-json\/wp\/v2\/pages"}],"about":[{"href":"https:\/\/golfyr.com\/de\/wp-json\/wp\/v2\/types\/page"}],"author":[{"embeddable":true,"href":"https:\/\/golfyr.com\/de\/wp-json\/wp\/v2\/users\/16"}],"replies":[{"embeddable":true,"href":"https:\/\/golfyr.com\/de\/wp-json\/wp\/v2\/comments?post=2200"}],"version-history":[{"count":3,"href":"https:\/\/golfyr.com\/de\/wp-json\/wp\/v2\/pages\/2200\/revisions"}],"predecessor-version":[{"id":6677,"href":"https:\/\/golfyr.com\/de\/wp-json\/wp\/v2\/pages\/2200\/revisions\/6677"}],"wp:attachment":[{"href":"https:\/\/golfyr.com\/de\/wp-json\/wp\/v2\/media?parent=2200"}],"curies":[{"name":"wp","href":"https:\/\/api.w.org\/{rel}","templated":true}]}}