{"id":2203,"date":"2024-01-19T10:06:26","date_gmt":"2024-01-19T09:06:26","guid":{"rendered":"https:\/\/golfyr.com\/?page_id=2203"},"modified":"2025-11-13T08:25:22","modified_gmt":"2025-11-13T07:25:22","slug":"pflege-und-gebrauchsanweisung","status":"publish","type":"page","link":"https:\/\/golfyr.com\/de\/pflege-und-gebrauchsanweisung\/","title":{"rendered":"Pflege- und Gebrauchsanweisung"},"content":{"rendered":"<section class=\"content-col\" id=\"care-and-use-instructions\">\n  <div class=\"container\">\n    <div class=\"row\">\n      <div class=\"col-10 offset-1\">\n                \n\n<h1>Pflege- und Gebrauchsanweisung<\/h1>\n<h2>\u00a0<\/h2>\n<h2>Pflegeanweisung:<\/h2>\n<p>GOLFYR-Produkte sind aus einem Hightech-Multi-Material-Verbund hergestellt. Die Produkte zeichnen sich aus durch einzigartige Leistungsmerkmale, ben\u00f6tigen aber auch besondere Pflege. Bei der Verwendung unserer Produkte Pflegeanweisung sorgf\u00e4ltig durchlesen und befolgen.<\/p>\n<h2>\u00a0<\/h2>\n<h2>Golfschl\u00e4ger nach jeder Runde reinigen:<\/h2>\n<p>Groben Schmutz wie Erde und Sand mit einem Lappen oder einer weichen B\u00fcrste mit Kunststoffborsten entfernen. Schl\u00e4ger mit einem weichen, trockenen Tuch gr\u00fcndlich trocken reiben.<\/p>\n<h2>\u00a0<\/h2>\n<h2>Gr\u00fcndliche Reinigung (Schl\u00e4gerkopf, Schaft, Griff):<\/h2>\n<p>Ganzen Schl\u00e4ger mit mildem Seifenwasser reinigen, anschliessend mit einem Tuch oder einer weichen B\u00fcrste abwischen und unter fliessendem klarem Wasser absp\u00fclen. Anschliessend mit einem sauberen, trockenen Tuch gut trocken reiben.<\/p>\n<h2>\u00a0<\/h2>\n<h2>Zus\u00e4tzlicher Hinweis:<\/h2>\n<p>Feuchtigkeit in Verbindung mit salzigen oder alkalischen und sauren Umgebungen kann Metallteile schneller korrodieren lassen. Aus diesem Grund sollten die Schl\u00e4ger immer von der Erde gereinigt, unter fliessendem Wasser gesp\u00fclt und trocken gerieben werden. Wurde in der N\u00e4he von Salzwasser gespielt, sollten die Schl\u00e4ger stets unter fliessendem Wasser gesp\u00fclt und vor der Lagerung trocken gerieben werden. <span class=\"s1\">Stellen Sie vor der Lagerung sicher, dass das Cover vollst\u00e4ndig trocken ist, um zu verhindern, dass Feuchtigkeit eingeschlossen wird und Korrosion an den Metallteilen verursacht.<\/span><\/p>\n<h2>\u00a0<\/h2>\n<h2>Spezialbeschichtung:<\/h2>\n<p>Die sch\u00fctzende Metalloberfl\u00e4che an der Schlag- und der R\u00fcckseite des Schl\u00e4gerkopfs ist mit einer speziellen Beschichtung versehen, die auch das Material aush\u00e4rtet. Beim Einsatz der Schl\u00e4ger im Bunker und\/oder auf sehr hartem Untergrund kann sich die Beschichtung im Laufe der Zeit abl\u00f6sen. Dies hat jedoch keinen Einfluss auf die Leistung des Schl\u00e4gers. Ein solcher Verschleiss kann auch auftreten, wenn sich Sand oder Schmutz auf der Schlagfl\u00e4che befindet, der vor dem Abschlag nicht entfernt wurde.<\/p>\n<h2>\u00a0<\/h2>\n<h2>Schaft und Griff:<\/h2>\n<p>Schaft und Griff k\u00f6nnen mit milder Seife gereinigt und mit klarem Wasser nachgesp\u00fclt werden. Danach mit einem Tuch trocken reiben und in einem Bag aufbewahren. Die Griffe sollten sp\u00e4testens alle zwei bis drei Jahre ausgetauscht werden. Bei regelm\u00e4ssigem Spiel sollte der Griff \u00f6fter ausgetauscht werden.<\/p>\n<h2>\u00a0<\/h2>\n<h2>Aufbewahrung:<\/h2>\n<p>Die Schl\u00e4ger sollten stets im Golfbag aufbewahrt und die K\u00f6pfe mit Schl\u00e4gerhauben gesch\u00fctzt werden. Schl\u00e4ger niemals im feuchten Zustand oder bei hoher Luftfeuchtigkeit lagern.<\/p>\n<p>Extreme Temperaturen k\u00f6nnen die mechanischen Eigenschaften des Carbons negativ beeinflussen. Schl\u00e4ger nicht neben starken W\u00e4rmequellen wie Heizungen oder \u00d6fen oder im Auto bei direkter Sonneneinstrahlung platzieren. Schl\u00e4ger generell keinen Temperaturen \u00fcber 80\u00a0\u00b0C oder unter \u201310\u00a0\u00b0C aussetzen.<\/p>\n<p class=\"p1\"><span class=\"s1\">Stellen Sie sicher, dass das Cover vollst\u00e4ndig trocken ist, bevor Sie es zur Lagerung auf den Schl\u00e4ger setzen.<\/span><\/p>\n<h2>\u00a0<\/h2>\n<h2>Gebrauchsanweisung:<\/h2>\n<p>Golfschl\u00e4ger nur in sicherem Abstand zu Menschen und Hindernissen schwingen. Ein gebrochener Schaft kann Verletzungen verursachen. Schl\u00e4ger daher regelm\u00e4ssig auf Bruchstellen \u00fcberpr\u00fcfen.<\/p>\n<p>Bei einem aufkommenden Gewitter w\u00e4hrend einer Runde oder sonst wo im Freien sofort Schutz suchen und Golfschl\u00e4ger nicht verwenden, bis es vorbei ist. Die Sch\u00e4fte sind leitf\u00e4hig, und es besteht die Gefahr eines Stromschlags.<\/p>\n<p>Jeder Golfschl\u00e4ger sollte nur in der entsprechenden Spielsituation verwendet werden. Ein Putter eignet sich nur auf und um das Green und sollte nie f\u00fcr lange Schl\u00e4ge oder Abschl\u00e4ge verwendet werden.<\/p>\n<p>Unsere Schl\u00e4ger sind ausschliesslich f\u00fcr den Kontakt mit Golfb\u00e4llen konzipiert.<\/p>\n<p>Golfschl\u00e4ger vorsichtig aus der Tasche ziehen oder verstauen, um unn\u00f6tige Belastungen oder Besch\u00e4digungen zu vermeiden.<\/p>\n<p>Die Schl\u00e4gerhaube sollte nach jedem Schuss wieder aufgesetzt werden, um den Schl\u00e4ger vor \u00e4usseren Einfl\u00fcssen zu sch\u00fctzen.<\/p>\n<p>GOLFYR-Produkte m\u00fcssen durch eine GOLFYR-Servicestelle ersetzt oder repariert werden, ausser man ben\u00f6tigt lediglich einen neuen Griff.<\/p>\n\n\n      <\/div>\n    <\/div>\n  <\/div>\n<\/section>","protected":false},"excerpt":{"rendered":"","protected":false},"author":16,"featured_media":0,"parent":0,"menu_order":0,"comment_status":"closed","ping_status":"closed","template":"default-p1-1920-dark.php","meta":{"content-type":"","footnotes":""},"class_list":["post-2203","page","type-page","status-publish","hentry"],"acf":[],"_links":{"self":[{"href":"https:\/\/golfyr.com\/de\/wp-json\/wp\/v2\/pages\/2203","targetHints":{"allow":["GET"]}}],"collection":[{"href":"https:\/\/golfyr.com\/de\/wp-json\/wp\/v2\/pages"}],"about":[{"href":"https:\/\/golfyr.com\/de\/wp-json\/wp\/v2\/types\/page"}],"author":[{"embeddable":true,"href":"https:\/\/golfyr.com\/de\/wp-json\/wp\/v2\/users\/16"}],"replies":[{"embeddable":true,"href":"https:\/\/golfyr.com\/de\/wp-json\/wp\/v2\/comments?post=2203"}],"version-history":[{"count":5,"href":"https:\/\/golfyr.com\/de\/wp-json\/wp\/v2\/pages\/2203\/revisions"}],"predecessor-version":[{"id":5834,"href":"https:\/\/golfyr.com\/de\/wp-json\/wp\/v2\/pages\/2203\/revisions\/5834"}],"wp:attachment":[{"href":"https:\/\/golfyr.com\/de\/wp-json\/wp\/v2\/media?parent=2203"}],"curies":[{"name":"wp","href":"https:\/\/api.w.org\/{rel}","templated":true}]}}