{"id":2208,"date":"2024-01-19T10:06:04","date_gmt":"2024-01-19T09:06:04","guid":{"rendered":"https:\/\/golfyr.com\/?page_id=2208"},"modified":"2025-08-06T09:33:22","modified_gmt":"2025-08-06T07:33:22","slug":"allgemeine-geschaeftsbedingungen","status":"publish","type":"page","link":"https:\/\/golfyr.com\/de\/allgemeine-geschaeftsbedingungen\/","title":{"rendered":"Allgemeine Gesch\u00e4ftsbedingungen"},"content":{"rendered":"<section class=\"content-col\" id=\"terms-and-conditions\">\n  <div class=\"container\">\n    <div class=\"row\">\n      <div class=\"col-10 offset-1\">\n                \n\n<h1>Allgemeine Gesch\u00e4ftsbedingungen<br \/>\u00a0<\/h1>\n<h2>1. Geltung der Gesch\u00e4ftsbedingungen<\/h2>\n<p>Die Lieferungen und Angebote der GOLFYR AG, Bahnhofstrasse 2, 9000 St. Gallen (CHE-457.142.007), erfolgen ausschliesslich aufgrund dieser allgemeinen Gesch\u00e4ftsbedingungen, auch wenn sie nicht nochmals ausdr\u00fccklich vereinbart werden. Mit Bestellung der Produkte gelten diese Bedingungen als angenommen. Abweichungen von diesen allgemeinen Gesch\u00e4ftsbedingungen sind nur wirksam, wenn sie von GOLFYR unterschriftlich best\u00e4tigt werden.<\/p>\n<p>\u00a0<\/p>\n<h2>2. Angebot und Vertragsabschluss<\/h2>\n<p>Die Angebote der GOLFYR in Preislisten und Inseraten stellen kein rechtlich bindendes Angebot dar, sondern eine Aufforderung an den Kunden, f\u00fcr die jeweiligen Produkte verbindliche Bestellungen abzugeben.<\/p>\n<p>\u00a0<\/p>\n<p>Durch das Anklicken des Bestell-Buttons auf dem Online Shop gibt der Kunde eine verbindliche Bestellung der auf der Bestellseite aufgelisteten Produkte ab. GOLFYR best\u00e4tigt den Zugang der Bestellung unmittelbar nach deren Erhalt. Bestellungen sind f\u00fcr die GOLFYR erst nach schriftlicher Auftragsbest\u00e4tigung verbindlich. Wird nach der Auftragsbest\u00e4tigung festgestellt, dass die Auslieferung der Produkte nicht m\u00f6glich ist oder ein Preisfehler vorlag, wird die Bestellung storniert bzw. bei Preisfehlern, wenn die Produkte bereits ausgeliefert wurden, die Preisdifferenz beim Kunden nachgefordert. Im Falle von Preisfehlern ist der Kunde berechtigt, die Produkte an GOLFYR zu retournieren, sollte der Kunde mit der Nachverrechnung der Preisdifferenz nicht einverstanden sein. Der Kunde kann in jedem Fall keine weitergehenden Anspr\u00fcche gegen GOLFYR oder einen Lieferanten geltend machen.<\/p>\n<p>\u00a0<\/p>\n<p>Die Angaben in den Verkaufsunterlagen (Zeichnungen, Abbildungen, Masse, Gewichte etc.) sind nur als Richtwerte zu verstehen und stellen keine Zusicherung von Eigenschaften dar, es sei denn, sie werden schriftlich ausdr\u00fccklich als verbindlich bezeichnet.<\/p>\n<p>\u00a0<\/p>\n<h2>3. Preise<\/h2>\n<p>Massgebend sind die in der Auftragsbest\u00e4tigung genannten Preise. Diese werden f\u00fcr Produkte an Lager zum Zeitpunkt der Bestellung fixiert. Die Preise verstehen sich in Schweizer Franken inklusive der gesetzlichen Mehrwertsteuer und falls nicht anders vereinbart, zuz\u00fcglich Transportkosten.<\/p>\n<p>\u00a0<\/p>\n<p>Die aktuellen Preise sind im Online-Shop publiziert, Preis\u00e4nderungen und Fehler bleiben ausdr\u00fccklich vorbehalten.<\/p>\n<p>\u00a0<\/p>\n<h2>4. Lieferbedingungen<\/h2>\n<p>Lieferungen erfolgen ohne gegenteilige Vereinbarung an die vom Kunden gew\u00e4hlte Zustelladresse auf dessen Kosten. Termine und Lieferfristen sind unverbindlich, sofern nicht ausdr\u00fccklich schriftlich etwas anderes vereinbart wurde. Die Angabe bestimmter Lieferfristen und Liefertermine durch die GOLFYR stehen unter dem Vorbehalt der richtigen und rechtzeitigen Belieferung der GOLFYR durch Zulieferer und Hersteller.<\/p>\n<p>\u00a0<\/p>\n<p>Beanstandungen betreffend mangelhafter Produkte, Besch\u00e4digung, Versp\u00e4tung, Verlust oder schlechter Verpackung sind sofort nach Eingang der Sendung anzumelden.<\/p>\n<p>\u00a0<\/p>\n<h2>5. Annahmeverzug<\/h2>\n<p>Wenn der Kunde nach Ablauf einer ihm gesetzten Nachfrist die Annahme der Liefergegenst\u00e4nde verweigert oder erkl\u00e4rt, die Produkte nicht abnehmen zu wollen, kann GOLFYR die Erf\u00fcllung des Vertrages verweigern und Schadensersatz wegen Nichterf\u00fcllung verlangen. GOLFYR ist berechtigt, als Schadensersatz wahlweise entweder pauschal 25 % des vereinbarten Kaufpreises oder den Ersatz des effektiv entstandenen Schadens vom Kunden zu fordern.<\/p>\n<p>\u00a0<\/p>\n<h2>6. Gefahren\u00fcbergang<\/h2>\n<p>Die Gefahr geht auf den Kunden \u00fcber, sobald die Sendung an das f\u00fcr den Transport ausf\u00fchrende Unternehmen \u00fcbergeben worden ist. Falls der Versand sich ohne Verschulden von GOLFYR verz\u00f6gert oder unm\u00f6glich wird, geht die Gefahr mit der Meldung der Versandbereitschaft auf den Kunden \u00fcber. Eine im Einzelfall vereinbarte \u00dcbernahme der Transportkosten durch GOLFYR hat keinen Einfluss auf den Gefahren\u00fcbergang.<\/p>\n<p>\u00a0<\/p>\n<h2>7. Gew\u00e4hrleistung<\/h2>\n<p>GOLFYR \u00fcbernimmt w\u00e4hrend 2 Jahren nach der Lieferung die Garantie f\u00fcr die M\u00e4ngelfreiheit und die Funktionsf\u00e4higkeit des bestellten Produktes, wenn nicht ausdr\u00fccklich schriftlich etwas anderes vereinbart wird.<\/p>\n<p>\u00a0<\/p>\n<p>Werden die Pflege- oder Nutzungsanweisungen nicht befolgt, \u00c4nderungen vorgenommen, Teile ausgewechselt oder Verbrauchsmaterialien verwendet, die nicht den Originalspezifikationen entsprechen, so entf\u00e4llt jede Gew\u00e4hrleistung\/Garantie, soweit der Mangel hierauf zur\u00fcckzuf\u00fchren ist. Dies gilt auch, soweit der Mangel auf unsachgem\u00e4sse Benutzung, Lagerung und Handhabung der Produkte, oder Fremdeingriffe sowie Manipulationen an Produkten zur\u00fcckzuf\u00fchren ist.<\/p>\n<p>\u00a0<\/p>\n<p>Die sch\u00fctzende Metalloberfl\u00e4che an der Schlag- und der R\u00fcckseite des Schl\u00e4gerkopfs ist mit einer speziellen Beschichtung versehen, die auch das Material aush\u00e4rtet. Beim Einsatz der Schl\u00e4ger im Bunker und\/oder auf sehr hartem Untergrund kann sich die Beschichtung im Laufe der Zeit abl\u00f6sen. Dies hat jedoch keinen Einfluss auf die Leistung des Schl\u00e4gers. Ein solcher Verschleiss kann auch auftreten, wenn sich Sand oder Schmutz auf der Schlagfl\u00e4che befindet, der vor dem Abschlag nicht entfernt wurde. Eine Haftung f\u00fcr die Abnutzung der Beschichtung ist ausgeschlossen.<\/p>\n<p>\u00a0<\/p>\n<p>Unwesentliche Abweichungen von zugesicherten Eigenschaften der Produkte l\u00f6sen keine Gew\u00e4hrleistungs- bzw. Garantierechte aus. Leichte Unregelm\u00e4ssigkeiten im Gewebemuster sowie sichtbare Gewebe-Schnittkanten sind ein Echtheitszeichen f\u00fcr die verwendeten Carbon-Gewebe. Eine Haftung f\u00fcr normale Abnutzung ist ausgeschlossen.<\/p>\n<p>\u00a0<\/p>\n<p>Tritt ein Gew\u00e4hrleistungs- bzw. Garantiefall ein, so besteht nach freiem Ermessen von GOLFYR ein Anspruch auf Reparatur oder Ersatz des mangelhaften Produktes.<\/p>\n<p>\u00a0<\/p>\n<p>Die Garantiedauer wird durch einen allf\u00e4lligen Gew\u00e4hrleistungs- bzw. Garantiefall nicht unterbrochen, sondern l\u00e4uft weiter.<\/p>\n<p>\u00a0<\/p>\n<p>Durch den Austausch von Teilen oder ganzen Produkten treten keine neuen Gew\u00e4hrleistungsfristen in Kraft.<\/p>\n<p>\u00a0<\/p>\n<p>Gew\u00e4hrleistungs- bzw. Garantieanspr\u00fcche gegen GOLFYR stehen nur dem unmittelbaren Kunden zu und sind nicht abtretbar.<\/p>\n<p>\u00a0<\/p>\n<p>Die gesetzliche Gew\u00e4hrleistung wird vollumf\u00e4nglich wegbedungen und durch die vorstehenden Bestimmungen ersetzt.<\/p>\n<p>\u00a0<\/p>\n<h2>8. R\u00fcckgaberecht<\/h2>\n<p>Kunden haben das Recht, die Produkte w\u00e4hrend 14 Tagen nach deren Zustellung zur\u00fcckzugeben. Das R\u00fcckgaberecht wird durch die R\u00fccksendung der Produkte auf Kosten des Kunden ausge\u00fcbt, wobei die Produkte unge\u00f6ffnet und ungebraucht bleiben m\u00fcssen. Der R\u00fccksendeauftrag muss \u00fcber das Kundenkonto im Online-Shop angemeldet werden, ein R\u00fccksendeetikett wird sodann von GOLFYR per E-Mail zugestellt.<\/p>\n<p>\u00a0<\/p>\n<p>Die Aus\u00fcbung des R\u00fcckgaberechts f\u00fchrt zur Umwandlung des Kaufvertrags in ein R\u00fcckabwicklungsverh\u00e4ltnis, wonach die im Rahmen des Kaufvertrags empfangenen Leistungen zur\u00fcckerstattet werden m\u00fcssen.<\/p>\n<p>\u00a0<\/p>\n<p>Nach Eingang der Produkte wird ein bereits bezahlter Kaufpreis dem Kunden auf sein Kundenkonto gutgeschrieben. Vorbehalten bleibt jedoch ein Abzug des zu erstattenden Kaufpreises bzw. eine Rechnungsstellung f\u00fcr m\u00f6gliche Besch\u00e4digungen, \u00fcberm\u00e4ssige Abnutzung der Produkte oder, sofern vereinbart, Versandkosten der Produkte. GOLFYR kann die Gutschrift verweigern, bis sie die Produkte wieder zur\u00fcckerhalten bzw. der Kunde den Nachweis erbracht hat, dass er die Produkte zur\u00fcckgeschickt hat, je nachdem, welches der fr\u00fchere Zeitpunkt ist.<\/p>\n<p>\u00a0<\/p>\n<p>F\u00fcr Retouren von fehlerhaften Produkten verlangt GOLFYR, dass das defekte Teil bzw. Ger\u00e4t mit ausgef\u00fclltem Reparaturformular sowie einer Kopie der Rechnung, mit der das Ger\u00e4t geliefert wurde, an die GOLFYR zur Reparatur eingeschickt oder angeliefert wird.<\/p>\n<p>\u00a0<\/p>\n<p>Der Kunde ist in jedem Fall daf\u00fcr verantwortlich, die zu retournierenden Produkte transportf\u00e4hig zu verpacken. Besch\u00e4digungen\/Untergang der Produkte aufgrund einer nicht sachgem\u00e4ssen Verpackung werden dem Kunden verrechnet. \u00dcbergibt der Kunde die Produkte einem Transportunternehmen, tr\u00e4gt der Kunde die Gefahr f\u00fcr deren sicheren Transport. Der Gefahren\u00fcbergang an GOLFYR geht erst mit dem Eintreffen der Produkte bei GOLFYR \u00fcber.<\/p>\n<p>\u00a0<\/p>\n<h2>9. Zahlungsbedingungen<\/h2>\n<p>Die Rechnungen sind je nach Vereinbarung bar oder innert 10 Tagen rein netto zahlbar. Die zur Auswahl stehenden Zahlungsarten werden im Online-Shop publiziert. GOLFYR beh\u00e4lt sich das Recht vor, im Bedarfsfall eine Bonit\u00e4tspr\u00fcfung gem\u00e4ss <a href=\"https:\/\/golfyr.com\/de\/datenschutz\/\">Datenschutzerkl\u00e4rung<\/a> von GOLFYR zu machen.<\/p>\n<p>\u00a0<\/p>\n<p>Eine Zahlung gilt erst dann als erfolgt, wenn GOLFYR \u00fcber den Betrag verf\u00fcgen kann.<\/p>\n<p>\u00a0<\/p>\n<p>Erfolgt die Zahlung nicht innerhalb der oben genannten Frist, ger\u00e4t der Kunde in Zahlungsverzug, wodurch GOLFYR berechtigt ist, von dem betreffenden Zeitpunkt an, Zinsen in H\u00f6he von 5 % p.a. zu berechnen. W\u00e4hrend der Dauer des Verzuges ist GOLFYR auch jederzeit berechtigt, vom Vertrag zur\u00fcckzutreten, die gelieferten Produkte zur\u00fcckzuverlangen und Schadenersatz auf das Dahinfallen des Vertrages zu fordern. Alle Forderungen werden sofort f\u00e4llig, wenn der Kunde in Zahlungsverzug ger\u00e4t, sonstige wesentliche Verpflichtungen aus dem Vertrag schuldhaft nicht einh\u00e4lt oder wenn GOLFYR Umst\u00e4nde bekannt werden, die geeignet sind, die Kreditw\u00fcrdigkeit des Kunden zu mindern, insbesondere Zahlungseinstellung oder Anh\u00e4ngigkeit eines Vergleichs- oder Konkursverfahrens. In diesen F\u00e4llen ist GOLFYR berechtigt, noch ausstehende Lieferungen zur\u00fcckzubehalten oder nur gegen Vorauszahlung oder Sicherheiten auszuf\u00fchren.<\/p>\n<p>\u00a0<\/p>\n<h2>10. Mahn- und Inkassogeb\u00fchren<\/h2>\n<p>Ger\u00e4t der Kunde in Zahlungsverzug, so mahnt GOLFYR den Kunden per E-Mail, schriftlich oder telefonisch. GOLFYR beh\u00e4lt sich vor, Mahngeb\u00fchren f\u00fcr die ausgestellten Mahnungen zu verrechnen. Bei erfolglosen Mahnungen kann GOLFYR die Forderung an eine mit dem Inkasso beauftragten Drittunternehmen abtreten. Das mit dem Inkasso beauftragte Unternehmen wird die offenen Betr\u00e4ge in eigenem Namen und auf eigene Rechnung geltend machen und kann zus\u00e4tzliche Bearbeitungsgeb\u00fchren erheben.<\/p>\n<p>\u00a0<\/p>\n<h2>11. Kredit- und Risikopr\u00fcfung<\/h2>\n<p>Der Entscheid, ob gegen Rechnung geliefert werden kann, beruht auf einer automatisierten Bearbeitung.<\/p>\n<p>\u00a0<\/p>\n<p>F\u00fcr den Entscheid, ob gegen Rechnung geliefert werden kann, wird eine Adress- und Kreditw\u00fcrdigkeitspr\u00fcfung durchgef\u00fchrt. Die f\u00fcr die Auftrags- und Zahlungsabwicklung relevanten personenbezogenen Informationen k\u00f6nnen dazu dem Schweizerischen Verband Creditreform Gen und auch an Partnerunternehmen \u00fcbermittelt werden. Hierzu gilt die <a href=\"https:\/\/www.creditreform.ch\/ihr-recht\/ihr-recht\" target=\"_blank\" rel=\"nofollow noopener\">Datenschutzerkl\u00e4rung<\/a> Creditreform (DSE).<\/p>\n<p>\u00a0<\/p>\n<h2>12. Haftungsbeschr\u00e4nkung<\/h2>\n<p>Schadensersatzanspr\u00fcche aus Unm\u00f6glichkeit der Leistung, aus Vertragsverletzung, aus Verschulden bei Vertragsschluss und aus unerlaubter Handlung, sind sowohl gegen GOLFYR, als auch gegen Hilfspersonen und Substituten ausgeschlossen, soweit nicht vors\u00e4tzliches oder grob fahrl\u00e4ssiges Handeln vorliegt. F\u00fcr Folgesch\u00e4den aus der Verwendung der Produkte wird jede Haftung abgelehnt.<\/p>\n<p>\u00a0<\/p>\n<h2>13. Datenschutz<\/h2>\n<p>GOLFYR verpflichtet sich bei der Bearbeitung der Kundendaten auf die Einhaltung der datenschutzrechtlichen Vorgaben. Weitere Informationen zum Umgang mit Kundendaten finden sich auf der gesonderten Datenschutzerkl\u00e4rung. Die Datenschutzerkl\u00e4rung ist integrierter Bestandteil der vorliegenden allgemeinen Gesch\u00e4ftsbedingungen. Mit der Akzeptanz der allgemeinen Gesch\u00e4ftsbedingungen stimmt der Kunde auch der Datenschutzerkl\u00e4rung zu.<\/p>\n<p>\u00a0<\/p>\n<h2>14. Gerichtsstand<\/h2>\n<p>Ausschliesslich Gerichtsstand f\u00fcr alle sich aus dem Vertragsverh\u00e4ltnis unmittelbar oder mittelbar ergebenden Streitigkeiten ist St. Gallen, Schweiz. Das Rechtsverh\u00e4ltnis untersteht dem schweizerischen Recht.<\/p>\n<p>\u00a0<\/p>\n<h2>15. Schlussbestimmungen<\/h2>\n<p>GOLFYR beh\u00e4lt sich das Recht vor, die allgemeinen Gesch\u00e4ftsbedingungen jederzeit zu \u00e4ndern.<\/p>\n<p>Sollte eine Bestimmung dieser allgemeinen Gesch\u00e4ftsbedingungen unwirksam sein, so hat dies keinen Einfluss auf die Wirksamkeit der \u00fcbrigen Bestimmungen sowie der allgemeinen Gesch\u00e4ftsbedingungen insgesamt. Anstelle der unwirksamen Bestimmung gelten die einschl\u00e4gigen gesetzlichen Bestimmungen.<\/p>\n\n\n      <\/div>\n    <\/div>\n  <\/div>\n<\/section>","protected":false},"excerpt":{"rendered":"","protected":false},"author":16,"featured_media":0,"parent":0,"menu_order":0,"comment_status":"closed","ping_status":"closed","template":"default-p1-1920-dark.php","meta":{"content-type":"","footnotes":""},"class_list":["post-2208","page","type-page","status-publish","hentry"],"acf":[],"_links":{"self":[{"href":"https:\/\/golfyr.com\/de\/wp-json\/wp\/v2\/pages\/2208","targetHints":{"allow":["GET"]}}],"collection":[{"href":"https:\/\/golfyr.com\/de\/wp-json\/wp\/v2\/pages"}],"about":[{"href":"https:\/\/golfyr.com\/de\/wp-json\/wp\/v2\/types\/page"}],"author":[{"embeddable":true,"href":"https:\/\/golfyr.com\/de\/wp-json\/wp\/v2\/users\/16"}],"replies":[{"embeddable":true,"href":"https:\/\/golfyr.com\/de\/wp-json\/wp\/v2\/comments?post=2208"}],"version-history":[{"count":3,"href":"https:\/\/golfyr.com\/de\/wp-json\/wp\/v2\/pages\/2208\/revisions"}],"predecessor-version":[{"id":5297,"href":"https:\/\/golfyr.com\/de\/wp-json\/wp\/v2\/pages\/2208\/revisions\/5297"}],"wp:attachment":[{"href":"https:\/\/golfyr.com\/de\/wp-json\/wp\/v2\/media?parent=2208"}],"curies":[{"name":"wp","href":"https:\/\/api.w.org\/{rel}","templated":true}]}}