{"id":2226,"date":"2023-01-24T14:15:41","date_gmt":"2023-01-24T13:15:41","guid":{"rendered":"https:\/\/golfyr.com\/?page_id=2226"},"modified":"2025-08-06T09:30:01","modified_gmt":"2025-08-06T07:30:01","slug":"impressum","status":"publish","type":"page","link":"https:\/\/golfyr.com\/de\/impressum\/","title":{"rendered":"Impressum"},"content":{"rendered":"<section class=\"content-col\" id=\"imprint\">\n  <div class=\"container\">\n    <div class=\"row\">\n      <div class=\"col-10 offset-1\">\n                \n\n<h1>Impressum und Disclaimer<\/h1>\n<h2>\u00a0<\/h2>\n<h2>Golfyr AG<\/h2>\n<p>Bahnhofstrasse 2<\/p>\n<p>9000 St. Gallen<\/p>\n<p>\u00a0<\/p>\n<h3>Kontaktdaten<\/h3>\n<p>+41 (0)71 222 31 31<\/p>\n<p>\u00a0<\/p>\n<h3>Gesch\u00e4ftsf\u00fchrer<\/h3>\n<p>Marcel Lendenmann<\/p>\n<p>\u00a0<\/p>\n<h3>Eingetragener Firmenname:<\/h3>\n<p>Golfyr AG<\/p>\n<p>\u00a0<\/p>\n<h3>Handelsregisteramt:<\/h3>\n<p>St. Gallen<\/p>\n<p>\u00a0<\/p>\n<h3>MWST-Nummer<\/h3>\n<p>CHE-457.142.007.<\/p>\n<p>\u00a0<\/p>\n<h3>Disclaimer<\/h3>\n<p>Der Verfasser \u00fcbernimmt keine Haftung f\u00fcr die Richtigkeit, Genauigkeit, Aktualit\u00e4t, Zuverl\u00e4ssigkeit und Vollst\u00e4ndigkeit der Informationen. Haftungsanspr\u00fcche gegen den Verfasser f\u00fcr Sch\u00e4den materieller oder immaterieller Art, die sich aus dem Zugriff auf die ver\u00f6ffentlichten Informationen, aus deren Nutzung oder Nichtnutzung, dem Missbrauch der Verbindung oder technischen St\u00f6rungen ergeben, sind ausgeschlossen. Alle Angebote sind unverbindlich. Der Verfasser beh\u00e4lt sich ausdr\u00fccklich das Recht vor, Teile der Seiten oder das gesamte Angebot ohne gesonderte Ank\u00fcndigung zu \u00e4ndern, zu erg\u00e4nzen oder zu l\u00f6schen oder die Ver\u00f6ffentlichung vor\u00fcbergehend oder dauerhaft zu unterbrechen.<\/p>\n<p>\u00a0<\/p>\n<h3>Datenschutzerkl\u00e4rung<\/h3>\n<p>Verweise und Links zu Websites Dritter liegen ausserhalb unseres Verantwortungsbereichs. F\u00fcr diese Websites wird jegliche Haftung ausgeschlossen. Der Zugriff auf diese Websites und deren Nutzung erfolgt auf eigenes Risiko der Nutzerinnen und Nutzer.<\/p>\n<p>\u00a0<\/p>\n<h3>Copyright-Informationen<\/h3>\n<p>Die Urheber- und alle anderen Rechte an Inhalten, Bildern, Fotos oder sonstigen Dateien der Website geh\u00f6ren ausschliesslich dem Unternehmen Golfyr AG oder den gesondert genannten Rechteinhabern. F\u00fcr die Reproduktion jeglicher Elemente muss vorab die schriftliche Einwilligung der Urheberrechtstr\u00e4ger eingeholt werden.<\/p>\n\n\n      <\/div>\n    <\/div>\n  <\/div>\n<\/section>","protected":false},"excerpt":{"rendered":"","protected":false},"author":16,"featured_media":0,"parent":0,"menu_order":0,"comment_status":"closed","ping_status":"closed","template":"default-p1-1920-dark.php","meta":{"content-type":"","footnotes":""},"class_list":["post-2226","page","type-page","status-publish","hentry"],"acf":[],"_links":{"self":[{"href":"https:\/\/golfyr.com\/de\/wp-json\/wp\/v2\/pages\/2226","targetHints":{"allow":["GET"]}}],"collection":[{"href":"https:\/\/golfyr.com\/de\/wp-json\/wp\/v2\/pages"}],"about":[{"href":"https:\/\/golfyr.com\/de\/wp-json\/wp\/v2\/types\/page"}],"author":[{"embeddable":true,"href":"https:\/\/golfyr.com\/de\/wp-json\/wp\/v2\/users\/16"}],"replies":[{"embeddable":true,"href":"https:\/\/golfyr.com\/de\/wp-json\/wp\/v2\/comments?post=2226"}],"version-history":[{"count":2,"href":"https:\/\/golfyr.com\/de\/wp-json\/wp\/v2\/pages\/2226\/revisions"}],"predecessor-version":[{"id":5293,"href":"https:\/\/golfyr.com\/de\/wp-json\/wp\/v2\/pages\/2226\/revisions\/5293"}],"wp:attachment":[{"href":"https:\/\/golfyr.com\/de\/wp-json\/wp\/v2\/media?parent=2226"}],"curies":[{"name":"wp","href":"https:\/\/api.w.org\/{rel}","templated":true}]}}