{"id":2787,"date":"2025-01-01T00:00:00","date_gmt":"2024-12-31T23:00:00","guid":{"rendered":"https:\/\/golfyr.com\/?page_id=2787"},"modified":"2026-01-15T09:23:26","modified_gmt":"2026-01-15T08:23:26","slug":"technologie","status":"publish","type":"page","link":"https:\/\/golfyr.com\/de\/technologie\/","title":{"rendered":"Technologie"},"content":{"rendered":"<section class=\"hero-video-home-p1 d-flex flex-column justify-content-end add-mrg-btm\">\n  <div class=\"background\">\n          <video poster=\"\" autoplay playsinline muted loop>\n        <!--<source src=\"myVideo.webm\" type=\"video\/webm\">-->\n        <source src=\"https:\/\/golfyr.com\/wp-content\/uploads\/2025\/04\/HeaderVideo_Golfyr-Website-Technology-Header-1920x1080_5MB.mp4\" type=\"video\/mp4\">\n      <\/video>\n          <\/div>\n  <div class=\"overlay-shadow\">\n    <img decoding=\"async\" src=\"https:\/\/golfyr.com\/wp-content\/themes\/golfyr\/includes\/img\/overlay-shadow.png\" alt=\"Overlay shadow\">\n  <\/div>\n    <div class=\"scroll-cta\">\n    <div class=\"cta\">Mehr entdecken<\/div>\n    <div class=\"chevron\">\n      <svg width=\"20\" height=\"26\" viewBox=\"0 0 20 26\" fill=\"none\" xmlns=\"http:\/\/www.w3.org\/2000\/svg\">\n        <path d=\"M1 9.5L9.99997 18.5L18.9999 9.5\" stroke=\"white\" stroke-width=\"2\"\/>\n      <\/svg>\n    <\/div>\n  <\/div>\n    <div class=\"container h-100 d-flex flex-column align-items-start\">\n    <div class=\"row w-100 flex-grow-1\">\n      <div class=\"col-12 d-flex flex-column justify-content-start\">\n        <!--<div class=\"logo d-flex flex-row justify-content-start justify-content-lg-center\"><img decoding=\"async\" src=\"https:\/\/golfyr.com\/wp-content\/themes\/golfyr\/includes\/img\/golfyr-logo-white.png\" alt=\"\"><\/div>-->\n      <\/div>\n    <\/div>\n              <div class=\"row w-100\">\n        <div class=\"col-12 col-md-10\">\n          <h1>\n                                    <span class=\"\">Technology<\/span>\n                                    <\/h1>\n        <\/div>\n      <\/div>\n              <\/div>\n<\/section>\n\n<section class=\"large-text-block top-lg bottom-lg\" id=\"\">\n  <div class=\"container\">\n        <div class=\"row\">\n      <div class=\"col-12 col-lg-12 \">\n        <div class=\"content\">\n          <p>Golfyr setzt neue Massst\u00e4be im Schl\u00e4gerdesign. Durch die einzigartige Carbonics Technologie, jahrzehntelange Expertise und pr\u00e4zise Fertigung entstehen Golfschl\u00e4ger, die Leichtigkeit, Stabilit\u00e4t und Performance auf ein neues Level heben. Erfahre mehr \u00fcber das Material, die Technologie dahinter und unsere Produktion.<\/p>        <\/div>\n              <\/div>\n    <\/div>\n  <\/div>\n<\/section>\n\n<section class=\"slider-cta-nav\" id=\"\">\n  <div class=\"container\">\n          <div class=\"row\">\n        <div class=\"col-12\">\n          <h2 class=\"title\"><p>Technologie<br \/>trifft Innovation<\/p><\/h2>\n        <\/div>\n      <\/div>\n      <div class=\"row\">\n        <div class=\"col-12\">\n          <div class=\"button-wrapper\">\n                                          <a href=\"#\" class=\"active\" data-slide-id=\"0\">Innovation<\/a>\n                                                                      <a href=\"#\" data-slide-id=\"1\">Material<\/a>\n                                                                      <a href=\"#\" data-slide-id=\"2\">Produktion<\/a>\n                                                  <\/div>\n        <\/div>\n      <\/div>\n      <\/div>\n  <div class=\"container-fluid\">\n    <div class=\"row\">\n      <div class=\"col-12 p-0\">\n        <div class=\"swiper simpleSliderCTANavContent\">\n          <div class=\"swiper-wrapper\">\n                                         <div class=\"swiper-slide activeslide\">\n                              <div class=\"background\">\n                  <img decoding=\"async\" width=\"1024\" height=\"656\" src=\"https:\/\/golfyr.com\/wp-content\/uploads\/2025\/04\/technology_slider_1_1920-1024x656.jpg\" class=\"img-fluid\" alt=\"\" srcset=\"https:\/\/golfyr.com\/wp-content\/uploads\/2025\/04\/technology_slider_1_1920-1024x656.jpg 1024w, https:\/\/golfyr.com\/wp-content\/uploads\/2025\/04\/technology_slider_1_1920-300x192.jpg 300w, https:\/\/golfyr.com\/wp-content\/uploads\/2025\/04\/technology_slider_1_1920-768x492.jpg 768w, https:\/\/golfyr.com\/wp-content\/uploads\/2025\/04\/technology_slider_1_1920-1536x984.jpg 1536w, https:\/\/golfyr.com\/wp-content\/uploads\/2025\/04\/technology_slider_1_1920-2048x1312.jpg 2048w, https:\/\/golfyr.com\/wp-content\/uploads\/2025\/04\/technology_slider_1_1920-600x384.jpg 600w\" sizes=\"(max-width: 1024px) 100vw, 1024px\">                <\/div>\n                <div class=\"content-wrapper\">\n                  <div class=\"title\">\n                    <p>Innovation<\/p>                  <\/div>\n                  <div class=\"content\">\n                    <p>Die in der Schweiz entwickelte Carbonics Technologie vereint aussergew\u00f6hnliche Leichtigkeit und Stabilit\u00e4t in einer innovativen Hohlk\u00f6rper-Konstruktion. Das Ergebnis: Ein hochleistungsf\u00e4higes Golfschl\u00e4gerset mit optimierter Performance und einzigartigem Spielgef\u00fchl.<\/p>                  <\/div>\n                                      <div class=\"cta-wrapper\">\n                      <a class=\"btn brn-dark\" href=\"https:\/\/golfyr.com\/de\/technology\/innovation\/\">\n                        Mehr erfahren                      <\/a>\n                    <\/div>\n                                    <\/div>\n              <\/div>\n                                                       <div class=\"swiper-slide\">\n                              <div class=\"background\">\n                  <img decoding=\"async\" width=\"1024\" height=\"656\" src=\"https:\/\/golfyr.com\/wp-content\/uploads\/2025\/04\/technology_slider_2_1920-1024x656.jpg\" class=\"img-fluid\" alt=\"\" srcset=\"https:\/\/golfyr.com\/wp-content\/uploads\/2025\/04\/technology_slider_2_1920-1024x656.jpg 1024w, https:\/\/golfyr.com\/wp-content\/uploads\/2025\/04\/technology_slider_2_1920-300x192.jpg 300w, https:\/\/golfyr.com\/wp-content\/uploads\/2025\/04\/technology_slider_2_1920-768x492.jpg 768w, https:\/\/golfyr.com\/wp-content\/uploads\/2025\/04\/technology_slider_2_1920-1536x984.jpg 1536w, https:\/\/golfyr.com\/wp-content\/uploads\/2025\/04\/technology_slider_2_1920-2048x1312.jpg 2048w, https:\/\/golfyr.com\/wp-content\/uploads\/2025\/04\/technology_slider_2_1920-600x384.jpg 600w\" sizes=\"(max-width: 1024px) 100vw, 1024px\">                <\/div>\n                <div class=\"content-wrapper\">\n                  <div class=\"title\">\n                    <p>Material<\/p>                  <\/div>\n                  <div class=\"content\">\n                    <p>Carbon vereint Leichtigkeit, Stabilit\u00e4t und Innovation \u2013 die perfekte Basis f\u00fcr Golfschl\u00e4ger mit maximaler Performance. Durch pr\u00e4zise Schweizer Entwicklung und modernste Technologie definiert Golfyr das Spielgef\u00fchl und die Schl\u00e4gerkonstruktion neu.<\/p>                  <\/div>\n                                      <div class=\"cta-wrapper\">\n                      <a class=\"btn brn-dark\" href=\"https:\/\/golfyr.com\/de\/technology\/material\/\">\n                        Mehr erfahren                      <\/a>\n                    <\/div>\n                                    <\/div>\n              <\/div>\n                                                        <div class=\"swiper-slide swiper-no-swiping\">\n                              <div class=\"background\">\n                  <img decoding=\"async\" width=\"1024\" height=\"653\" src=\"https:\/\/golfyr.com\/wp-content\/uploads\/2026\/01\/final-version-1024x653.png\" class=\"img-fluid\" alt=\"\" srcset=\"https:\/\/golfyr.com\/wp-content\/uploads\/2026\/01\/final-version-1024x653.png 1024w, https:\/\/golfyr.com\/wp-content\/uploads\/2026\/01\/final-version-300x191.png 300w, https:\/\/golfyr.com\/wp-content\/uploads\/2026\/01\/final-version-768x490.png 768w, https:\/\/golfyr.com\/wp-content\/uploads\/2026\/01\/final-version-1536x980.png 1536w, https:\/\/golfyr.com\/wp-content\/uploads\/2026\/01\/final-version-2048x1306.png 2048w, https:\/\/golfyr.com\/wp-content\/uploads\/2026\/01\/final-version-600x383.png 600w\" sizes=\"(max-width: 1024px) 100vw, 1024px\">                <\/div>\n                <div class=\"content-wrapper\">\n                  <div class=\"title\">\n                    <p>Produktion<\/p>                  <\/div>\n                  <div class=\"content\">\n                    <p>Bei Golfyr ist die Produktion mehr als nur Herstellung \u2013 sie steht f\u00fcr Innovation, Qualit\u00e4t und Pr\u00e4zision. In Zusammenarbeit mit Carbon-Experte Daniel H\u00fcsler und seinem Unternehmen adultimum setzen wir neue Massst\u00e4be im Schl\u00e4gerbau.<\/p>                  <\/div>\n                                      <div class=\"cta-wrapper\">\n                      <a class=\"btn brn-dark\" href=\"https:\/\/golfyr.com\/de\/technology\/produktion\/\">\n                        Mehr erfahren                      <\/a>\n                    <\/div>\n                                    <\/div>\n              <\/div>\n                                      <!--<div class=\"swiper-slide empty-slide swiper-no-swiping d-none d-lg-block\"><\/div>-->\n          <\/div>\n        <\/div>\n\n      <\/div>\n    <\/div>\n  <\/div>\n<\/section>\n\n\n","protected":false},"excerpt":{"rendered":"","protected":false},"author":16,"featured_media":2765,"parent":0,"menu_order":0,"comment_status":"closed","ping_status":"closed","template":"home-p1-1920.php","meta":{"content-type":"","footnotes":""},"class_list":["post-2787","page","type-page","status-publish","has-post-thumbnail","hentry"],"acf":[],"_links":{"self":[{"href":"https:\/\/golfyr.com\/de\/wp-json\/wp\/v2\/pages\/2787","targetHints":{"allow":["GET"]}}],"collection":[{"href":"https:\/\/golfyr.com\/de\/wp-json\/wp\/v2\/pages"}],"about":[{"href":"https:\/\/golfyr.com\/de\/wp-json\/wp\/v2\/types\/page"}],"author":[{"embeddable":true,"href":"https:\/\/golfyr.com\/de\/wp-json\/wp\/v2\/users\/16"}],"replies":[{"embeddable":true,"href":"https:\/\/golfyr.com\/de\/wp-json\/wp\/v2\/comments?post=2787"}],"version-history":[{"count":3,"href":"https:\/\/golfyr.com\/de\/wp-json\/wp\/v2\/pages\/2787\/revisions"}],"predecessor-version":[{"id":6163,"href":"https:\/\/golfyr.com\/de\/wp-json\/wp\/v2\/pages\/2787\/revisions\/6163"}],"wp:featuredmedia":[{"embeddable":true,"href":"https:\/\/golfyr.com\/de\/wp-json\/wp\/v2\/media\/2765"}],"wp:attachment":[{"href":"https:\/\/golfyr.com\/de\/wp-json\/wp\/v2\/media?parent=2787"}],"curies":[{"name":"wp","href":"https:\/\/api.w.org\/{rel}","templated":true}]}}