{"id":2855,"date":"2025-01-01T00:00:00","date_gmt":"2024-12-31T23:00:00","guid":{"rendered":"https:\/\/golfyr.com\/?page_id=2855"},"modified":"2025-05-22T17:20:31","modified_gmt":"2025-05-22T15:20:31","slug":"swissness","status":"publish","type":"page","link":"https:\/\/golfyr.com\/de\/swissness\/","title":{"rendered":"Swissness"},"content":{"rendered":"<section class=\"hero-video-home-p1 d-flex flex-column justify-content-end add-mrg-btm\">\n  <div class=\"background\">\n                  <div class=\"image-wrapper d-md-none\">\n          <img decoding=\"async\" width=\"498\" height=\"1024\" src=\"https:\/\/golfyr.com\/wp-content\/uploads\/2025\/02\/swissmade_430-scaled-1-498x1024.jpg\" class=\"img-fluid\" alt=\"Der Maker Kopf wird mit einem Laser bearbeitet und von einem blauen Handschuh gehalten.\" srcset=\"https:\/\/golfyr.com\/wp-content\/uploads\/2025\/02\/swissmade_430-scaled-1-498x1024.jpg 498w, https:\/\/golfyr.com\/wp-content\/uploads\/2025\/02\/swissmade_430-scaled-1-146x300.jpg 146w, https:\/\/golfyr.com\/wp-content\/uploads\/2025\/02\/swissmade_430-scaled-1-768x1580.jpg 768w, https:\/\/golfyr.com\/wp-content\/uploads\/2025\/02\/swissmade_430-scaled-1-746x1536.jpg 746w, https:\/\/golfyr.com\/wp-content\/uploads\/2025\/02\/swissmade_430-scaled-1-995x2048.jpg 995w, https:\/\/golfyr.com\/wp-content\/uploads\/2025\/02\/swissmade_430-scaled-1-600x1235.jpg 600w, https:\/\/golfyr.com\/wp-content\/uploads\/2025\/02\/swissmade_430-scaled-1.jpg 1244w\" sizes=\"(max-width: 498px) 100vw, 498px\" \/>        <\/div>\n                              <div class=\"image-wrapper d-none d-md-block d-xl-none\">\n                    <img decoding=\"async\" width=\"768\" height=\"1024\" src=\"https:\/\/golfyr.com\/wp-content\/uploads\/2025\/02\/swissmade_768-scaled-1-768x1024.jpg\" class=\"img-fluid\" alt=\"Der Maker Kopf wird mit einem Laser bearbeitet und von einem blauen Handschuh gehalten.\" srcset=\"https:\/\/golfyr.com\/wp-content\/uploads\/2025\/02\/swissmade_768-scaled-1-768x1024.jpg 768w, https:\/\/golfyr.com\/wp-content\/uploads\/2025\/02\/swissmade_768-scaled-1-225x300.jpg 225w, https:\/\/golfyr.com\/wp-content\/uploads\/2025\/02\/swissmade_768-scaled-1-1152x1536.jpg 1152w, https:\/\/golfyr.com\/wp-content\/uploads\/2025\/02\/swissmade_768-scaled-1-1536x2048.jpg 1536w, https:\/\/golfyr.com\/wp-content\/uploads\/2025\/02\/swissmade_768-scaled-1-600x800.jpg 600w, https:\/\/golfyr.com\/wp-content\/uploads\/2025\/02\/swissmade_768-scaled-1.jpg 1920w\" sizes=\"(max-width: 768px) 100vw, 768px\" \/>          <\/div>\n                              <div class=\"image-wrapper x-center y-center d-none d-md-block\">\n                    <img decoding=\"async\" width=\"1024\" height=\"427\" src=\"https:\/\/golfyr.com\/wp-content\/uploads\/2025\/02\/swissmade_1920-2048x853-1-1024x427.jpg\" class=\"img-fluid\" alt=\"Der Maker Kopf wird mit einem Laser bearbeitet und von einem blauen Handschuh gehalten.\" srcset=\"https:\/\/golfyr.com\/wp-content\/uploads\/2025\/02\/swissmade_1920-2048x853-1-1024x427.jpg 1024w, https:\/\/golfyr.com\/wp-content\/uploads\/2025\/02\/swissmade_1920-2048x853-1-300x125.jpg 300w, https:\/\/golfyr.com\/wp-content\/uploads\/2025\/02\/swissmade_1920-2048x853-1-768x320.jpg 768w, https:\/\/golfyr.com\/wp-content\/uploads\/2025\/02\/swissmade_1920-2048x853-1-1536x640.jpg 1536w, https:\/\/golfyr.com\/wp-content\/uploads\/2025\/02\/swissmade_1920-2048x853-1-600x250.jpg 600w, https:\/\/golfyr.com\/wp-content\/uploads\/2025\/02\/swissmade_1920-2048x853-1.jpg 2048w\" sizes=\"(max-width: 1024px) 100vw, 1024px\" \/>          <\/div>\n                <\/div>\n  <div class=\"overlay-shadow\">\n    <img decoding=\"async\" src=\"https:\/\/golfyr.com\/wp-content\/themes\/golfyr\/includes\/img\/overlay-shadow.png\" alt=\"Overlay shadow\">\n  <\/div>\n    <div class=\"scroll-cta\">\n    <div class=\"cta\">Mehr entdecken<\/div>\n    <div class=\"chevron\">\n      <svg width=\"20\" height=\"26\" viewBox=\"0 0 20 26\" fill=\"none\" xmlns=\"http:\/\/www.w3.org\/2000\/svg\">\n        <path d=\"M1 9.5L9.99997 18.5L18.9999 9.5\" stroke=\"white\" stroke-width=\"2\"\/>\n      <\/svg>\n    <\/div>\n  <\/div>\n        <div class=\"logo-wrapper\">\n        <img decoding=\"async\" width=\"296\" height=\"132\" src=\"https:\/\/golfyr.com\/wp-content\/uploads\/2025\/02\/swiss-made-right.png\" class=\"img-fluid\" alt=\"Swiss Made Logo\" \/>      <\/div>\n      <div class=\"container h-100 d-flex flex-column align-items-start\">\n    <div class=\"row w-100 flex-grow-1\">\n      <div class=\"col-12 d-flex flex-column justify-content-start\">\n        <!--<div class=\"logo d-flex flex-row justify-content-start justify-content-lg-center\"><img decoding=\"async\" src=\"https:\/\/golfyr.com\/wp-content\/themes\/golfyr\/includes\/img\/golfyr-logo-white.png\" alt=\"\"><\/div>-->\n      <\/div>\n    <\/div>\n              <div class=\"row w-100\">\n        <div class=\"col-12 col-md-10\">\n          <h1>\n                                    <span class=\"\">Feel the<br>Swissness<\/span>\n                                    <\/h1>\n        <\/div>\n      <\/div>\n              <\/div>\n<\/section>\n\n<section class=\"large-text-block top-md bottom-md\" id=\"\">\n  <div class=\"container\">\n        <div class=\"row\">\n      <div class=\"col-12 col-lg-12 \">\n        <div class=\"content\">\n          <p>Swissness steht f\u00fcr mehr als nur ein Label \u2013 es ist ein Versprechen. F\u00fcr uns bedeutet Swissness Pr\u00e4zision, Innovation und Verl\u00e4sslichkeit, eingebettet in die Werte und Traditionen der Schweiz. Es ist der Kern unserer Philosophie und treibt uns an, Produkte zu entwickeln, die h\u00f6chste Qualit\u00e4t und echte Schweizer Handwerkskunst verk\u00f6rpern.<\/p>        <\/div>\n              <\/div>\n    <\/div>\n  <\/div>\n<\/section>\n\n<section class=\"responsive-image-content full-width\" id=\"\">\n      <div class=\"background\">\n      <div class=\"container-fluid h-100\">\n        <div class=\"row p-0 h-100\">\n          <div class=\"col-12 p-0 h-100\">\n                          <div class=\"image-wrapper x-center y-center d-md-none\">\n                <img decoding=\"async\" width=\"498\" height=\"1024\" src=\"https:\/\/golfyr.com\/wp-content\/uploads\/2025\/02\/2_swissness_430-scaled-1-498x1024.jpg\" class=\"img-fluid\" alt=\"The Maker head from the side with the SWISS MADE logo.\" srcset=\"https:\/\/golfyr.com\/wp-content\/uploads\/2025\/02\/2_swissness_430-scaled-1-498x1024.jpg 498w, https:\/\/golfyr.com\/wp-content\/uploads\/2025\/02\/2_swissness_430-scaled-1-146x300.jpg 146w, https:\/\/golfyr.com\/wp-content\/uploads\/2025\/02\/2_swissness_430-scaled-1-768x1579.jpg 768w, https:\/\/golfyr.com\/wp-content\/uploads\/2025\/02\/2_swissness_430-scaled-1-747x1536.jpg 747w, https:\/\/golfyr.com\/wp-content\/uploads\/2025\/02\/2_swissness_430-scaled-1-996x2048.jpg 996w, https:\/\/golfyr.com\/wp-content\/uploads\/2025\/02\/2_swissness_430-scaled-1-600x1234.jpg 600w, https:\/\/golfyr.com\/wp-content\/uploads\/2025\/02\/2_swissness_430-scaled-1.jpg 1245w\" sizes=\"(max-width: 498px) 100vw, 498px\" \/>              <\/div>\n                                                      <div class=\"image-wrapper x-center y-center d-none d-md-block d-lg-none\">\n                                <img decoding=\"async\" width=\"768\" height=\"1024\" src=\"https:\/\/golfyr.com\/wp-content\/uploads\/2025\/02\/2_Swissmade_768-scaled-1-768x1024.jpg\" class=\"img-fluid\" alt=\"Der Maker Kopf von der Seite mit dem SWISS MADE Logo.\" srcset=\"https:\/\/golfyr.com\/wp-content\/uploads\/2025\/02\/2_Swissmade_768-scaled-1-768x1024.jpg 768w, https:\/\/golfyr.com\/wp-content\/uploads\/2025\/02\/2_Swissmade_768-scaled-1-225x300.jpg 225w, https:\/\/golfyr.com\/wp-content\/uploads\/2025\/02\/2_Swissmade_768-scaled-1-1152x1536.jpg 1152w, https:\/\/golfyr.com\/wp-content\/uploads\/2025\/02\/2_Swissmade_768-scaled-1-1536x2048.jpg 1536w, https:\/\/golfyr.com\/wp-content\/uploads\/2025\/02\/2_Swissmade_768-scaled-1-600x800.jpg 600w, https:\/\/golfyr.com\/wp-content\/uploads\/2025\/02\/2_Swissmade_768-scaled-1.jpg 1920w\" sizes=\"(max-width: 768px) 100vw, 768px\" \/>                <\/div>\n                                                                        <div class=\"image-wrapper x-center y-center d-none d-lg-block\">\n                                <div class=\"image-wrapper x-center y-center\">\n                                <img decoding=\"async\" width=\"2560\" height=\"1067\" src=\"https:\/\/golfyr.com\/wp-content\/uploads\/2025\/02\/2_swissmade_1920-scaled-1.jpg\" class=\"img-fluid\" alt=\"Der Maker Kopf von der Seite mit dem SWISS MADE Logo.\" srcset=\"https:\/\/golfyr.com\/wp-content\/uploads\/2025\/02\/2_swissmade_1920-scaled-1.jpg 2560w, https:\/\/golfyr.com\/wp-content\/uploads\/2025\/02\/2_swissmade_1920-scaled-1-300x125.jpg 300w, https:\/\/golfyr.com\/wp-content\/uploads\/2025\/02\/2_swissmade_1920-scaled-1-1024x427.jpg 1024w, https:\/\/golfyr.com\/wp-content\/uploads\/2025\/02\/2_swissmade_1920-scaled-1-768x320.jpg 768w, https:\/\/golfyr.com\/wp-content\/uploads\/2025\/02\/2_swissmade_1920-scaled-1-1536x640.jpg 1536w, https:\/\/golfyr.com\/wp-content\/uploads\/2025\/02\/2_swissmade_1920-scaled-1-2048x854.jpg 2048w, https:\/\/golfyr.com\/wp-content\/uploads\/2025\/02\/2_swissmade_1920-scaled-1-600x250.jpg 600w\" sizes=\"(max-width: 2560px) 100vw, 2560px\" \/>                <\/div>\n                      <\/div>\n        <\/div>\n      <\/div>\n    <\/div>\n    <\/div>\n  <div class=\"content-wrapper\">\n    <div class=\"container h-100\">\n      <div class=\"row h-100\">\n                  <div class=\"col-12 col-md-8 col-lg-6 offset-lg-6 d-flex flex-column justify-content-end h-100\">\n                  <div class=\"content d-flex flex-column\">\n                          <div class=\"head\"><p>Qualit\u00e4t, die den Unterschied macht<\/p><\/div>\n                                      <div class=\"additional-content\"><p>Unsere Golfschl\u00e4ger stehen f\u00fcr herausragende Schweizer Pr\u00e4zision und unvergleichliche Performance. Jedes Detail wird mit h\u00f6chster Sorgfalt gefertigt, um maximale Kontrolle, Balance und Langlebigkeit bei jedem Schlag zu bieten. SWISS MADE ist unser Versprechen f\u00fcr Qualit\u00e4t, die man sp\u00fcrt.<\/p><\/div>\n                                                      <div class=\"cta has-mrgn-tp\">\n                              <a class=\"btn btn-light\" href=\"https:\/\/golfyr.com\/de\/shop\/\/#themaker\">Jetzt entdecken<\/a>\n              <\/div>\n                      <\/div>\n        <\/div>\n      <\/div>\n    <\/div>\n  <\/div>\n<\/section>\n\n<section class=\"large-text-block top-md bottom-md\" id=\"\">\n  <div class=\"container\">\n        <div class=\"row\">\n      <div class=\"col-12 col-lg-12 \">\n        <div class=\"content\">\n          <p>In unserer Produktionsst\u00e4tte in St. Gallen vereinen wir modernste Robotik-Technologie mit \u00fcber 100 Jahren Erfahrung unserer regionalen Partner. Von der sorgf\u00e4ltigen Materialauswahl bis zur Endmontage setzen wir auf h\u00f6chste Standards, um Produkte zu schaffen, die Innovation und Tradition perfekt verbinden. Diese Zusammenarbeit und unser Fokus auf Qualit\u00e4t garantieren Golfschl\u00e4ger, die weltweit Massst\u00e4be setzen und Golfern ein unvergleichliches Spielerlebnis bieten.<\/p>        <\/div>\n              <\/div>\n    <\/div>\n  <\/div>\n<\/section>\n\n<section class=\"simple-slider_four-cols\" id=\"\">\n  <div class=\"container-fluid\">\n    <div class=\"row\">\n      <div class=\"col-12 p-0\">\n        <!-- Slider main container -->\n        <div class=\"swiper simpleSlider4Cols\">\n          <!-- Additional required wrapper -->\n          <div class=\"swiper-wrapper\">\n            <!-- Slides -->\n                          <div class=\"swiper-slide\">\n                <div class=\"image-wrapper\">\n                    <img decoding=\"async\" width=\"815\" height=\"1024\" src=\"https:\/\/golfyr.com\/wp-content\/uploads\/2025\/02\/slider_1_430-815x1024.jpg\" class=\"attachment-large size-large\" alt=\"Der Maker Kopf wird mit einem Laser bearbeitet und von einem blauen Handschuh gehalten.\" srcset=\"https:\/\/golfyr.com\/wp-content\/uploads\/2025\/02\/slider_1_430-815x1024.jpg 815w, https:\/\/golfyr.com\/wp-content\/uploads\/2025\/02\/slider_1_430-239x300.jpg 239w, https:\/\/golfyr.com\/wp-content\/uploads\/2025\/02\/slider_1_430-768x965.jpg 768w, https:\/\/golfyr.com\/wp-content\/uploads\/2025\/02\/slider_1_430-600x754.jpg 600w, https:\/\/golfyr.com\/wp-content\/uploads\/2025\/02\/slider_1_430.jpg 1111w\" sizes=\"(max-width: 815px) 100vw, 815px\" \/>                <\/div>\n              <\/div>\n                          <div class=\"swiper-slide\">\n                <div class=\"image-wrapper\">\n                    <img decoding=\"async\" width=\"815\" height=\"1024\" src=\"https:\/\/golfyr.com\/wp-content\/uploads\/2025\/02\/slider_2_430-815x1024.jpg\" class=\"attachment-large size-large\" alt=\"Ein Mann setzt die Maker Schl\u00e4ger in der Produktion ein eine Vorrichtung.\" srcset=\"https:\/\/golfyr.com\/wp-content\/uploads\/2025\/02\/slider_2_430-815x1024.jpg 815w, https:\/\/golfyr.com\/wp-content\/uploads\/2025\/02\/slider_2_430-239x300.jpg 239w, https:\/\/golfyr.com\/wp-content\/uploads\/2025\/02\/slider_2_430-768x965.jpg 768w, https:\/\/golfyr.com\/wp-content\/uploads\/2025\/02\/slider_2_430-600x754.jpg 600w, https:\/\/golfyr.com\/wp-content\/uploads\/2025\/02\/slider_2_430.jpg 1111w\" sizes=\"(max-width: 815px) 100vw, 815px\" \/>                <\/div>\n              <\/div>\n                          <div class=\"swiper-slide\">\n                <div class=\"image-wrapper\">\n                    <img decoding=\"async\" width=\"815\" height=\"1024\" src=\"https:\/\/golfyr.com\/wp-content\/uploads\/2025\/05\/swissness-slide-3.jpg\" class=\"attachment-large size-large\" alt=\"\" srcset=\"https:\/\/golfyr.com\/wp-content\/uploads\/2025\/05\/swissness-slide-3.jpg 815w, https:\/\/golfyr.com\/wp-content\/uploads\/2025\/05\/swissness-slide-3-239x300.jpg 239w, https:\/\/golfyr.com\/wp-content\/uploads\/2025\/05\/swissness-slide-3-768x965.jpg 768w, https:\/\/golfyr.com\/wp-content\/uploads\/2025\/05\/swissness-slide-3-600x754.jpg 600w\" sizes=\"(max-width: 815px) 100vw, 815px\">                <\/div>\n              <\/div>\n                          <div class=\"swiper-slide\">\n                <div class=\"image-wrapper\">\n                    <img decoding=\"async\" width=\"815\" height=\"1024\" src=\"https:\/\/golfyr.com\/wp-content\/uploads\/2025\/05\/swissness-slide-4.jpg\" class=\"attachment-large size-large\" alt=\"\" srcset=\"https:\/\/golfyr.com\/wp-content\/uploads\/2025\/05\/swissness-slide-4.jpg 815w, https:\/\/golfyr.com\/wp-content\/uploads\/2025\/05\/swissness-slide-4-239x300.jpg 239w, https:\/\/golfyr.com\/wp-content\/uploads\/2025\/05\/swissness-slide-4-768x965.jpg 768w, https:\/\/golfyr.com\/wp-content\/uploads\/2025\/05\/swissness-slide-4-600x754.jpg 600w\" sizes=\"(max-width: 815px) 100vw, 815px\">                <\/div>\n              <\/div>\n                      <\/div>\n        <\/div>\n      <\/div>\n    <\/div>\n  <\/div>\n<\/section>","protected":false},"excerpt":{"rendered":"","protected":false},"author":16,"featured_media":2856,"parent":0,"menu_order":0,"comment_status":"closed","ping_status":"closed","template":"home-p1-1920.php","meta":{"content-type":"","footnotes":""},"class_list":["post-2855","page","type-page","status-publish","has-post-thumbnail","hentry"],"acf":[],"_links":{"self":[{"href":"https:\/\/golfyr.com\/de\/wp-json\/wp\/v2\/pages\/2855","targetHints":{"allow":["GET"]}}],"collection":[{"href":"https:\/\/golfyr.com\/de\/wp-json\/wp\/v2\/pages"}],"about":[{"href":"https:\/\/golfyr.com\/de\/wp-json\/wp\/v2\/types\/page"}],"author":[{"embeddable":true,"href":"https:\/\/golfyr.com\/de\/wp-json\/wp\/v2\/users\/16"}],"replies":[{"embeddable":true,"href":"https:\/\/golfyr.com\/de\/wp-json\/wp\/v2\/comments?post=2855"}],"version-history":[{"count":3,"href":"https:\/\/golfyr.com\/de\/wp-json\/wp\/v2\/pages\/2855\/revisions"}],"predecessor-version":[{"id":4677,"href":"https:\/\/golfyr.com\/de\/wp-json\/wp\/v2\/pages\/2855\/revisions\/4677"}],"wp:featuredmedia":[{"embeddable":true,"href":"https:\/\/golfyr.com\/de\/wp-json\/wp\/v2\/media\/2856"}],"wp:attachment":[{"href":"https:\/\/golfyr.com\/de\/wp-json\/wp\/v2\/media?parent=2855"}],"curies":[{"name":"wp","href":"https:\/\/api.w.org\/{rel}","templated":true}]}}