{"id":3309,"date":"2025-01-01T00:00:00","date_gmt":"2024-12-31T23:00:00","guid":{"rendered":"https:\/\/golfyr.com\/?page_id=3309"},"modified":"2025-04-11T15:37:46","modified_gmt":"2025-04-11T13:37:46","slug":"roger-stadler","status":"publish","type":"page","link":"https:\/\/golfyr.com\/de\/ueber-uns\/roger-stadler\/","title":{"rendered":"Roger Stadler"},"content":{"rendered":"<section class=\"hero-video-home-p1 d-flex flex-column justify-content-end\">\n  <div class=\"background\">\n                  <div class=\"image-wrapper d-md-none\">\n          <img decoding=\"async\" width=\"498\" height=\"1024\" src=\"https:\/\/golfyr.com\/wp-content\/uploads\/2025\/02\/roger-stadler-header-430-scaled-1-498x1024.jpg\" class=\"img-fluid\" alt=\"Roger Stadler h\u00e4lt The Maker in seinem Office, mit der Stadt St.\u00a0Gallen im Hintergrund.\" srcset=\"https:\/\/golfyr.com\/wp-content\/uploads\/2025\/02\/roger-stadler-header-430-scaled-1-498x1024.jpg 498w, https:\/\/golfyr.com\/wp-content\/uploads\/2025\/02\/roger-stadler-header-430-scaled-1-146x300.jpg 146w, https:\/\/golfyr.com\/wp-content\/uploads\/2025\/02\/roger-stadler-header-430-scaled-1-768x1579.jpg 768w, https:\/\/golfyr.com\/wp-content\/uploads\/2025\/02\/roger-stadler-header-430-scaled-1-747x1536.jpg 747w, https:\/\/golfyr.com\/wp-content\/uploads\/2025\/02\/roger-stadler-header-430-scaled-1-996x2048.jpg 996w, https:\/\/golfyr.com\/wp-content\/uploads\/2025\/02\/roger-stadler-header-430-scaled-1-600x1234.jpg 600w, https:\/\/golfyr.com\/wp-content\/uploads\/2025\/02\/roger-stadler-header-430-scaled-1.jpg 1245w\" sizes=\"(max-width: 498px) 100vw, 498px\" \/>        <\/div>\n                              <div class=\"image-wrapper d-none d-md-block d-xl-none\">\n                    <img decoding=\"async\" width=\"769\" height=\"1024\" src=\"https:\/\/golfyr.com\/wp-content\/uploads\/2025\/02\/roger-stadler-header-768-scaled-1-769x1024.jpg\" class=\"img-fluid\" alt=\"Roger Stadler h\u00e4lt The Maker in seinem Office, mit der Stadt St.\u00a0Gallen im Hintergrund.\" srcset=\"https:\/\/golfyr.com\/wp-content\/uploads\/2025\/02\/roger-stadler-header-768-scaled-1-769x1024.jpg 769w, https:\/\/golfyr.com\/wp-content\/uploads\/2025\/02\/roger-stadler-header-768-scaled-1-225x300.jpg 225w, https:\/\/golfyr.com\/wp-content\/uploads\/2025\/02\/roger-stadler-header-768-scaled-1-768x1023.jpg 768w, https:\/\/golfyr.com\/wp-content\/uploads\/2025\/02\/roger-stadler-header-768-scaled-1-1153x1536.jpg 1153w, https:\/\/golfyr.com\/wp-content\/uploads\/2025\/02\/roger-stadler-header-768-scaled-1-1538x2048.jpg 1538w, https:\/\/golfyr.com\/wp-content\/uploads\/2025\/02\/roger-stadler-header-768-scaled-1-600x799.jpg 600w, https:\/\/golfyr.com\/wp-content\/uploads\/2025\/02\/roger-stadler-header-768-scaled-1.jpg 1922w\" sizes=\"(max-width: 769px) 100vw, 769px\" \/>          <\/div>\n                              <div class=\"image-wrapper x-center y-center d-none d-md-block\">\n                    <img decoding=\"async\" width=\"1024\" height=\"576\" src=\"https:\/\/golfyr.com\/wp-content\/uploads\/2025\/02\/header-1920-min-1-scaled-1-1024x576.jpg\" class=\"img-fluid\" alt=\"Roger Stadler h\u00e4lt The Maker in seinem Office, mit der Stadt St.\u00a0Gallen im Hintergrund.\" srcset=\"https:\/\/golfyr.com\/wp-content\/uploads\/2025\/02\/header-1920-min-1-scaled-1-1024x576.jpg 1024w, https:\/\/golfyr.com\/wp-content\/uploads\/2025\/02\/header-1920-min-1-scaled-1-300x169.jpg 300w, https:\/\/golfyr.com\/wp-content\/uploads\/2025\/02\/header-1920-min-1-scaled-1-768x432.jpg 768w, https:\/\/golfyr.com\/wp-content\/uploads\/2025\/02\/header-1920-min-1-scaled-1-1536x864.jpg 1536w, https:\/\/golfyr.com\/wp-content\/uploads\/2025\/02\/header-1920-min-1-scaled-1-2048x1152.jpg 2048w, https:\/\/golfyr.com\/wp-content\/uploads\/2025\/02\/header-1920-min-1-scaled-1-600x338.jpg 600w\" sizes=\"(max-width: 1024px) 100vw, 1024px\" \/>          <\/div>\n                <\/div>\n  <div class=\"overlay-shadow\">\n    <img decoding=\"async\" src=\"https:\/\/golfyr.com\/wp-content\/themes\/golfyr\/includes\/img\/overlay-shadow.png\" alt=\"Overlay shadow\">\n  <\/div>\n    <div class=\"scroll-cta\">\n    <div class=\"cta\">Mehr entdecken<\/div>\n    <div class=\"chevron\">\n      <svg width=\"20\" height=\"26\" viewBox=\"0 0 20 26\" fill=\"none\" xmlns=\"http:\/\/www.w3.org\/2000\/svg\">\n        <path d=\"M1 9.5L9.99997 18.5L18.9999 9.5\" stroke=\"white\" stroke-width=\"2\"\/>\n      <\/svg>\n    <\/div>\n  <\/div>\n    <div class=\"container h-100 d-flex flex-column align-items-start\">\n    <div class=\"row w-100 flex-grow-1\">\n      <div class=\"col-12 d-flex flex-column justify-content-start\">\n        <!--<div class=\"logo d-flex flex-row justify-content-start justify-content-lg-center\"><img decoding=\"async\" src=\"https:\/\/golfyr.com\/wp-content\/themes\/golfyr\/includes\/img\/golfyr-logo-white.png\" alt=\"\"><\/div>-->\n      <\/div>\n    <\/div>\n          <div class=\"row w-100\">\n        <div class=\"col-12 col-md-10\">\n          <div class=\"pre-headline\">Roger Stadler<\/div>\n        <\/div>\n      <\/div>\n              <div class=\"row w-100\">\n        <div class=\"col-12 col-md-10\">\n          <h1>\n                                    <span class=\"\">Founder \/<br>Chief Ideas Officer<\/span>\n                                    <\/h1>\n        <\/div>\n      <\/div>\n                  <div class=\"row w-100\">\n        <div class=\"col-12\">\n          <div class=\"cta-wrapper d-flex\">\n                                        <div class=\"cta\">\n                <a class=\"btn btn-light\" href=\"#roger-interview\">Lerne Roger kennen<\/a>\n              <\/div>\n                      <\/div>\n        <\/div>\n      <\/div>\n      <\/div>\n<\/section>\n\n<section class=\"large-text-block top-md bottom-md\" id=\"\">\n  <div class=\"container\">\n        <div class=\"row\">\n      <div class=\"col-12 col-lg-12 \">\n        <div class=\"content\">\n          <p>Gr\u00fcnder, Erfinder und Vision\u00e4r \u2013 mit Carbon in der DNA und Golf im Herzen. In Kalifornien zu Hause, l\u00e4sst sich Roger von seiner Umgebung inspirieren, um die Essenz des Sports neu zu definieren und ihn aus seinen traditionellen Mustern zu l\u00f6sen. Seine Vision entspringt dem Wunsch, Golf neu zu denken \u2013 authentisch, inspirierend und innovativ.<\/p>        <\/div>\n              <\/div>\n    <\/div>\n  <\/div>\n<\/section>\n\n<div class=\"lazyblock-vimeo-embed-Z1Keoof wp-block-lazyblock-vimeo-embed\" id=\"roger-interview\"><section class=\"vimeo-embed\" id=\"roger-interview\" style=\"position:relative;\">\n  <div class=\"container\">\n    <div class=\"row\">\n      <div class=\"col-12\">\n        <div class=\"lazyblock-inner-blocks\">\n\n<figure class=\"wp-block-embed is-type-video is-provider-vimeo wp-block-embed-vimeo wp-embed-aspect-16-9 wp-has-aspect-ratio\"><div class=\"wp-block-embed__wrapper\">\n<iframe src=\"https:\/\/player.vimeo.com\/video\/1073945244?dnt=1&amp;app_id=122963\" width=\"500\" height=\"281\" frameborder=\"0\" allow=\"autoplay; fullscreen; picture-in-picture; clipboard-write; encrypted-media; web-share\" referrerpolicy=\"strict-origin-when-cross-origin\"><\/iframe>\n<\/div><\/figure>\n\n<\/div>\n      <\/div>\n    <\/div>\n  <\/div>\n<\/section><\/div>\n\n<section class=\"content-spacer height-md\" id=\"\">\n  \n<\/section>\n\n\n<section class=\"double-image show-margins show-both-images\" id=\"\">\n      <div class=\"background \">\n              <div class=\"container h-100\">\n          <div class=\"row h-100 p-0\">\n            <div class=\"col-6 h-100 p-0\">\n                                  <div class=\"image-wrapper image-wrapper-left\">\n                    <img decoding=\"async\" width=\"1736\" height=\"2080\" src=\"https:\/\/golfyr.com\/wp-content\/uploads\/2025\/02\/1st_Gallery_stadler_1920.jpg\" class=\"img-fluid\" alt=\"\" srcset=\"https:\/\/golfyr.com\/wp-content\/uploads\/2025\/02\/1st_Gallery_stadler_1920.jpg 1736w, https:\/\/golfyr.com\/wp-content\/uploads\/2025\/02\/1st_Gallery_stadler_1920-250x300.jpg 250w, https:\/\/golfyr.com\/wp-content\/uploads\/2025\/02\/1st_Gallery_stadler_1920-855x1024.jpg 855w, https:\/\/golfyr.com\/wp-content\/uploads\/2025\/02\/1st_Gallery_stadler_1920-768x920.jpg 768w, https:\/\/golfyr.com\/wp-content\/uploads\/2025\/02\/1st_Gallery_stadler_1920-1282x1536.jpg 1282w, https:\/\/golfyr.com\/wp-content\/uploads\/2025\/02\/1st_Gallery_stadler_1920-1709x2048.jpg 1709w, https:\/\/golfyr.com\/wp-content\/uploads\/2025\/02\/1st_Gallery_stadler_1920-600x719.jpg 600w\" sizes=\"(max-width: 1736px) 100vw, 1736px\">                  <\/div>\n                              <\/div>\n            <div class=\"col-6 h-100 p-0\">\n                              <div class=\"image-wrapper image-wrapper-right\">\n                  <img decoding=\"async\" width=\"1736\" height=\"2080\" src=\"https:\/\/golfyr.com\/wp-content\/uploads\/2025\/02\/2st_Gallery_stadler_1920.jpg\" class=\"img-fluid\" alt=\"\" srcset=\"https:\/\/golfyr.com\/wp-content\/uploads\/2025\/02\/2st_Gallery_stadler_1920.jpg 1736w, https:\/\/golfyr.com\/wp-content\/uploads\/2025\/02\/2st_Gallery_stadler_1920-250x300.jpg 250w, https:\/\/golfyr.com\/wp-content\/uploads\/2025\/02\/2st_Gallery_stadler_1920-855x1024.jpg 855w, https:\/\/golfyr.com\/wp-content\/uploads\/2025\/02\/2st_Gallery_stadler_1920-768x920.jpg 768w, https:\/\/golfyr.com\/wp-content\/uploads\/2025\/02\/2st_Gallery_stadler_1920-1282x1536.jpg 1282w, https:\/\/golfyr.com\/wp-content\/uploads\/2025\/02\/2st_Gallery_stadler_1920-1709x2048.jpg 1709w, https:\/\/golfyr.com\/wp-content\/uploads\/2025\/02\/2st_Gallery_stadler_1920-600x719.jpg 600w\" sizes=\"(max-width: 1736px) 100vw, 1736px\">                <\/div>\n                          <\/div>\n          <\/div>\n        <\/div>\n          <\/div>\n  <\/section>\n\n<section class=\"large-text-block top-md bottom-md\" id=\"\">\n  <div class=\"container\">\n        <div class=\"row\">\n      <div class=\"col-12 col-lg-12 \">\n        <div class=\"content\">\n          <p>Dieses innovative Lifestyle-Produkt wurde durch die enge Zusammenarbeit eines interdisziplin\u00e4ren Teams Wirklichkeit. Jedes Teammitglied brachte sein einzigartiges Know-how ein, um eine v\u00f6llig neue Golf-Erfahrung zu schaffen. Statt sich mit der Wahl des richtigen Schl\u00e4gers aufzuhalten, steht nun die pure Freude am Spiel im Mittelpunkt \u2013 einfacher, zug\u00e4nglicher und unbeschwerter denn je.<\/p>        <\/div>\n              <\/div>\n    <\/div>\n  <\/div>\n<\/section>\n\n<section class=\"article-cta-with-image full-width d-flex flex-column justify-content-start justify-content-md-end full-width short-height-mobile\" id=\"\">\n      <div class=\"background\">\n      <div class=\"container-fluid h-100\">\n        <div class=\"row p-0 h-100\">\n          <div class=\"col-12 p-0 h-100\">\n                          <div class=\"image-wrapper d-md-none\">\n                <img decoding=\"async\" width=\"406\" height=\"874\" src=\"https:\/\/golfyr.com\/wp-content\/uploads\/2025\/04\/roger-aboutus-blogpreview-mobile.jpg\" class=\"img-fluid\" alt=\"\" srcset=\"https:\/\/golfyr.com\/wp-content\/uploads\/2025\/04\/roger-aboutus-blogpreview-mobile.jpg 406w, https:\/\/golfyr.com\/wp-content\/uploads\/2025\/04\/roger-aboutus-blogpreview-mobile-139x300.jpg 139w\" sizes=\"(max-width: 406px) 100vw, 406px\">              <\/div>\n                                                      <div class=\"image-wrapper d-none d-md-block d-xl-none\">\n                                <img decoding=\"async\" width=\"768\" height=\"1024\" src=\"https:\/\/golfyr.com\/wp-content\/uploads\/2025\/04\/roger-aboutus-blogpreview-tablet.jpg\" class=\"img-fluid\" alt=\"\" srcset=\"https:\/\/golfyr.com\/wp-content\/uploads\/2025\/04\/roger-aboutus-blogpreview-tablet.jpg 768w, https:\/\/golfyr.com\/wp-content\/uploads\/2025\/04\/roger-aboutus-blogpreview-tablet-225x300.jpg 225w, https:\/\/golfyr.com\/wp-content\/uploads\/2025\/04\/roger-aboutus-blogpreview-tablet-600x800.jpg 600w\" sizes=\"(max-width: 768px) 100vw, 768px\">                <\/div>\n                                                      <div class=\"image-wrapper d-none d-md-block\">\n                                <img decoding=\"async\" width=\"1024\" height=\"427\" src=\"https:\/\/golfyr.com\/wp-content\/uploads\/2025\/04\/roger-aboutus-blogpreview-desktop-1024x427.jpg\" class=\"img-fluid\" alt=\"\" srcset=\"https:\/\/golfyr.com\/wp-content\/uploads\/2025\/04\/roger-aboutus-blogpreview-desktop-1024x427.jpg 1024w, https:\/\/golfyr.com\/wp-content\/uploads\/2025\/04\/roger-aboutus-blogpreview-desktop-300x125.jpg 300w, https:\/\/golfyr.com\/wp-content\/uploads\/2025\/04\/roger-aboutus-blogpreview-desktop-768x320.jpg 768w, https:\/\/golfyr.com\/wp-content\/uploads\/2025\/04\/roger-aboutus-blogpreview-desktop-1536x640.jpg 1536w, https:\/\/golfyr.com\/wp-content\/uploads\/2025\/04\/roger-aboutus-blogpreview-desktop-600x250.jpg 600w, https:\/\/golfyr.com\/wp-content\/uploads\/2025\/04\/roger-aboutus-blogpreview-desktop.jpg 1920w\" sizes=\"(max-width: 1024px) 100vw, 1024px\">                <\/div>\n                      <\/div>\n        <\/div>\n      <\/div>\n    <\/div>\n    <div class=\"content-wrapper\">\n    <div class=\"container h-100\">\n      <div class=\"row h-100\">\n        <div class=\"col-12 col-md-6 d-flex flex-column justify-content-end\">\n          <div class=\"content d-flex flex-column\">\n                          <div class=\"head\"><p>Innovation trifft Vision<\/p><\/div>\n                                                  <div class=\"cta\">\n                <a class=\"btn btn-light\" href=\"https:\/\/golfyr.com\/de\/magazin\/inside-golfyr\/innovation-trifft-vision\/\">Artikel lesen<\/a>\n              <\/div>\n                      <\/div>\n        <\/div>\n      <\/div>\n    <\/div>\n  <\/div>\n<\/section>\n\n<section class=\"large-text-block top-md bottom-md\" id=\"\">\n  <div class=\"container\">\n        <div class=\"row\">\n      <div class=\"col-12 col-lg-12 \">\n        <div class=\"content\">\n          <p>Tamara, Rogers Frau, hat mit ihrer Lifestyle-Expertise massgeblich dazu beigetragen, eine neue, moderne Vision von Golf zu gestalten \u2013 frei, inspirierend und zeitgem\u00e4ss. Ihre frischen Impulse haben das Projekt gepr\u00e4gt und geholfen, den Sport mit Werten wie Freiheit, Kreativit\u00e4t und Gemeinschaft neu zu verbinden. So ist eine Marke entstanden, die weit \u00fcber Golf hinausgeht \u2013 sie vereint Tradition und Innovation und stellt die Freude am Spiel in den Mittelpunkt.<\/p>        <\/div>\n              <\/div>\n    <\/div>\n  <\/div>\n<\/section>\n\n<div class=\"lazyblock-vimeo-embed-1ryfqj wp-block-lazyblock-vimeo-embed\"><section class=\"vimeo-embed\" id=\"\" style=\"position:relative;\">\n  <div class=\"container\">\n    <div class=\"row\">\n      <div class=\"col-12\">\n        <div class=\"lazyblock-inner-blocks\">\n\n<figure class=\"wp-block-embed is-type-video is-provider-vimeo wp-block-embed-vimeo wp-embed-aspect-16-9 wp-has-aspect-ratio\"><div class=\"wp-block-embed__wrapper\">\n<iframe title=\"Roger Tamara Stadler Interview DE\" src=\"https:\/\/player.vimeo.com\/video\/1073954413?dnt=1&amp;app_id=122963\" width=\"500\" height=\"281\" frameborder=\"0\" allow=\"autoplay; fullscreen; picture-in-picture; clipboard-write; encrypted-media; web-share\" referrerpolicy=\"strict-origin-when-cross-origin\"><\/iframe>\n<\/div><\/figure>\n\n<\/div>\n      <\/div>\n    <\/div>\n  <\/div>\n<\/section><\/div>\n\n<section class=\"simple-cta\" id=\"\">\n  <div class=\"container\">\n    <div class=\"row\">\n      <div class=\"col-12 d-flex flex-row justify-content-center\">\n                  <div class=\"cta\">\n            <a class=\"btn btn-light\" href=\"https:\/\/golfyr.com\/de\/ueber-uns\/\">Lerne alle Masterminds kennen<\/a>\n          <\/div>\n              <\/div>\n    <\/div>\n  <\/div>\n<\/section>\n\n<section class=\"simple-slider-makers-3-columns\" id=\"\">\n  <div class=\"container\">\n        <div class=\"row d-flex flex-row align-items-end align-items-lg-center\">\n      <div class=\"col-7 col-lg-10\">\n        <h2 class=\"title\">Meet the Minds behind Golfyr<\/h2>\n      <\/div>\n      <div class=\"col-5 col-lg-2 d-flex flex-column justify-content-end position-relative\">\n        <div class=\"swiper-buttons\">\n          <!-- If we need navigation buttons -->\n          <div class=\"swiper-button-prev swiper-makers3col-button-prev\">\n            <img decoding=\"async\" src=\"https:\/\/golfyr.com\/wp-content\/themes\/golfyr\/includes\/img\/slider-arrow-p1.png\" alt=\"Slider arrow previous slide\">\n          <\/div>\n          <div class=\"swiper-button-next swiper-makers3col-button-next\">\n            <img decoding=\"async\" src=\"https:\/\/golfyr.com\/wp-content\/themes\/golfyr\/includes\/img\/slider-arrow-p1.png\" alt=\"Slider arrow next slide\">\n          <\/div>\n        <\/div>\n      <\/div>\n    <\/div>\n        <div class=\"row\">\n      <div class=\"col-12\">\n        <!-- Slider main container -->\n        <div class=\"swiper simpleSliderMakers3Col\">\n          <!-- Additional required wrapper -->\n          <div class=\"swiper-wrapper\">\n            <!-- Slides -->\n                          <div class=\"swiper-slide\">\n                <a href=\"https:\/\/golfyr.com\/de\/ueber-uns\/daniel-huesler\/\">\n                  <div class=\"image-wrapper\">\n                      <img decoding=\"async\" width=\"818\" height=\"1024\" src=\"https:\/\/golfyr.com\/wp-content\/uploads\/2025\/02\/huesler-768-2-818x1024.jpg\" class=\"attachment-large size-large\" alt=\"\" srcset=\"https:\/\/golfyr.com\/wp-content\/uploads\/2025\/02\/huesler-768-2-818x1024.jpg 818w, https:\/\/golfyr.com\/wp-content\/uploads\/2025\/02\/huesler-768-2-240x300.jpg 240w, https:\/\/golfyr.com\/wp-content\/uploads\/2025\/02\/huesler-768-2-768x961.jpg 768w, https:\/\/golfyr.com\/wp-content\/uploads\/2025\/02\/huesler-768-2-600x751.jpg 600w, https:\/\/golfyr.com\/wp-content\/uploads\/2025\/02\/huesler-768-2.jpg 1116w\" sizes=\"(max-width: 818px) 100vw, 818px\">                  <\/div>\n                  <div class=\"container p-0\">\n                    <div class=\"row\">\n                      <div class=\"col-12 col-lg-9\">\n                        <div class=\"content-wrapper\">\n                                                      <div class=\"name\">\n                              Daniel H\u00fcsler                            <\/div>\n                                                                                <div class=\"function\">\n                              Head of Technology                            <\/div>\n                                                  <\/div>\n                      <\/div>\n                    <\/div>\n                  <\/div>\n                <\/a>\n              <\/div>\n                          <div class=\"swiper-slide\">\n                <a href=\"https:\/\/golfyr.com\/de\/ueber-uns\/alfredo-haeberli\/\">\n                  <div class=\"image-wrapper\">\n                      <img decoding=\"async\" width=\"818\" height=\"1024\" src=\"https:\/\/golfyr.com\/wp-content\/uploads\/2025\/02\/alfredo-768-2-818x1024.jpg\" class=\"attachment-large size-large\" alt=\"\" srcset=\"https:\/\/golfyr.com\/wp-content\/uploads\/2025\/02\/alfredo-768-2-818x1024.jpg 818w, https:\/\/golfyr.com\/wp-content\/uploads\/2025\/02\/alfredo-768-2-240x300.jpg 240w, https:\/\/golfyr.com\/wp-content\/uploads\/2025\/02\/alfredo-768-2-768x961.jpg 768w, https:\/\/golfyr.com\/wp-content\/uploads\/2025\/02\/alfredo-768-2-600x751.jpg 600w, https:\/\/golfyr.com\/wp-content\/uploads\/2025\/02\/alfredo-768-2.jpg 1116w\" sizes=\"(max-width: 818px) 100vw, 818px\">                  <\/div>\n                  <div class=\"container p-0\">\n                    <div class=\"row\">\n                      <div class=\"col-12 col-lg-9\">\n                        <div class=\"content-wrapper\">\n                                                      <div class=\"name\">\n                              Alfredo H\u00e4berli                            <\/div>\n                                                                                <div class=\"function\">\n                              Creative Director                            <\/div>\n                                                  <\/div>\n                      <\/div>\n                    <\/div>\n                  <\/div>\n                <\/a>\n              <\/div>\n                          <div class=\"swiper-slide\">\n                <a href=\"https:\/\/golfyr.com\/de\/ueber-uns\/olivier-widrig\/\">\n                  <div class=\"image-wrapper\">\n                      <img decoding=\"async\" width=\"819\" height=\"1024\" src=\"https:\/\/golfyr.com\/wp-content\/uploads\/2025\/02\/widrig-768-2-819x1024.jpg\" class=\"attachment-large size-large\" alt=\"\" srcset=\"https:\/\/golfyr.com\/wp-content\/uploads\/2025\/02\/widrig-768-2-819x1024.jpg 819w, https:\/\/golfyr.com\/wp-content\/uploads\/2025\/02\/widrig-768-2-240x300.jpg 240w, https:\/\/golfyr.com\/wp-content\/uploads\/2025\/02\/widrig-768-2-768x961.jpg 768w, https:\/\/golfyr.com\/wp-content\/uploads\/2025\/02\/widrig-768-2-600x750.jpg 600w, https:\/\/golfyr.com\/wp-content\/uploads\/2025\/02\/widrig-768-2.jpg 1117w\" sizes=\"(max-width: 819px) 100vw, 819px\">                  <\/div>\n                  <div class=\"container p-0\">\n                    <div class=\"row\">\n                      <div class=\"col-12 col-lg-9\">\n                        <div class=\"content-wrapper\">\n                                                      <div class=\"name\">\n                              Olivier Widrig                            <\/div>\n                                                                                <div class=\"function\">\n                              Head of Golf                            <\/div>\n                                                  <\/div>\n                      <\/div>\n                    <\/div>\n                  <\/div>\n                <\/a>\n              <\/div>\n                      <\/div>\n        <\/div>\n      <\/div>\n    <\/div>\n  <\/div>\n<\/section>","protected":false},"excerpt":{"rendered":"","protected":false},"author":16,"featured_media":3204,"parent":3745,"menu_order":0,"comment_status":"closed","ping_status":"closed","template":"default-p1-1920.php","meta":{"content-type":"","footnotes":""},"class_list":["post-3309","page","type-page","status-publish","has-post-thumbnail","hentry"],"acf":[],"_links":{"self":[{"href":"https:\/\/golfyr.com\/de\/wp-json\/wp\/v2\/pages\/3309","targetHints":{"allow":["GET"]}}],"collection":[{"href":"https:\/\/golfyr.com\/de\/wp-json\/wp\/v2\/pages"}],"about":[{"href":"https:\/\/golfyr.com\/de\/wp-json\/wp\/v2\/types\/page"}],"author":[{"embeddable":true,"href":"https:\/\/golfyr.com\/de\/wp-json\/wp\/v2\/users\/16"}],"replies":[{"embeddable":true,"href":"https:\/\/golfyr.com\/de\/wp-json\/wp\/v2\/comments?post=3309"}],"version-history":[{"count":5,"href":"https:\/\/golfyr.com\/de\/wp-json\/wp\/v2\/pages\/3309\/revisions"}],"predecessor-version":[{"id":4252,"href":"https:\/\/golfyr.com\/de\/wp-json\/wp\/v2\/pages\/3309\/revisions\/4252"}],"up":[{"embeddable":true,"href":"https:\/\/golfyr.com\/de\/wp-json\/wp\/v2\/pages\/3745"}],"wp:featuredmedia":[{"embeddable":true,"href":"https:\/\/golfyr.com\/de\/wp-json\/wp\/v2\/media\/3204"}],"wp:attachment":[{"href":"https:\/\/golfyr.com\/de\/wp-json\/wp\/v2\/media?parent=3309"}],"curies":[{"name":"wp","href":"https:\/\/api.w.org\/{rel}","templated":true}]}}