{"id":3574,"date":"2025-01-01T00:00:00","date_gmt":"2024-12-31T23:00:00","guid":{"rendered":"https:\/\/golfyr.com\/?page_id=3574"},"modified":"2025-02-03T18:17:35","modified_gmt":"2025-02-03T17:17:35","slug":"alfredo-haeberli","status":"publish","type":"page","link":"https:\/\/golfyr.com\/de\/ueber-uns\/alfredo-haeberli\/","title":{"rendered":"Alfredo H\u00e4berli"},"content":{"rendered":"<section class=\"hero-video-home-p1 d-flex flex-column justify-content-end\">\n  <div class=\"background\">\n                  <div class=\"image-wrapper d-md-none\">\n          <img decoding=\"async\" width=\"497\" height=\"1024\" src=\"https:\/\/golfyr.com\/wp-content\/uploads\/2025\/02\/alfredo-haeberli-header-430-497x1024.jpg\" class=\"img-fluid\" alt=\"\" srcset=\"https:\/\/golfyr.com\/wp-content\/uploads\/2025\/02\/alfredo-haeberli-header-430-497x1024.jpg 497w, https:\/\/golfyr.com\/wp-content\/uploads\/2025\/02\/alfredo-haeberli-header-430-146x300.jpg 146w, https:\/\/golfyr.com\/wp-content\/uploads\/2025\/02\/alfredo-haeberli-header-430-746x1536.jpg 746w, https:\/\/golfyr.com\/wp-content\/uploads\/2025\/02\/alfredo-haeberli-header-430-600x1236.jpg 600w, https:\/\/golfyr.com\/wp-content\/uploads\/2025\/02\/alfredo-haeberli-header-430.jpg 755w\" sizes=\"(max-width: 497px) 100vw, 497px\">        <\/div>\n                              <div class=\"image-wrapper d-none d-md-block d-xl-none\">\n                    <img decoding=\"async\" width=\"768\" height=\"1024\" src=\"https:\/\/golfyr.com\/wp-content\/uploads\/2025\/02\/alfredo-haeberli-header-768-768x1024.jpg\" class=\"img-fluid\" alt=\"\" srcset=\"https:\/\/golfyr.com\/wp-content\/uploads\/2025\/02\/alfredo-haeberli-header-768-768x1024.jpg 768w, https:\/\/golfyr.com\/wp-content\/uploads\/2025\/02\/alfredo-haeberli-header-768-225x300.jpg 225w, https:\/\/golfyr.com\/wp-content\/uploads\/2025\/02\/alfredo-haeberli-header-768-600x800.jpg 600w, https:\/\/golfyr.com\/wp-content\/uploads\/2025\/02\/alfredo-haeberli-header-768.jpg 1098w\" sizes=\"(max-width: 768px) 100vw, 768px\">          <\/div>\n                              <div class=\"image-wrapper x-center y-center d-none d-md-block\">\n                    <img decoding=\"async\" width=\"1024\" height=\"576\" src=\"https:\/\/golfyr.com\/wp-content\/uploads\/2025\/02\/alfredo-haeberli-header-1920-1024x576.jpg\" class=\"img-fluid\" alt=\"\" srcset=\"https:\/\/golfyr.com\/wp-content\/uploads\/2025\/02\/alfredo-haeberli-header-1920-1024x576.jpg 1024w, https:\/\/golfyr.com\/wp-content\/uploads\/2025\/02\/alfredo-haeberli-header-1920-300x169.jpg 300w, https:\/\/golfyr.com\/wp-content\/uploads\/2025\/02\/alfredo-haeberli-header-1920-768x432.jpg 768w, https:\/\/golfyr.com\/wp-content\/uploads\/2025\/02\/alfredo-haeberli-header-1920-1536x864.jpg 1536w, https:\/\/golfyr.com\/wp-content\/uploads\/2025\/02\/alfredo-haeberli-header-1920-2048x1152.jpg 2048w, https:\/\/golfyr.com\/wp-content\/uploads\/2025\/02\/alfredo-haeberli-header-1920-600x337.jpg 600w\" sizes=\"(max-width: 1024px) 100vw, 1024px\">          <\/div>\n                <\/div>\n  <div class=\"overlay-shadow\">\n    <img decoding=\"async\" src=\"https:\/\/golfyr.com\/wp-content\/themes\/golfyr\/includes\/img\/overlay-shadow.png\" alt=\"Overlay shadow\">\n  <\/div>\n    <div class=\"scroll-cta\">\n    <div class=\"cta\">Mehr erfahren<\/div>\n    <div class=\"chevron\">\n      <svg width=\"20\" height=\"26\" viewBox=\"0 0 20 26\" fill=\"none\" xmlns=\"http:\/\/www.w3.org\/2000\/svg\">\n        <path d=\"M1 9.5L9.99997 18.5L18.9999 9.5\" stroke=\"white\" stroke-width=\"2\"\/>\n      <\/svg>\n    <\/div>\n  <\/div>\n    <div class=\"container h-100 d-flex flex-column align-items-start\">\n    <div class=\"row w-100 flex-grow-1\">\n      <div class=\"col-12 d-flex flex-column justify-content-start\">\n        <!--<div class=\"logo d-flex flex-row justify-content-start justify-content-lg-center\"><img decoding=\"async\" src=\"https:\/\/golfyr.com\/wp-content\/themes\/golfyr\/includes\/img\/golfyr-logo-white.png\" alt=\"\"><\/div>-->\n      <\/div>\n    <\/div>\n          <div class=\"row w-100\">\n        <div class=\"col-12 col-md-10\">\n          <div class=\"pre-headline\">Alfredo H\u00e4berli<\/div>\n        <\/div>\n      <\/div>\n              <div class=\"row w-100\">\n        <div class=\"col-12 col-md-10\">\n          <h1>\n                                    <span class=\"\">Creative Director<\/span>\n                                    <\/h1>\n        <\/div>\n      <\/div>\n                  <div class=\"row w-100\">\n        <div class=\"col-12\">\n          <div class=\"cta-wrapper d-flex\">\n                                        <div class=\"cta\">\n                <a class=\"btn btn-light\" href=\"#alfredo-interview\">Lerne Alfredo kennen<\/a>\n              <\/div>\n                      <\/div>\n        <\/div>\n      <\/div>\n      <\/div>\n<\/section>\n\n<section class=\"large-text-block top-md bottom-md\" id=\"\">\n  <div class=\"container\">\n        <div class=\"row\">\n      <div class=\"col-12 col-lg-12 \">\n        <div class=\"content\">\n          <p>Alfredo ist durch seine ikonischen Designs weltber\u00fchmt geworden. Mit seiner unvergleichlichen Erfahrung schuf er den einzigartigen Charakter von Golfyr.<\/p>        <\/div>\n              <\/div>\n    <\/div>\n  <\/div>\n<\/section>\n\n<section class=\"simple-video-player\" id=\"alfredo-interview\">\n  <div class=\"container\">\n    <div class=\"row\">\n      <div class=\"col-12 position-relative\">\n        <div class=\"video-wrapper\">\n                      <video poster=\"https:\/\/golfyr.com\/wp-content\/uploads\/2025\/02\/alfredo-haeberli-interview-poster.png\" playsinline muted loop>\n              <!--<source src=\"myVideo.webm\" type=\"video\/webm\">-->\n              <source src=\"https:\/\/golfyr.com\/wp-content\/uploads\/2025\/02\/03_Alfredo_Haeberli_Interview_EN_500kbps.mp4\" type=\"video\/mp4\">\n            <\/video>\n                    <div class=\"video-controls\">\n            <img decoding=\"async\" class=\"play\" src=\"https:\/\/golfyr.com\/wp-content\/themes\/golfyr\/includes\/img\/icon-play.png\" alt=\"\">\n            <img decoding=\"async\" class=\"pause\" src=\"https:\/\/golfyr.com\/wp-content\/themes\/golfyr\/includes\/img\/icon-pause.png\" alt=\"\">\n          <\/div>\n        <\/div>\n      <\/div>\n    <\/div>\n  <\/div>\n<\/section>\n\n<section class=\"large-text-block top-md bottom-md\" id=\"\">\n  <div class=\"container\">\n        <div class=\"row\">\n      <div class=\"col-12 col-lg-12 \">\n        <div class=\"content\">\n          <p>Alfredo H\u00e4berli ist ein international renommierter Designer, der f\u00fcr seine innovativen und kreativen Ideen bekannt ist. Sein unverwechselbarer Stil verbindet Funktionalit\u00e4t und \u00c4sthetik. Er schafft Neues, indem er unkonventionelle Wege geht und Normen hinterfragt. Trotz enger Vorgaben hat Alfredo ein Design geschaffen, das durch die Verarbeitung herk\u00f6mmlicher Materialien wie Carbon besticht \u2013 und dem Produkt einen einmaligen Charakter verleiht.<\/p>        <\/div>\n              <\/div>\n    <\/div>\n  <\/div>\n<\/section>\n\n<section class=\"article-cta-with-image full-width d-flex flex-column justify-content-start justify-content-md-end full-width short-height-mobile\" id=\"\">\n      <div class=\"background\">\n      <div class=\"container-fluid h-100\">\n        <div class=\"row p-0 h-100\">\n          <div class=\"col-12 p-0 h-100\">\n                          <div class=\"image-wrapper d-md-none\">\n                <img decoding=\"async\" width=\"755\" height=\"527\" src=\"https:\/\/golfyr.com\/wp-content\/uploads\/2025\/02\/alfredo-image-1-430-min.jpg\" class=\"img-fluid\" alt=\"\" srcset=\"https:\/\/golfyr.com\/wp-content\/uploads\/2025\/02\/alfredo-image-1-430-min.jpg 755w, https:\/\/golfyr.com\/wp-content\/uploads\/2025\/02\/alfredo-image-1-430-min-300x209.jpg 300w, https:\/\/golfyr.com\/wp-content\/uploads\/2025\/02\/alfredo-image-1-430-min-600x419.jpg 600w\" sizes=\"(max-width: 755px) 100vw, 755px\">              <\/div>\n                                                      <div class=\"image-wrapper d-none d-md-block d-xl-none\">\n                                <img decoding=\"async\" width=\"1024\" height=\"714\" src=\"https:\/\/golfyr.com\/wp-content\/uploads\/2025\/02\/alfredo-image-1-768-1024x714.jpg\" class=\"img-fluid\" alt=\"\" srcset=\"https:\/\/golfyr.com\/wp-content\/uploads\/2025\/02\/alfredo-image-1-768-1024x714.jpg 1024w, https:\/\/golfyr.com\/wp-content\/uploads\/2025\/02\/alfredo-image-1-768-300x209.jpg 300w, https:\/\/golfyr.com\/wp-content\/uploads\/2025\/02\/alfredo-image-1-768-768x535.jpg 768w, https:\/\/golfyr.com\/wp-content\/uploads\/2025\/02\/alfredo-image-1-768-600x418.jpg 600w, https:\/\/golfyr.com\/wp-content\/uploads\/2025\/02\/alfredo-image-1-768.jpg 1096w\" sizes=\"(max-width: 1024px) 100vw, 1024px\">                <\/div>\n                                                      <div class=\"image-wrapper d-none d-md-block\">\n                                <img decoding=\"async\" width=\"1024\" height=\"653\" src=\"https:\/\/golfyr.com\/wp-content\/uploads\/2025\/02\/alfredo-image-1-1920-1024x653.jpg\" class=\"img-fluid\" alt=\"\" srcset=\"https:\/\/golfyr.com\/wp-content\/uploads\/2025\/02\/alfredo-image-1-1920-1024x653.jpg 1024w, https:\/\/golfyr.com\/wp-content\/uploads\/2025\/02\/alfredo-image-1-1920-300x191.jpg 300w, https:\/\/golfyr.com\/wp-content\/uploads\/2025\/02\/alfredo-image-1-1920-768x490.jpg 768w, https:\/\/golfyr.com\/wp-content\/uploads\/2025\/02\/alfredo-image-1-1920-1536x980.jpg 1536w, https:\/\/golfyr.com\/wp-content\/uploads\/2025\/02\/alfredo-image-1-1920-2048x1307.jpg 2048w, https:\/\/golfyr.com\/wp-content\/uploads\/2025\/02\/alfredo-image-1-1920-600x383.jpg 600w\" sizes=\"(max-width: 1024px) 100vw, 1024px\">                <\/div>\n                      <\/div>\n        <\/div>\n      <\/div>\n    <\/div>\n    <div class=\"content-wrapper\">\n    <div class=\"container h-100\">\n      <div class=\"row h-100\">\n        <div class=\"col-12 col-md-6 d-flex flex-column justify-content-end\">\n          <div class=\"content d-flex flex-column\">\n                          <div class=\"head\"><p>Das Design folgt der Technologie<\/p><\/div>\n                                                  <div class=\"cta\">\n                <a class=\"btn btn-light\" href=\"https:\/\/golfyr.com\/de\/magazin\/inside-golfyr\/wenn-design-der-technologie-folgt\/\">Artikel lesen<\/a>\n              <\/div>\n                      <\/div>\n        <\/div>\n      <\/div>\n    <\/div>\n  <\/div>\n<\/section>\n\n<section class=\"content-spacer height-md\" id=\"\">\n  \n<\/section>\n\n\n<section class=\"double-image show-margins show-both-images\" id=\"\">\n      <div class=\"background \">\n              <div class=\"container h-100\">\n          <div class=\"row h-100 p-0\">\n            <div class=\"col-6 h-100 p-0\">\n                                  <div class=\"image-wrapper image-wrapper-left\">\n                    <img decoding=\"async\" width=\"1732\" height=\"2076\" src=\"https:\/\/golfyr.com\/wp-content\/uploads\/2025\/02\/alfredo-gallery-2-768-1.jpg\" class=\"img-fluid\" alt=\"Alfredo H\u00e4berli steht gl\u00fccklich vor einem Golf-Cart, mit der Golfyr Tasche \u00fcber seiner Schulter h\u00e4ngend\" srcset=\"https:\/\/golfyr.com\/wp-content\/uploads\/2025\/02\/alfredo-gallery-2-768-1.jpg 1732w, https:\/\/golfyr.com\/wp-content\/uploads\/2025\/02\/alfredo-gallery-2-768-1-250x300.jpg 250w, https:\/\/golfyr.com\/wp-content\/uploads\/2025\/02\/alfredo-gallery-2-768-1-854x1024.jpg 854w, https:\/\/golfyr.com\/wp-content\/uploads\/2025\/02\/alfredo-gallery-2-768-1-768x921.jpg 768w, https:\/\/golfyr.com\/wp-content\/uploads\/2025\/02\/alfredo-gallery-2-768-1-1281x1536.jpg 1281w, https:\/\/golfyr.com\/wp-content\/uploads\/2025\/02\/alfredo-gallery-2-768-1-1709x2048.jpg 1709w, https:\/\/golfyr.com\/wp-content\/uploads\/2025\/02\/alfredo-gallery-2-768-1-600x719.jpg 600w\" sizes=\"(max-width: 1732px) 100vw, 1732px\" \/>                  <\/div>\n                              <\/div>\n            <div class=\"col-6 h-100 p-0\">\n                              <div class=\"image-wrapper image-wrapper-right\">\n                  <img decoding=\"async\" width=\"1732\" height=\"2076\" src=\"https:\/\/golfyr.com\/wp-content\/uploads\/2025\/02\/alfredo-gallery-2-2-768-1.jpg\" class=\"img-fluid\" alt=\"Verschiedene Schl\u00e4ger-Prototypen auf einem Tisch\" srcset=\"https:\/\/golfyr.com\/wp-content\/uploads\/2025\/02\/alfredo-gallery-2-2-768-1.jpg 1732w, https:\/\/golfyr.com\/wp-content\/uploads\/2025\/02\/alfredo-gallery-2-2-768-1-250x300.jpg 250w, https:\/\/golfyr.com\/wp-content\/uploads\/2025\/02\/alfredo-gallery-2-2-768-1-854x1024.jpg 854w, https:\/\/golfyr.com\/wp-content\/uploads\/2025\/02\/alfredo-gallery-2-2-768-1-768x921.jpg 768w, https:\/\/golfyr.com\/wp-content\/uploads\/2025\/02\/alfredo-gallery-2-2-768-1-1281x1536.jpg 1281w, https:\/\/golfyr.com\/wp-content\/uploads\/2025\/02\/alfredo-gallery-2-2-768-1-1709x2048.jpg 1709w, https:\/\/golfyr.com\/wp-content\/uploads\/2025\/02\/alfredo-gallery-2-2-768-1-600x719.jpg 600w\" sizes=\"(max-width: 1732px) 100vw, 1732px\" \/>                <\/div>\n                          <\/div>\n          <\/div>\n        <\/div>\n          <\/div>\n  <\/section>\n\n<section class=\"content-spacer height-md\" id=\"\">\n  \n<\/section>\n\n<section class=\"responsive-image-content full-width short-height-mobile\" id=\"\">\n      <div class=\"background sticky-bg\">\n      <div class=\"container-fluid h-100\">\n        <div class=\"row p-0 h-100\">\n          <div class=\"col-12 p-0 h-100\">\n                                                                                    <div class=\"image-wrapper x-center y-center\">\n                                                <img decoding=\"async\" width=\"2498\" height=\"1594\" src=\"https:\/\/golfyr.com\/wp-content\/uploads\/2025\/02\/alfredo-image-3-1920-1.jpg\" class=\"img-fluid\" alt=\"Alfredo H\u00e4berli legt eine Golfyr Color Badge ab\" srcset=\"https:\/\/golfyr.com\/wp-content\/uploads\/2025\/02\/alfredo-image-3-1920-1.jpg 2498w, https:\/\/golfyr.com\/wp-content\/uploads\/2025\/02\/alfredo-image-3-1920-1-300x191.jpg 300w, https:\/\/golfyr.com\/wp-content\/uploads\/2025\/02\/alfredo-image-3-1920-1-1024x653.jpg 1024w, https:\/\/golfyr.com\/wp-content\/uploads\/2025\/02\/alfredo-image-3-1920-1-768x490.jpg 768w, https:\/\/golfyr.com\/wp-content\/uploads\/2025\/02\/alfredo-image-3-1920-1-1536x980.jpg 1536w, https:\/\/golfyr.com\/wp-content\/uploads\/2025\/02\/alfredo-image-3-1920-1-2048x1307.jpg 2048w, https:\/\/golfyr.com\/wp-content\/uploads\/2025\/02\/alfredo-image-3-1920-1-600x383.jpg 600w\" sizes=\"(max-width: 2498px) 100vw, 2498px\" \/>                <\/div>\n                      <\/div>\n        <\/div>\n      <\/div>\n    <\/div>\n    <\/div>\n  <div class=\"content-wrapper\">\n    <div class=\"container h-100\">\n      <div class=\"row h-100\">\n                  <div class=\"col-12 col-md-8 col-lg-6 d-flex flex-column justify-content-end h-100\">\n                  <div class=\"content d-flex flex-column\">\n                                              <\/div>\n        <\/div>\n      <\/div>\n    <\/div>\n  <\/div>\n<\/section>\n\n<section class=\"large-text-block top-md bottom-md\" id=\"\">\n  <div class=\"container\">\n        <div class=\"row\">\n      <div class=\"col-12 col-lg-12 \">\n        <div class=\"content\">\n          <p>Diese einzigartige Perspektive entstand aus einer Zusammenarbeit von Experten verschiedener Fachgebiete\u00a0\u2013 sowohl Golfer als auch Nicht-Golfer. Eine spielerische Herangehensweise und das Hinterfragen traditioneller Mechanismen f\u00fchrten zu einer bahnbrechenden L\u00f6sung. Das revolution\u00e4re Design und die Materialien der Golfyr Schl\u00e4ger liefern bessere Ergebnisse und stellen die \u00abOrigins of the Game\u00bb in den Fokus. Golf wieder einfach gemacht\u00a0\u2013 mit neuer Leichtigkeit und Entspannung.<\/p>        <\/div>\n              <\/div>\n    <\/div>\n  <\/div>\n<\/section>\n\n<section class=\"responsive-image-content full-width short-height-mobile\" id=\"\">\n      <div class=\"background sticky-bg\">\n      <div class=\"container-fluid h-100\">\n        <div class=\"row p-0 h-100\">\n          <div class=\"col-12 p-0 h-100\">\n                                                                                    <div class=\"image-wrapper x-center y-center\">\n                                                <img decoding=\"async\" width=\"2498\" height=\"1594\" src=\"https:\/\/golfyr.com\/wp-content\/uploads\/2025\/02\/alfredo-image-4-1920-1.jpg\" class=\"img-fluid\" alt=\"Alfredo H\u00e4berli h\u00e4lt einen Schl\u00e4ger-Prototypen in einer Hand und zeichnet ihn mit der andere Hand\" srcset=\"https:\/\/golfyr.com\/wp-content\/uploads\/2025\/02\/alfredo-image-4-1920-1.jpg 2498w, https:\/\/golfyr.com\/wp-content\/uploads\/2025\/02\/alfredo-image-4-1920-1-300x191.jpg 300w, https:\/\/golfyr.com\/wp-content\/uploads\/2025\/02\/alfredo-image-4-1920-1-1024x653.jpg 1024w, https:\/\/golfyr.com\/wp-content\/uploads\/2025\/02\/alfredo-image-4-1920-1-768x490.jpg 768w, https:\/\/golfyr.com\/wp-content\/uploads\/2025\/02\/alfredo-image-4-1920-1-1536x980.jpg 1536w, https:\/\/golfyr.com\/wp-content\/uploads\/2025\/02\/alfredo-image-4-1920-1-2048x1307.jpg 2048w, https:\/\/golfyr.com\/wp-content\/uploads\/2025\/02\/alfredo-image-4-1920-1-600x383.jpg 600w\" sizes=\"(max-width: 2498px) 100vw, 2498px\" \/>                <\/div>\n                      <\/div>\n        <\/div>\n      <\/div>\n    <\/div>\n    <\/div>\n  <div class=\"content-wrapper\">\n    <div class=\"container h-100\">\n      <div class=\"row h-100\">\n                  <div class=\"col-12 col-md-8 col-lg-6 d-flex flex-column justify-content-end h-100\">\n                  <div class=\"content d-flex flex-column\">\n                                              <\/div>\n        <\/div>\n      <\/div>\n    <\/div>\n  <\/div>\n<\/section>\n\n<section class=\"simple-cta\" id=\"\">\n  <div class=\"container\">\n    <div class=\"row\">\n      <div class=\"col-12 d-flex flex-row justify-content-center\">\n                  <div class=\"cta\">\n            <a class=\"btn btn-light\" href=\"https:\/\/golfyr.com\/de\/ueber-uns\/\">Lerne alle Masterminds kennen<\/a>\n          <\/div>\n              <\/div>\n    <\/div>\n  <\/div>\n<\/section>\n\n<section class=\"simple-slider-makers-3-columns\" id=\"\">\n  <div class=\"container\">\n        <div class=\"row d-flex flex-row align-items-end align-items-lg-center\">\n      <div class=\"col-7 col-lg-10\">\n        <h2 class=\"title\">Meet the Minds behind Golfyr<\/h2>\n      <\/div>\n      <div class=\"col-5 col-lg-2 d-flex flex-column justify-content-end position-relative\">\n        <div class=\"swiper-buttons\">\n          <!-- If we need navigation buttons -->\n          <div class=\"swiper-button-prev swiper-makers3col-button-prev\">\n            <img decoding=\"async\" src=\"https:\/\/golfyr.com\/wp-content\/themes\/golfyr\/includes\/img\/slider-arrow-p1.png\" alt=\"Slider arrow previous slide\">\n          <\/div>\n          <div class=\"swiper-button-next swiper-makers3col-button-next\">\n            <img decoding=\"async\" src=\"https:\/\/golfyr.com\/wp-content\/themes\/golfyr\/includes\/img\/slider-arrow-p1.png\" alt=\"Slider arrow next slide\">\n          <\/div>\n        <\/div>\n      <\/div>\n    <\/div>\n        <div class=\"row\">\n      <div class=\"col-12\">\n        <!-- Slider main container -->\n        <div class=\"swiper simpleSliderMakers3Col\">\n          <!-- Additional required wrapper -->\n          <div class=\"swiper-wrapper\">\n            <!-- Slides -->\n                          <div class=\"swiper-slide\">\n                <a href=\"https:\/\/golfyr.com\/de\/ueber-uns\/roger-stadler\/\">\n                  <div class=\"image-wrapper\">\n                      <img decoding=\"async\" width=\"818\" height=\"1024\" src=\"https:\/\/golfyr.com\/wp-content\/uploads\/2025\/02\/stadler-768-2-818x1024.jpg\" class=\"attachment-large size-large\" alt=\"\" srcset=\"https:\/\/golfyr.com\/wp-content\/uploads\/2025\/02\/stadler-768-2-818x1024.jpg 818w, https:\/\/golfyr.com\/wp-content\/uploads\/2025\/02\/stadler-768-2-240x300.jpg 240w, https:\/\/golfyr.com\/wp-content\/uploads\/2025\/02\/stadler-768-2-768x961.jpg 768w, https:\/\/golfyr.com\/wp-content\/uploads\/2025\/02\/stadler-768-2-600x751.jpg 600w, https:\/\/golfyr.com\/wp-content\/uploads\/2025\/02\/stadler-768-2.jpg 1118w\" sizes=\"(max-width: 818px) 100vw, 818px\">                  <\/div>\n                  <div class=\"container p-0\">\n                    <div class=\"row\">\n                      <div class=\"col-12 col-lg-9\">\n                        <div class=\"content-wrapper\">\n                                                      <div class=\"name\">\n                              Roger Stadler                            <\/div>\n                                                                                <div class=\"function\">\n                              Founder, Chief Ideas Officer                            <\/div>\n                                                  <\/div>\n                      <\/div>\n                    <\/div>\n                  <\/div>\n                <\/a>\n              <\/div>\n                          <div class=\"swiper-slide\">\n                <a href=\"https:\/\/golfyr.com\/de\/ueber-uns\/daniel-huesler\/\">\n                  <div class=\"image-wrapper\">\n                      <img decoding=\"async\" width=\"818\" height=\"1024\" src=\"https:\/\/golfyr.com\/wp-content\/uploads\/2025\/02\/huesler-768-2-818x1024.jpg\" class=\"attachment-large size-large\" alt=\"\" srcset=\"https:\/\/golfyr.com\/wp-content\/uploads\/2025\/02\/huesler-768-2-818x1024.jpg 818w, https:\/\/golfyr.com\/wp-content\/uploads\/2025\/02\/huesler-768-2-240x300.jpg 240w, https:\/\/golfyr.com\/wp-content\/uploads\/2025\/02\/huesler-768-2-768x961.jpg 768w, https:\/\/golfyr.com\/wp-content\/uploads\/2025\/02\/huesler-768-2-600x751.jpg 600w, https:\/\/golfyr.com\/wp-content\/uploads\/2025\/02\/huesler-768-2.jpg 1116w\" sizes=\"(max-width: 818px) 100vw, 818px\">                  <\/div>\n                  <div class=\"container p-0\">\n                    <div class=\"row\">\n                      <div class=\"col-12 col-lg-9\">\n                        <div class=\"content-wrapper\">\n                                                      <div class=\"name\">\n                              Daniel H\u00fcsler                            <\/div>\n                                                                                <div class=\"function\">\n                              Head of Technology                            <\/div>\n                                                  <\/div>\n                      <\/div>\n                    <\/div>\n                  <\/div>\n                <\/a>\n              <\/div>\n                          <div class=\"swiper-slide\">\n                <a href=\"https:\/\/golfyr.com\/de\/ueber-uns\/olivier-widrig\/\">\n                  <div class=\"image-wrapper\">\n                      <img decoding=\"async\" width=\"819\" height=\"1024\" src=\"https:\/\/golfyr.com\/wp-content\/uploads\/2025\/02\/widrig-768-2-819x1024.jpg\" class=\"attachment-large size-large\" alt=\"\" srcset=\"https:\/\/golfyr.com\/wp-content\/uploads\/2025\/02\/widrig-768-2-819x1024.jpg 819w, https:\/\/golfyr.com\/wp-content\/uploads\/2025\/02\/widrig-768-2-240x300.jpg 240w, https:\/\/golfyr.com\/wp-content\/uploads\/2025\/02\/widrig-768-2-768x961.jpg 768w, https:\/\/golfyr.com\/wp-content\/uploads\/2025\/02\/widrig-768-2-600x750.jpg 600w, https:\/\/golfyr.com\/wp-content\/uploads\/2025\/02\/widrig-768-2.jpg 1117w\" sizes=\"(max-width: 819px) 100vw, 819px\">                  <\/div>\n                  <div class=\"container p-0\">\n                    <div class=\"row\">\n                      <div class=\"col-12 col-lg-9\">\n                        <div class=\"content-wrapper\">\n                                                      <div class=\"name\">\n                              Olivier Widrig                            <\/div>\n                                                                                <div class=\"function\">\n                              Head of Golf                            <\/div>\n                                                  <\/div>\n                      <\/div>\n                    <\/div>\n                  <\/div>\n                <\/a>\n              <\/div>\n                      <\/div>\n        <\/div>\n      <\/div>\n    <\/div>\n  <\/div>\n<\/section>","protected":false},"excerpt":{"rendered":"","protected":false},"author":16,"featured_media":3531,"parent":3745,"menu_order":0,"comment_status":"closed","ping_status":"closed","template":"default-p1-1920.php","meta":{"content-type":"","footnotes":""},"class_list":["post-3574","page","type-page","status-publish","has-post-thumbnail","hentry"],"acf":[],"_links":{"self":[{"href":"https:\/\/golfyr.com\/de\/wp-json\/wp\/v2\/pages\/3574","targetHints":{"allow":["GET"]}}],"collection":[{"href":"https:\/\/golfyr.com\/de\/wp-json\/wp\/v2\/pages"}],"about":[{"href":"https:\/\/golfyr.com\/de\/wp-json\/wp\/v2\/types\/page"}],"author":[{"embeddable":true,"href":"https:\/\/golfyr.com\/de\/wp-json\/wp\/v2\/users\/16"}],"replies":[{"embeddable":true,"href":"https:\/\/golfyr.com\/de\/wp-json\/wp\/v2\/comments?post=3574"}],"version-history":[{"count":2,"href":"https:\/\/golfyr.com\/de\/wp-json\/wp\/v2\/pages\/3574\/revisions"}],"predecessor-version":[{"id":3601,"href":"https:\/\/golfyr.com\/de\/wp-json\/wp\/v2\/pages\/3574\/revisions\/3601"}],"up":[{"embeddable":true,"href":"https:\/\/golfyr.com\/de\/wp-json\/wp\/v2\/pages\/3745"}],"wp:featuredmedia":[{"embeddable":true,"href":"https:\/\/golfyr.com\/de\/wp-json\/wp\/v2\/media\/3531"}],"wp:attachment":[{"href":"https:\/\/golfyr.com\/de\/wp-json\/wp\/v2\/media?parent=3574"}],"curies":[{"name":"wp","href":"https:\/\/api.w.org\/{rel}","templated":true}]}}