{"id":4127,"date":"2025-04-11T13:36:54","date_gmt":"2025-04-11T11:36:54","guid":{"rendered":"https:\/\/golfyr.com\/?page_id=4127"},"modified":"2025-04-11T14:24:24","modified_gmt":"2025-04-11T12:24:24","slug":"innovation","status":"publish","type":"page","link":"https:\/\/golfyr.com\/de\/technologie\/innovation\/","title":{"rendered":"Innovation"},"content":{"rendered":"<section class=\"hero-video-home-p1 d-flex flex-column justify-content-end add-mrg-btm\">\n  <div class=\"background\">\n                  <div class=\"image-wrapper d-md-none\">\n          <img decoding=\"async\" width=\"430\" height=\"866\" src=\"https:\/\/golfyr.com\/wp-content\/uploads\/2025\/04\/our-innovation-mobile.jpg\" class=\"img-fluid\" alt=\"\" srcset=\"https:\/\/golfyr.com\/wp-content\/uploads\/2025\/04\/our-innovation-mobile.jpg 430w, https:\/\/golfyr.com\/wp-content\/uploads\/2025\/04\/our-innovation-mobile-149x300.jpg 149w\" sizes=\"(max-width: 430px) 100vw, 430px\">        <\/div>\n                              <div class=\"image-wrapper d-none d-md-block d-xl-none\">\n                    <img decoding=\"async\" width=\"768\" height=\"1024\" src=\"https:\/\/golfyr.com\/wp-content\/uploads\/2025\/04\/our-innovation-tablet.jpg\" class=\"img-fluid\" alt=\"\" srcset=\"https:\/\/golfyr.com\/wp-content\/uploads\/2025\/04\/our-innovation-tablet.jpg 768w, https:\/\/golfyr.com\/wp-content\/uploads\/2025\/04\/our-innovation-tablet-225x300.jpg 225w, https:\/\/golfyr.com\/wp-content\/uploads\/2025\/04\/our-innovation-tablet-600x800.jpg 600w\" sizes=\"(max-width: 768px) 100vw, 768px\">          <\/div>\n                              <div class=\"image-wrapper x-center y-center d-none d-md-block\">\n                    <img decoding=\"async\" width=\"1024\" height=\"576\" src=\"https:\/\/golfyr.com\/wp-content\/uploads\/2025\/04\/our-innovation-desktop-1024x576.jpg\" class=\"img-fluid\" alt=\"\" srcset=\"https:\/\/golfyr.com\/wp-content\/uploads\/2025\/04\/our-innovation-desktop-1024x576.jpg 1024w, https:\/\/golfyr.com\/wp-content\/uploads\/2025\/04\/our-innovation-desktop-300x169.jpg 300w, https:\/\/golfyr.com\/wp-content\/uploads\/2025\/04\/our-innovation-desktop-768x432.jpg 768w, https:\/\/golfyr.com\/wp-content\/uploads\/2025\/04\/our-innovation-desktop-1536x864.jpg 1536w, https:\/\/golfyr.com\/wp-content\/uploads\/2025\/04\/our-innovation-desktop-600x338.jpg 600w, https:\/\/golfyr.com\/wp-content\/uploads\/2025\/04\/our-innovation-desktop.jpg 1920w\" sizes=\"(max-width: 1024px) 100vw, 1024px\">          <\/div>\n                <\/div>\n  <div class=\"overlay-shadow\">\n    <img decoding=\"async\" src=\"https:\/\/golfyr.com\/wp-content\/themes\/golfyr\/includes\/img\/overlay-shadow.png\" alt=\"Overlay shadow\">\n  <\/div>\n    <div class=\"scroll-cta\">\n    <div class=\"cta\">Mehr entdecken<\/div>\n    <div class=\"chevron\">\n      <svg width=\"20\" height=\"26\" viewBox=\"0 0 20 26\" fill=\"none\" xmlns=\"http:\/\/www.w3.org\/2000\/svg\">\n        <path d=\"M1 9.5L9.99997 18.5L18.9999 9.5\" stroke=\"white\" stroke-width=\"2\"\/>\n      <\/svg>\n    <\/div>\n  <\/div>\n    <div class=\"container h-100 d-flex flex-column align-items-start\">\n    <div class=\"row w-100 flex-grow-1\">\n      <div class=\"col-12 d-flex flex-column justify-content-start\">\n        <!--<div class=\"logo d-flex flex-row justify-content-start justify-content-lg-center\"><img decoding=\"async\" src=\"https:\/\/golfyr.com\/wp-content\/themes\/golfyr\/includes\/img\/golfyr-logo-white.png\" alt=\"\"><\/div>-->\n      <\/div>\n    <\/div>\n              <div class=\"row w-100\">\n        <div class=\"col-12 col-md-10\">\n          <h1>\n                                    <span class=\"\">Four Elements<br>in one Technology<\/span>\n                                    <\/h1>\n        <\/div>\n      <\/div>\n              <\/div>\n<\/section>\n\n<section class=\"large-text-block top-md bottom-md\" id=\"\">\n  <div class=\"container\">\n        <div class=\"row\">\n      <div class=\"col-12 col-lg-12 \">\n        <div class=\"content\">\n          <p>Die von den K\u00f6pfen hinter Golfyr in der Schweiz entwickelte Carbonics Technologie definiert Konstruktion, Performance und Spielgef\u00fchl neu. Die innovative Carbon-Hohlk\u00f6rper-Technologie kombiniert aussergew\u00f6hnliche Leichtigkeit und Stabilit\u00e4t. Das Ergebnis: Ein hochleistungsf\u00e4higes Golfschl\u00e4gerset, bei dem jeder Schl\u00e4ger von vier essenziellen Elementen profitiert.<\/p>        <\/div>\n              <\/div>\n    <\/div>\n  <\/div>\n<\/section>\n\n<section class=\"simple-slider-tech\" id=\"\">\n  <div class=\"container-fluid\">\n        <div class=\"row\">\n      <div class=\"col-12 p-0\">\n        <!-- Slider main container -->\n        <div class=\"swiper simpleSliderTech\">\n          <!-- Additional required wrapper -->\n          <div class=\"swiper-wrapper\">\n            <!-- Slides -->\n                                      <div class=\"swiper-slide\">\n                                <div class=\"container\">\n                  <div class=\"row\">\n                    <div class=\"col-12 col-sm-10 col-lg-7\">\n                      <div class=\"content-wrapper d-flex flex-column justify-content-end align-items-start\">\n                         <div class=\"index\">\n                           01 <em>\/ 04<\/em>                         <\/div>\n                                                   <div class=\"title\">\n                            <p>Vollst\u00e4ndiger<\/p>\n<p>Carbon-K\u00f6rper<\/p>                          <\/div>\n                                                                           <div class=\"content\">\n                            <p>Das Fundament des Schl\u00e4gerkopfes besteht aus einem patentierten Carbon-Hohlk\u00f6rper, der dank innovativer Material- und Produktionstechnologie traditionelle Designgrenzen \u00fcberwindet. Das Ergebnis: Die perfekte Basis f\u00fcr maximale Energie\u00fcbertragung.<\/p>                          <\/div>\n                                                                      <\/div>\n                    <\/div>\n                    <div class=\"col-12 col-sm-10 col-lg-5\">\n                                              <div class=\"image-wrapper x-center y-center\">\n                          <img decoding=\"async\" width=\"360\" height=\"360\" src=\"https:\/\/golfyr.com\/wp-content\/uploads\/2025\/04\/Golfyr_Butler_Gif_360x360px_01.gif\" class=\"img-fluid\" alt=\"\">                        <\/div>\n                                          <\/div>\n                  <\/div>\n                  <div class=\"row\">\n                    <div class=\"col-12 col-lg-5 order-2 order-lg-1\">\n                                                                                                <div class=\"accordion swiper-no-swiping\" id=\"accordionTech1\">\n                            <div class=\"accordion-item swiper-no-swiping\">\n                              <h2 class=\"accordion-header swiper-no-swiping\" id=\"heading1-1\">\n                                <button class=\"accordion-button swiper-no-swiping collapsed\" type=\"button\" data-bs-toggle=\"collapse\" data-bs-target=\"#collapse1-1\" aria-expanded=\"false\" aria-controls=\"collapse1-1\">\n                                  <p>Dynamische<\/p>\n<p>Energie\u00fcbertragung<\/p>                                <\/button>\n                              <\/h2>\n                              <div id=\"collapse1-1\" class=\"accordion-collapse collapse\" aria-labelledby=\"heading1-1\" data-bs-parent=\"#accordionTech1\">\n                                <div class=\"accordion-body\">\n                                  <ul>\n<li>Durchg\u00e4ngige Carbon-Struktur<\/li>\n<li>Nahezu verlustfreie Energie\u00fcbertragung von Schl\u00e4ger auf Ball<\/li>\n<\/ul>                                <\/div>\n                              <\/div>\n                            <\/div>\n                          <\/div>\n                                                                                                                        <div class=\"accordion swiper-no-swiping\" id=\"accordionTech1\">\n                            <div class=\"accordion-item swiper-no-swiping\">\n                              <h2 class=\"accordion-header swiper-no-swiping\" id=\"heading1-2\">\n                                <button class=\"accordion-button swiper-no-swiping collapsed\" type=\"button\" data-bs-toggle=\"collapse\" data-bs-target=\"#collapse1-2\" aria-expanded=\"false\" aria-controls=\"collapse1-2\">\n                                  <p>Hoher Smash Faktor<\/p>                                <\/button>\n                              <\/h2>\n                              <div id=\"collapse1-2\" class=\"accordion-collapse collapse\" aria-labelledby=\"heading1-2\" data-bs-parent=\"#accordionTech1\">\n                                <div class=\"accordion-body\">\n                                  <ul>\n<li>Smash Faktor = Verh\u00e4ltnis zwischen Schl\u00e4gerkopfgeschwindigkeit und Ballgeschwindigkeit<\/li>\n<li>Max. Smash Faktor = Max. Energie\u00fcbertragung<\/li>\n<li>Geringerer Kraftaufwand im Vergleich zu herk\u00f6mmlichen Eisen-Schl\u00e4gern<\/li>\n<\/ul>                                <\/div>\n                              <\/div>\n                            <\/div>\n                          <\/div>\n                                                                                                                                                                                                                                                          <\/div>\n                    <div class=\"col-12 col-sm-10 col-lg-5 offset-lg-2 order-1 order-lg-2\">\n                      <div class=\"box-wrapper\">\n                                                  <div class=\"box-title\">Dein Vorteil auf dem Platz<\/div>\n                                                                          <div class=\"box-content\"><p>Stabilerer Ballflug und konstantere Ergebnisse auch bei lockeren Schw\u00fcngen<\/p><\/div>\n                                              <\/div>\n                    <\/div>\n                  <\/div>\n                <\/div>\n              <\/div>\n                                    <div class=\"swiper-slide\">\n                                <div class=\"container\">\n                  <div class=\"row\">\n                    <div class=\"col-12 col-sm-10 col-lg-7\">\n                      <div class=\"content-wrapper d-flex flex-column justify-content-end align-items-start\">\n                         <div class=\"index\">\n                           02 <em>\/ 04<\/em>                         <\/div>\n                                                   <div class=\"title\">\n                            <p>Elastische Carbon-<\/p>\n<p>Schlagfl\u00e4che<\/p>                          <\/div>\n                                                                           <div class=\"content\">\n                            <p>Die nahtlos integrierte Carbon-Schlagfl\u00e4che vereint Elastizit\u00e4t und Pr\u00e4zision. Sie optimiert das Ein- und R\u00fcckfedern f\u00fcr maximale Kontrolle, verteilt Energie gleichm\u00e4ssig, minimiert Verluste bei Off-Center-Treffern und steigert die Weitenkonstanz messbar.<\/p>                          <\/div>\n                                                                      <\/div>\n                    <\/div>\n                    <div class=\"col-12 col-sm-10 col-lg-5\">\n                                              <div class=\"image-wrapper x-center y-center\">\n                          <img decoding=\"async\" width=\"360\" height=\"360\" src=\"https:\/\/golfyr.com\/wp-content\/uploads\/2025\/04\/Golfyr_Butler_Gif_360x360px_02.gif\" class=\"img-fluid\" alt=\"\">                        <\/div>\n                                          <\/div>\n                  <\/div>\n                  <div class=\"row\">\n                    <div class=\"col-12 col-lg-5 order-2 order-lg-1\">\n                                                                                                                                                                                            <div class=\"accordion swiper-no-swiping\" id=\"accordionTech2\">\n                            <div class=\"accordion-item swiper-no-swiping\">\n                              <h2 class=\"accordion-header swiper-no-swiping\" id=\"heading2-3\">\n                                <button class=\"accordion-button swiper-no-swiping collapsed\" type=\"button\" data-bs-toggle=\"collapse\" data-bs-target=\"#collapse2-3\" aria-expanded=\"false\" aria-controls=\"collapse2-3\">\n                                  <p>Vergr\u00f6sserte &#8220;Sweet-Zone&#8221;<\/p>                                <\/button>\n                              <\/h2>\n                              <div id=\"collapse2-3\" class=\"accordion-collapse collapse\" aria-labelledby=\"heading2-3\" data-bs-parent=\"#accordionTech2\">\n                                <div class=\"accordion-body\">\n                                  <ul>\n<li>Optimale Treffzone doppelt so gross wie bei herk\u00f6mmlichen Eisen-Schl\u00e4gern<\/li>\n<li>Energieverluste bei Off-Center Schl\u00e4gen erheblich reduziert<\/li>\n<li>Auch ausserhalb des Sweet Spots noch konstant hohe Ballgeschwindigkeit<\/li>\n<\/ul>                                <\/div>\n                              <\/div>\n                            <\/div>\n                          <\/div>\n                                                                                                                                                                                                            <\/div>\n                    <div class=\"col-12 col-sm-10 col-lg-5 offset-lg-2 order-1 order-lg-2\">\n                      <div class=\"box-wrapper\">\n                                                  <div class=\"box-title\">Dein Vorteil auf dem Platz<\/div>\n                                                                          <div class=\"box-content\"><p>Konstantere Weite und pr\u00e4zisere Flugbahnen<\/p><\/div>\n                                              <\/div>\n                    <\/div>\n                  <\/div>\n                <\/div>\n              <\/div>\n                                    <div class=\"swiper-slide\">\n                                <div class=\"container\">\n                  <div class=\"row\">\n                    <div class=\"col-12 col-sm-10 col-lg-7\">\n                      <div class=\"content-wrapper d-flex flex-column justify-content-end align-items-start\">\n                         <div class=\"index\">\n                           03 <em>\/ 04<\/em>                         <\/div>\n                                                   <div class=\"title\">\n                            <p>Optimierte<\/p>\n<p>Gewichtsbalance<\/p>                          <\/div>\n                                                                           <div class=\"content\">\n                            <p>Der Carbon-Hohlk\u00f6rper erm\u00f6glicht eine strategische Platzierung der Gewichte, maximiert durch die grossz\u00fcgigen Schl\u00e4gerkopfdimensionen den MOI und sorgt f\u00fcr ideale Balance sowie herausragende Stabilit\u00e4t bei jedem Schlag.<\/p>                          <\/div>\n                                                                      <\/div>\n                    <\/div>\n                    <div class=\"col-12 col-sm-10 col-lg-5\">\n                                              <div class=\"image-wrapper x-center y-center\">\n                          <img decoding=\"async\" width=\"360\" height=\"360\" src=\"https:\/\/golfyr.com\/wp-content\/uploads\/2025\/04\/Golfyr_Butler_Gif_360x360px_03.gif\" class=\"img-fluid\" alt=\"\">                        <\/div>\n                                          <\/div>\n                  <\/div>\n                  <div class=\"row\">\n                    <div class=\"col-12 col-lg-5 order-2 order-lg-1\">\n                                                                                                                                                                                                                                          <div class=\"accordion swiper-no-swiping\" id=\"accordionTech3\">\n                            <div class=\"accordion-item swiper-no-swiping\">\n                              <h2 class=\"accordion-header swiper-no-swiping\" id=\"heading3-4\">\n                                <button class=\"accordion-button swiper-no-swiping collapsed\" type=\"button\" data-bs-toggle=\"collapse\" data-bs-target=\"#collapse3-4\" aria-expanded=\"false\" aria-controls=\"collapse3-4\">\n                                  <p>Perfekt ausbalancierte<\/p>\n<p>Schwungmasse<\/p>                                <\/button>\n                              <\/h2>\n                              <div id=\"collapse3-4\" class=\"accordion-collapse collapse\" aria-labelledby=\"heading3-4\" data-bs-parent=\"#accordionTech3\">\n                                <div class=\"accordion-body\">\n                                  <ul>\n<li>70% des Gesamtgewichts frei verteilbar durch einzigartige Carbonics-Bauweise<\/li>\n<li>Strategische Platzierung erm\u00f6glicht perfekte Balance des Schl\u00e4gerkopfs<\/li>\n<li>Resultiert in einem ruhigen und stabilen Schwung<\/li>\n<\/ul>                                <\/div>\n                              <\/div>\n                            <\/div>\n                          <\/div>\n                                                                                                                        <div class=\"accordion swiper-no-swiping\" id=\"accordionTech3\">\n                            <div class=\"accordion-item swiper-no-swiping\">\n                              <h2 class=\"accordion-header swiper-no-swiping\" id=\"heading3-5\">\n                                <button class=\"accordion-button swiper-no-swiping collapsed\" type=\"button\" data-bs-toggle=\"collapse\" data-bs-target=\"#collapse3-5\" aria-expanded=\"false\" aria-controls=\"collapse3-5\">\n                                  <p>Einzigartiger MOI<\/p>                                <\/button>\n                              <\/h2>\n                              <div id=\"collapse3-5\" class=\"accordion-collapse collapse\" aria-labelledby=\"heading3-5\" data-bs-parent=\"#accordionTech3\">\n                                <div class=\"accordion-body\">\n                                  <ul>\n<li>Bis zu 80% h\u00f6herer MOI als herk\u00f6mmliche Eisen-Schl\u00e4ger<\/li>\n<li>Minimiert die Verdrehung des Schl\u00e4gerkopfs bei Off-Center Treffern<\/li>\n<li>Resultiert in einer Halbierung der seitlichen Streuung<\/li>\n<\/ul>                                <\/div>\n                              <\/div>\n                            <\/div>\n                          <\/div>\n                                                                                                                <\/div>\n                    <div class=\"col-12 col-sm-10 col-lg-5 offset-lg-2 order-1 order-lg-2\">\n                      <div class=\"box-wrapper\">\n                                                  <div class=\"box-title\">Dein Vorteil auf dem Platz<\/div>\n                                                                          <div class=\"box-content\"><p>Stabilerer Schwung und 50% weniger seitliche Streuung<\/p><\/div>\n                                              <\/div>\n                    <\/div>\n                  <\/div>\n                <\/div>\n              <\/div>\n                                    <div class=\"swiper-slide\">\n                                <div class=\"container\">\n                  <div class=\"row\">\n                    <div class=\"col-12 col-sm-10 col-lg-7\">\n                      <div class=\"content-wrapper d-flex flex-column justify-content-end align-items-start\">\n                         <div class=\"index\">\n                           04 <em>\/ 04<\/em>                         <\/div>\n                                                   <div class=\"title\">\n                            <p>Frei in Konstruktion<\/p>\n<p>und Spiel<\/p>                          <\/div>\n                                                                           <div class=\"content\">\n                            <p>Die revolution\u00e4re Carbonics-Bauweise \u00fcberwindet klassische Designbeschr\u00e4nkungen und erm\u00f6glicht pr\u00e4zise abgestimmte Schl\u00e4ger f\u00fcr jede Spielsituation. Sie optimiert Balance, Form und Performance, reduziert die Anzahl ben\u00f6tigter Schl\u00e4ger und verzichtet auf Kompromisse.<\/p>                          <\/div>\n                                                                      <\/div>\n                    <\/div>\n                    <div class=\"col-12 col-sm-10 col-lg-5\">\n                                              <div class=\"image-wrapper x-center y-center\">\n                          <img decoding=\"async\" width=\"360\" height=\"360\" src=\"https:\/\/golfyr.com\/wp-content\/uploads\/2025\/04\/Golfyr_Butler_Gif_360x360px_04.gif\" class=\"img-fluid\" alt=\"\">                        <\/div>\n                                          <\/div>\n                  <\/div>\n                  <div class=\"row\">\n                    <div class=\"col-12 col-lg-5 order-2 order-lg-1\">\n                                                                                                                                                                                                                                                                                                                                      <div class=\"accordion swiper-no-swiping\" id=\"accordionTech4\">\n                            <div class=\"accordion-item swiper-no-swiping\">\n                              <h2 class=\"accordion-header swiper-no-swiping\" id=\"heading4-6\">\n                                <button class=\"accordion-button swiper-no-swiping collapsed\" type=\"button\" data-bs-toggle=\"collapse\" data-bs-target=\"#collapse4-6\" aria-expanded=\"false\" aria-controls=\"collapse4-6\">\n                                  <p>Einzigartige Designfreiheit<\/p>                                <\/button>\n                              <\/h2>\n                              <div id=\"collapse4-6\" class=\"accordion-collapse collapse\" aria-labelledby=\"heading4-6\" data-bs-parent=\"#accordionTech4\">\n                                <div class=\"accordion-body\">\n                                  <ul>\n<li>Symmetrische Schlagfl\u00e4che f\u00fcr mehr Performance<\/li>\n<li>Perfekte Abstimmung von Schwerpunkt und Sweet Spot<\/li>\n<li>Individuelle Schwerpunktverlagerung f\u00fcr jeden Schl\u00e4ger<\/li>\n<\/ul>                                <\/div>\n                              <\/div>\n                            <\/div>\n                          <\/div>\n                                                                  <\/div>\n                    <div class=\"col-12 col-sm-10 col-lg-5 offset-lg-2 order-1 order-lg-2\">\n                      <div class=\"box-wrapper\">\n                                                  <div class=\"box-title\">Dein Vorteil auf dem Platz<\/div>\n                                                                          <div class=\"box-content\"><p>Reduziertes Schl\u00e4gerset f\u00fcr ein effizienteres und konstanteres Spiel<\/p><\/div>\n                                              <\/div>\n                    <\/div>\n                  <\/div>\n                <\/div>\n              <\/div>\n                  <\/div>\n      <\/div>\n      <div class=\"swiper-buttons\">\n          <div class=\"swiper-button-prev swiper-tech-button-prev\">\n              <img decoding=\"async\" src=\"https:\/\/golfyr.com\/wp-content\/themes\/golfyr\/includes\/img\/slider-arrow-p1.png\" alt=\"Slider arrow previous slide\">\n          <\/div>\n          <div class=\"swiper-button-next swiper-tech-button-next\">\n              <img decoding=\"async\" src=\"https:\/\/golfyr.com\/wp-content\/themes\/golfyr\/includes\/img\/slider-arrow-p1.png\" alt=\"Slider arrow next slide\">\n          <\/div>\n      <\/div>\n  <\/div>\n<\/section>","protected":false},"excerpt":{"rendered":"","protected":false},"author":3,"featured_media":0,"parent":2787,"menu_order":0,"comment_status":"closed","ping_status":"closed","template":"default-p1-1920.php","meta":{"content-type":"","footnotes":""},"class_list":["post-4127","page","type-page","status-publish","hentry"],"acf":[],"_links":{"self":[{"href":"https:\/\/golfyr.com\/de\/wp-json\/wp\/v2\/pages\/4127","targetHints":{"allow":["GET"]}}],"collection":[{"href":"https:\/\/golfyr.com\/de\/wp-json\/wp\/v2\/pages"}],"about":[{"href":"https:\/\/golfyr.com\/de\/wp-json\/wp\/v2\/types\/page"}],"author":[{"embeddable":true,"href":"https:\/\/golfyr.com\/de\/wp-json\/wp\/v2\/users\/3"}],"replies":[{"embeddable":true,"href":"https:\/\/golfyr.com\/de\/wp-json\/wp\/v2\/comments?post=4127"}],"version-history":[{"count":2,"href":"https:\/\/golfyr.com\/de\/wp-json\/wp\/v2\/pages\/4127\/revisions"}],"predecessor-version":[{"id":4174,"href":"https:\/\/golfyr.com\/de\/wp-json\/wp\/v2\/pages\/4127\/revisions\/4174"}],"up":[{"embeddable":true,"href":"https:\/\/golfyr.com\/de\/wp-json\/wp\/v2\/pages\/2787"}],"wp:attachment":[{"href":"https:\/\/golfyr.com\/de\/wp-json\/wp\/v2\/media?parent=4127"}],"curies":[{"name":"wp","href":"https:\/\/api.w.org\/{rel}","templated":true}]}}