{"id":4148,"date":"2025-04-11T13:44:43","date_gmt":"2025-04-11T11:44:43","guid":{"rendered":"https:\/\/golfyr.com\/?page_id=4148"},"modified":"2025-04-11T13:47:20","modified_gmt":"2025-04-11T11:47:20","slug":"material","status":"publish","type":"page","link":"https:\/\/golfyr.com\/de\/technologie\/material\/","title":{"rendered":"Material"},"content":{"rendered":"<section class=\"hero-video-home-p1 d-flex flex-column justify-content-end add-mrg-btm\">\n  <div class=\"background\">\n                  <div class=\"image-wrapper d-md-none\">\n          <img decoding=\"async\" width=\"498\" height=\"1024\" src=\"https:\/\/golfyr.com\/wp-content\/uploads\/2025\/04\/header-carbon-430-498x1024.jpg\" class=\"img-fluid\" alt=\"\" srcset=\"https:\/\/golfyr.com\/wp-content\/uploads\/2025\/04\/header-carbon-430-498x1024.jpg 498w, https:\/\/golfyr.com\/wp-content\/uploads\/2025\/04\/header-carbon-430-146x300.jpg 146w, https:\/\/golfyr.com\/wp-content\/uploads\/2025\/04\/header-carbon-430-768x1580.jpg 768w, https:\/\/golfyr.com\/wp-content\/uploads\/2025\/04\/header-carbon-430-746x1536.jpg 746w, https:\/\/golfyr.com\/wp-content\/uploads\/2025\/04\/header-carbon-430-995x2048.jpg 995w, https:\/\/golfyr.com\/wp-content\/uploads\/2025\/04\/header-carbon-430-600x1235.jpg 600w, https:\/\/golfyr.com\/wp-content\/uploads\/2025\/04\/header-carbon-430.jpg 1244w\" sizes=\"(max-width: 498px) 100vw, 498px\">        <\/div>\n                              <div class=\"image-wrapper d-none d-md-block d-xl-none\">\n                    <img decoding=\"async\" width=\"768\" height=\"1024\" src=\"https:\/\/golfyr.com\/wp-content\/uploads\/2025\/04\/header-carbon-768-768x1024.jpg\" class=\"img-fluid\" alt=\"\" srcset=\"https:\/\/golfyr.com\/wp-content\/uploads\/2025\/04\/header-carbon-768-768x1024.jpg 768w, https:\/\/golfyr.com\/wp-content\/uploads\/2025\/04\/header-carbon-768-225x300.jpg 225w, https:\/\/golfyr.com\/wp-content\/uploads\/2025\/04\/header-carbon-768-1152x1536.jpg 1152w, https:\/\/golfyr.com\/wp-content\/uploads\/2025\/04\/header-carbon-768-1536x2048.jpg 1536w, https:\/\/golfyr.com\/wp-content\/uploads\/2025\/04\/header-carbon-768-600x800.jpg 600w, https:\/\/golfyr.com\/wp-content\/uploads\/2025\/04\/header-carbon-768.jpg 1920w\" sizes=\"(max-width: 768px) 100vw, 768px\">          <\/div>\n                              <div class=\"image-wrapper x-center y-center d-none d-md-block\">\n                    <img decoding=\"async\" width=\"1024\" height=\"576\" src=\"https:\/\/golfyr.com\/wp-content\/uploads\/2025\/04\/header-carbon-1920-1024x576.jpg\" class=\"img-fluid\" alt=\"\" srcset=\"https:\/\/golfyr.com\/wp-content\/uploads\/2025\/04\/header-carbon-1920-1024x576.jpg 1024w, https:\/\/golfyr.com\/wp-content\/uploads\/2025\/04\/header-carbon-1920-300x169.jpg 300w, https:\/\/golfyr.com\/wp-content\/uploads\/2025\/04\/header-carbon-1920-768x432.jpg 768w, https:\/\/golfyr.com\/wp-content\/uploads\/2025\/04\/header-carbon-1920-1536x864.jpg 1536w, https:\/\/golfyr.com\/wp-content\/uploads\/2025\/04\/header-carbon-1920-2048x1152.jpg 2048w, https:\/\/golfyr.com\/wp-content\/uploads\/2025\/04\/header-carbon-1920-600x338.jpg 600w\" sizes=\"(max-width: 1024px) 100vw, 1024px\">          <\/div>\n                <\/div>\n  <div class=\"overlay-shadow\">\n    <img decoding=\"async\" src=\"https:\/\/golfyr.com\/wp-content\/themes\/golfyr\/includes\/img\/overlay-shadow.png\" alt=\"Overlay shadow\">\n  <\/div>\n    <div class=\"scroll-cta\">\n    <div class=\"cta\">Mehr entdecken<\/div>\n    <div class=\"chevron\">\n      <svg width=\"20\" height=\"26\" viewBox=\"0 0 20 26\" fill=\"none\" xmlns=\"http:\/\/www.w3.org\/2000\/svg\">\n        <path d=\"M1 9.5L9.99997 18.5L18.9999 9.5\" stroke=\"white\" stroke-width=\"2\"\/>\n      <\/svg>\n    <\/div>\n  <\/div>\n    <div class=\"container h-100 d-flex flex-column align-items-start\">\n    <div class=\"row w-100 flex-grow-1\">\n      <div class=\"col-12 d-flex flex-column justify-content-start\">\n        <!--<div class=\"logo d-flex flex-row justify-content-start justify-content-lg-center\"><img decoding=\"async\" src=\"https:\/\/golfyr.com\/wp-content\/themes\/golfyr\/includes\/img\/golfyr-logo-white.png\" alt=\"\"><\/div>-->\n      <\/div>\n    <\/div>\n              <div class=\"row w-100\">\n        <div class=\"col-12 col-md-10\">\n          <h1>\n                                    <span class=\"\">Carbonics<br>Technology<\/span>\n                                    <\/h1>\n        <\/div>\n      <\/div>\n              <\/div>\n<\/section>\n\n<section class=\"large-text-block top-lg bottom-lg\" id=\"\">\n  <div class=\"container\">\n        <div class=\"row\">\n      <div class=\"col-12 col-lg-12 \">\n        <div class=\"content\">\n          <p>Eine bahnbrechende Innovation, geboren aus Expertise. Golfyr-Gr\u00fcnder Roger Stadler, mit \u00fcber 25 Jahren Erfahrung in der Medizinaltechnik, erkannte das ungenutzte Potenzial von Carbon f\u00fcr den Golfsport. Gemeinsam mit Carbon-Experte Daniel H\u00fcsler entwickelte er die Carbonics Technologie \u2013 ein revolution\u00e4res Herstellungsverfahren, das erstmals die Produktion eines kompletten Golfschl\u00e4ger-Sets aus 100% Carbon erm\u00f6glicht. Das Ergebnis: Leichter, pr\u00e4ziser, leistungsst\u00e4rker. Durch eine einzigartige Materialstruktur wird das Gewicht optimal verteilt, die Energie\u00fcbertragung maximiert und das Spielgef\u00fchl verbessert \u2013 f\u00fcr eine v\u00f6llig neue Art, Golf zu spielen.<\/p>        <\/div>\n              <\/div>\n    <\/div>\n  <\/div>\n<\/section>\n\n<section class=\"slider-tabs-nav\" id=\"\">\n  <div class=\"container\">\n          <div class=\"row\">\n        <div class=\"col-12\">\n          <h2 class=\"title\"><p>Die Vorteile von Carbon<\/p><\/h2>\n        <\/div>\n      <\/div>\n              <div class=\"row\">\n        <div class=\"col-12 col-lg-7\">\n          <h2 class=\"content\"><p>Mit unseren Ans\u00e4tzen wird Golf einfacher, zug\u00e4nglicher und angenehmer \u2013 ein Spiel, das Freude und Erf\u00fcllung bringt. Es ist Zeit, Golf neu zu denken.<\/p><\/h2>\n        <\/div>\n      <\/div>\n        <div class=\"row\">\n      <div class=\"col-12\"><hr class=\"top-border-hr\"><\/div>\n      <div class=\"col-12\">\n        \n        <div class=\"swiper simpleSliderTabNav\">\n          <div class=\"swiper-wrapper\">\n                          <div class=\"swiper-slide\">\n                <div class=\"menu-tab\">Leicht und robust<\/div>\n              <\/div>\n                          <div class=\"swiper-slide\">\n                <div class=\"menu-tab\">Innovatives Design<\/div>\n              <\/div>\n                          <div class=\"swiper-slide\">\n                <div class=\"menu-tab\">Optimale Energie\u00fcbertragung<\/div>\n              <\/div>\n                          <div class=\"swiper-slide\">\n                <div class=\"menu-tab\">Authentische Struktur<\/div>\n              <\/div>\n                          <div class=\"swiper-slide\">\n                <div class=\"menu-tab\">Schweizer Pr\u00e4zision<\/div>\n              <\/div>\n                      <\/div>\n        <\/div>\n        \n        <div class=\"container p-0\">\n          <div class=\"row\">\n            <div class=\"col-12 col-lg-7 col-xxl-6\">\n              <div class=\"swiper simpleSliderTabNavContentImages\">\n                <div class=\"swiper-wrapper\">\n                                      <div class=\"swiper-slide\">\n                      <div class=\"image-wrapper\">\n                        <img decoding=\"async\" width=\"439\" height=\"300\" src=\"https:\/\/golfyr.com\/wp-content\/uploads\/2025\/04\/LeichtUndRobust.gif\" class=\"img-fluid\" alt=\"\">                      <\/div>\n                    <\/div>\n                                      <div class=\"swiper-slide\">\n                      <div class=\"image-wrapper\">\n                        <img decoding=\"async\" width=\"649\" height=\"419\" src=\"https:\/\/golfyr.com\/wp-content\/uploads\/2025\/04\/innovatives-design.jpg\" class=\"img-fluid\" alt=\"\" srcset=\"https:\/\/golfyr.com\/wp-content\/uploads\/2025\/04\/innovatives-design.jpg 649w, https:\/\/golfyr.com\/wp-content\/uploads\/2025\/04\/innovatives-design-300x194.jpg 300w, https:\/\/golfyr.com\/wp-content\/uploads\/2025\/04\/innovatives-design-600x387.jpg 600w\" sizes=\"(max-width: 649px) 100vw, 649px\">                      <\/div>\n                    <\/div>\n                                      <div class=\"swiper-slide\">\n                      <div class=\"image-wrapper\">\n                        <img decoding=\"async\" width=\"439\" height=\"300\" src=\"https:\/\/golfyr.com\/wp-content\/uploads\/2025\/04\/OptimaleEnergeiuebertragung.gif\" class=\"img-fluid\" alt=\"\">                      <\/div>\n                    <\/div>\n                                      <div class=\"swiper-slide\">\n                      <div class=\"image-wrapper\">\n                        <img decoding=\"async\" width=\"868\" height=\"500\" src=\"https:\/\/golfyr.com\/wp-content\/uploads\/2025\/04\/authentic-structure.jpg\" class=\"img-fluid\" alt=\"\" srcset=\"https:\/\/golfyr.com\/wp-content\/uploads\/2025\/04\/authentic-structure.jpg 868w, https:\/\/golfyr.com\/wp-content\/uploads\/2025\/04\/authentic-structure-300x173.jpg 300w, https:\/\/golfyr.com\/wp-content\/uploads\/2025\/04\/authentic-structure-768x442.jpg 768w, https:\/\/golfyr.com\/wp-content\/uploads\/2025\/04\/authentic-structure-600x346.jpg 600w\" sizes=\"(max-width: 868px) 100vw, 868px\">                      <\/div>\n                    <\/div>\n                                      <div class=\"swiper-slide\">\n                      <div class=\"image-wrapper\">\n                        <img decoding=\"async\" width=\"439\" height=\"300\" src=\"https:\/\/golfyr.com\/wp-content\/uploads\/2025\/04\/SchweizerPraezision.gif\" class=\"img-fluid\" alt=\"\">                      <\/div>\n                    <\/div>\n                                  <\/div>\n              <\/div>\n            <\/div>\n            <div class=\"col-12 col-lg-4 offset-lg-8 col-xxl-5 offset-xxl-7 order-2 order-lg-3 position-relative\">\n              <div class=\"swiper-buttons\">\n                <!-- If we need navigation buttons -->\n                  <div class=\"swiper-button-prev swiper-tabnavcontent-button-prev\">\n                    <img decoding=\"async\" src=\"https:\/\/golfyr.com\/wp-content\/themes\/golfyr\/includes\/img\/slider-arrow-p1.png\" alt=\"Slider arrow previous slide\">\n                  <\/div>\n                  <div class=\"swiper-button-next swiper-tabnavcontent-button-next\">\n                    <img decoding=\"async\" src=\"https:\/\/golfyr.com\/wp-content\/themes\/golfyr\/includes\/img\/slider-arrow-p1.png\" alt=\"Slider arrow next slide\">\n                  <\/div>\n              <\/div>\n            <\/div>\n            <div class=\"col-12 col-md-6 col-lg-4 offset-lg-1 col-xxl-5 offset-xxl-1 order-3 order-lg-2\">\n              <div class=\"swiper simpleSliderTabNavContent\">\n                <div class=\"swiper-wrapper\">\n                                      <div class=\"swiper-slide\">\n                      <div class=\"content-wrapper\">\n                        <div class=\"title\">\n                          <p>Leicht und robust<\/p>                        <\/div>\n                        <div class=\"content\">\n                          <p>Carbon zeichnet sich durch sein geringes Gewicht und seine aussergew\u00f6hnliche Festigkeit aus. Diese Eigenschaften erm\u00f6glichen es, Schl\u00e4ger zu entwickeln, bei denen das Gewicht strategisch verteilt werden kann und gleichzeitig sehr langlebig sind.<\/p>                        <\/div>\n                                              <\/div>\n                    <\/div>\n                                                          <div class=\"swiper-slide\">\n                      <div class=\"content-wrapper\">\n                        <div class=\"title\">\n                          <p>Innovatives Design<\/p>                        <\/div>\n                        <div class=\"content\">\n                          <p>Durch den Einsatz fortschrittlicher Technologien kann Golfyr Schl\u00e4gerk\u00f6pfe mit einer Hohlraumstruktur fertigen, die nur rund 20-30% des gesamten Gewichts des Schl\u00e4gerkopfes ausmacht. Dies erlaubt eine pr\u00e4zise Platzierung von Gewichtseins\u00e4tzen, wodurch Stabilit\u00e4t und Genauigkeit erh\u00f6ht und die Fehlertoleranz optimiert werden.<\/p>                        <\/div>\n                                              <\/div>\n                    <\/div>\n                                                          <div class=\"swiper-slide\">\n                      <div class=\"content-wrapper\">\n                        <div class=\"title\">\n                          <p>Optimale<\/p>\n<p>Energie\u00fcbertragung<\/p>                        <\/div>\n                        <div class=\"content\">\n                          <p>Der Voll-Carbon-K\u00f6rper erm\u00f6glicht eine perfekte Balance und Gewichtsverteilung im Schl\u00e4ger, was zu einer optimierten Energie\u00fcbertragung beim Schlag f\u00fchrt. Dies maximiert die Schlagkraft und minimiert unerw\u00fcnschte Vibrationen, wodurch ein angenehmes Schlaggef\u00fchl entsteht.<\/p>                        <\/div>\n                                              <\/div>\n                    <\/div>\n                                                          <div class=\"swiper-slide\">\n                      <div class=\"content-wrapper\">\n                        <div class=\"title\">\n                          <p>Authentische<\/p>\n<p>Struktur<\/p>                        <\/div>\n                        <div class=\"content\">\n                          <p>Golfyr verwendet strukturelles Carbon, dessen Oberfl\u00e4chenstruktur das Ergebnis des reinen Herstellungsprozesses ist. Dies verleiht den Schl\u00e4gern ein einzigartiges, nat\u00fcrliches Aussehen und unterstreicht die Authentizit\u00e4t und Qualit\u00e4t des Materials.<\/p>                        <\/div>\n                                              <\/div>\n                    <\/div>\n                                                          <div class=\"swiper-slide\">\n                      <div class=\"content-wrapper\">\n                        <div class=\"title\">\n                          <p>Schweizer<\/p>\n<p>Pr\u00e4zision<\/p>                        <\/div>\n                        <div class=\"content\">\n                          <p>Alle Golfyr-Schl\u00e4ger werden vollst\u00e4ndig in der Schweiz entwickelt, entworfen und produziert. Als einziger Hersteller von Carbon-Golfschl\u00e4gern in der Schweiz und der gesamten Europ\u00e4ischen Union garantiert Golfyr h\u00f6chste Qualit\u00e4tsstandards und Pr\u00e4zision in der Fertigung.<\/p>                        <\/div>\n                                              <\/div>\n                    <\/div>\n                                                        <!--<div class=\"swiper-slide empty-slide swiper-no-swiping d-none d-lg-block\"><\/div>-->\n                <\/div>\n              <\/div>\n            <\/div>\n          <\/div>\n        <\/div>\n      <\/div>\n    <\/div>\n  <\/div>\n<\/section>\n\n\n","protected":false},"excerpt":{"rendered":"","protected":false},"author":3,"featured_media":0,"parent":2787,"menu_order":0,"comment_status":"closed","ping_status":"closed","template":"default-p1-1920.php","meta":{"content-type":"","footnotes":""},"class_list":["post-4148","page","type-page","status-publish","hentry"],"acf":[],"_links":{"self":[{"href":"https:\/\/golfyr.com\/de\/wp-json\/wp\/v2\/pages\/4148","targetHints":{"allow":["GET"]}}],"collection":[{"href":"https:\/\/golfyr.com\/de\/wp-json\/wp\/v2\/pages"}],"about":[{"href":"https:\/\/golfyr.com\/de\/wp-json\/wp\/v2\/types\/page"}],"author":[{"embeddable":true,"href":"https:\/\/golfyr.com\/de\/wp-json\/wp\/v2\/users\/3"}],"replies":[{"embeddable":true,"href":"https:\/\/golfyr.com\/de\/wp-json\/wp\/v2\/comments?post=4148"}],"version-history":[{"count":1,"href":"https:\/\/golfyr.com\/de\/wp-json\/wp\/v2\/pages\/4148\/revisions"}],"predecessor-version":[{"id":4149,"href":"https:\/\/golfyr.com\/de\/wp-json\/wp\/v2\/pages\/4148\/revisions\/4149"}],"up":[{"embeddable":true,"href":"https:\/\/golfyr.com\/de\/wp-json\/wp\/v2\/pages\/2787"}],"wp:attachment":[{"href":"https:\/\/golfyr.com\/de\/wp-json\/wp\/v2\/media?parent=4148"}],"curies":[{"name":"wp","href":"https:\/\/api.w.org\/{rel}","templated":true}]}}