{"id":4168,"date":"2025-04-11T13:56:29","date_gmt":"2025-04-11T11:56:29","guid":{"rendered":"https:\/\/golfyr.com\/?page_id=4168"},"modified":"2026-01-15T14:51:04","modified_gmt":"2026-01-15T13:51:04","slug":"produktion","status":"publish","type":"page","link":"https:\/\/golfyr.com\/de\/technologie\/produktion\/","title":{"rendered":"Produktion"},"content":{"rendered":"<section class=\"hero-video-home-p1 d-flex flex-column justify-content-end add-mrg-btm\">\n  <div class=\"background\">\n                  <div class=\"image-wrapper d-md-none\">\n          <img decoding=\"async\" width=\"1024\" height=\"653\" src=\"https:\/\/golfyr.com\/wp-content\/uploads\/2026\/01\/3_Gossau_Adultimum_1_Bild_JM5R2670-10-1024x653.png\" class=\"img-fluid\" alt=\"\" srcset=\"https:\/\/golfyr.com\/wp-content\/uploads\/2026\/01\/3_Gossau_Adultimum_1_Bild_JM5R2670-10-1024x653.png 1024w, https:\/\/golfyr.com\/wp-content\/uploads\/2026\/01\/3_Gossau_Adultimum_1_Bild_JM5R2670-10-300x191.png 300w, https:\/\/golfyr.com\/wp-content\/uploads\/2026\/01\/3_Gossau_Adultimum_1_Bild_JM5R2670-10-768x490.png 768w, https:\/\/golfyr.com\/wp-content\/uploads\/2026\/01\/3_Gossau_Adultimum_1_Bild_JM5R2670-10-1536x980.png 1536w, https:\/\/golfyr.com\/wp-content\/uploads\/2026\/01\/3_Gossau_Adultimum_1_Bild_JM5R2670-10-2048x1306.png 2048w, https:\/\/golfyr.com\/wp-content\/uploads\/2026\/01\/3_Gossau_Adultimum_1_Bild_JM5R2670-10-600x383.png 600w\" sizes=\"(max-width: 1024px) 100vw, 1024px\">        <\/div>\n                              <div class=\"image-wrapper d-none d-md-block d-xl-none\">\n                    <img decoding=\"async\" width=\"1024\" height=\"653\" src=\"https:\/\/golfyr.com\/wp-content\/uploads\/2026\/01\/3_Gossau_Adultimum_1_Bild_JM5R2670-10-1024x653.png\" class=\"img-fluid\" alt=\"\" srcset=\"https:\/\/golfyr.com\/wp-content\/uploads\/2026\/01\/3_Gossau_Adultimum_1_Bild_JM5R2670-10-1024x653.png 1024w, https:\/\/golfyr.com\/wp-content\/uploads\/2026\/01\/3_Gossau_Adultimum_1_Bild_JM5R2670-10-300x191.png 300w, https:\/\/golfyr.com\/wp-content\/uploads\/2026\/01\/3_Gossau_Adultimum_1_Bild_JM5R2670-10-768x490.png 768w, https:\/\/golfyr.com\/wp-content\/uploads\/2026\/01\/3_Gossau_Adultimum_1_Bild_JM5R2670-10-1536x980.png 1536w, https:\/\/golfyr.com\/wp-content\/uploads\/2026\/01\/3_Gossau_Adultimum_1_Bild_JM5R2670-10-2048x1306.png 2048w, https:\/\/golfyr.com\/wp-content\/uploads\/2026\/01\/3_Gossau_Adultimum_1_Bild_JM5R2670-10-600x383.png 600w\" sizes=\"(max-width: 1024px) 100vw, 1024px\">          <\/div>\n                              <div class=\"image-wrapper x-center y-center d-none d-md-block\">\n                    <img decoding=\"async\" width=\"1024\" height=\"653\" src=\"https:\/\/golfyr.com\/wp-content\/uploads\/2026\/01\/3_Gossau_Adultimum_1_Bild_JM5R2670-10-1024x653.png\" class=\"img-fluid\" alt=\"\" srcset=\"https:\/\/golfyr.com\/wp-content\/uploads\/2026\/01\/3_Gossau_Adultimum_1_Bild_JM5R2670-10-1024x653.png 1024w, https:\/\/golfyr.com\/wp-content\/uploads\/2026\/01\/3_Gossau_Adultimum_1_Bild_JM5R2670-10-300x191.png 300w, https:\/\/golfyr.com\/wp-content\/uploads\/2026\/01\/3_Gossau_Adultimum_1_Bild_JM5R2670-10-768x490.png 768w, https:\/\/golfyr.com\/wp-content\/uploads\/2026\/01\/3_Gossau_Adultimum_1_Bild_JM5R2670-10-1536x980.png 1536w, https:\/\/golfyr.com\/wp-content\/uploads\/2026\/01\/3_Gossau_Adultimum_1_Bild_JM5R2670-10-2048x1306.png 2048w, https:\/\/golfyr.com\/wp-content\/uploads\/2026\/01\/3_Gossau_Adultimum_1_Bild_JM5R2670-10-600x383.png 600w\" sizes=\"(max-width: 1024px) 100vw, 1024px\">          <\/div>\n                <\/div>\n  <div class=\"overlay-shadow\">\n    <img decoding=\"async\" src=\"https:\/\/golfyr.com\/wp-content\/themes\/golfyr\/includes\/img\/overlay-shadow.png\" alt=\"Overlay shadow\">\n  <\/div>\n    <div class=\"scroll-cta\">\n    <div class=\"cta\">Mehr entdecken<\/div>\n    <div class=\"chevron\">\n      <svg width=\"20\" height=\"26\" viewBox=\"0 0 20 26\" fill=\"none\" xmlns=\"http:\/\/www.w3.org\/2000\/svg\">\n        <path d=\"M1 9.5L9.99997 18.5L18.9999 9.5\" stroke=\"white\" stroke-width=\"2\"\/>\n      <\/svg>\n    <\/div>\n  <\/div>\n    <div class=\"container h-100 d-flex flex-column align-items-start\">\n    <div class=\"row w-100 flex-grow-1\">\n      <div class=\"col-12 d-flex flex-column justify-content-start\">\n        <!--<div class=\"logo d-flex flex-row justify-content-start justify-content-lg-center\"><img decoding=\"async\" src=\"https:\/\/golfyr.com\/wp-content\/themes\/golfyr\/includes\/img\/golfyr-logo-white.png\" alt=\"\"><\/div>-->\n      <\/div>\n    <\/div>\n              <div class=\"row w-100\">\n        <div class=\"col-12 col-md-10\">\n          <h1>\n                                    <span class=\"\">Innovation<br>engineered with<br>Swiss Precision<\/span>\n                                    <\/h1>\n        <\/div>\n      <\/div>\n              <\/div>\n<\/section>\n\n<section class=\"large-text-block top-lg bottom-md\" id=\"\">\n  <div class=\"container\">\n        <div class=\"row\">\n      <div class=\"col-12 col-lg-12 \">\n        <div class=\"content\">\n          <p>Bei Golfyr steht die Entwicklung unserer Schl\u00e4ger f\u00fcr ein unvergleichliches Zusammenspiel von Innovation und Fertigungs-Kompetenz. Durch unsere Partnerschaft mit dem renommierten Carbon-Technologie-Spezialisten Daniel H\u00fcsler und seinem Unternehmen adultimum haben wir den Anspruch, Golfschl\u00e4ger zu entwickeln, die durch maximale Pr\u00e4zision und erstklassige Materialqualit\u00e4t \u00fcberzeugen.<\/p>        <\/div>\n              <\/div>\n    <\/div>\n  <\/div>\n<\/section>\n\n<section class=\"content-article-list\" id=\"\">\n  <div class=\"container\">\n    <div class=\"row\">\n      <div class=\"col-12\">\n        <hr>\n      <\/div>\n    <\/div>\n        <article>\n      <div class=\"row\">\n        <div class=\"col-12 col-lg-6\">\n          <div class=\"index\">\n            01 \/ 05          <\/div>\n          <div class=\"title\"><p>Swiss Made \u2013 Qualit\u00e4t, die den Unterschied macht<\/p><\/div>\n          <div class=\"content\"><p>Unsere Golfschl\u00e4ger stehen f\u00fcr 100% Swiss Made. Von der ersten Idee und Konzeption bis hin zur Endfertigung geschieht alles in der Schweiz \u2013 genauer gesagt in St. Gallen. Das offizielle Swiss Made Label garantiert h\u00f6chste Pr\u00e4zision und Qualit\u00e4t, ein Versprechen, das weltweit gesch\u00e4tzt wird.<\/p><\/div>\n                  <\/div>\n                <div class=\"col-12 col-lg-6 order-first order-lg-last\">\n          <div class=\"image-wrapper x-center y-center\">\n            <img decoding=\"async\" width=\"480\" height=\"270\" src=\"https:\/\/golfyr.com\/wp-content\/uploads\/2025\/04\/golfyr-production-swiss-made.gif\" class=\"img-fluid\" alt=\"\">          <\/div>\n        <\/div>\n      <\/div>\n    <\/article>\n    <\/li>\n          <article>\n      <div class=\"row\">\n        <div class=\"col-12 col-lg-6\">\n          <div class=\"index\">\n            02 \/ 05          <\/div>\n          <div class=\"title\"><p>Bahnbrechende<\/p>\n<p>Carbonics Technologie<\/p><\/div>\n          <div class=\"content\"><p>Golfyr ist der einzige Hersteller weltweit, der es geschafft hat, den Werkstoff Carbon so zu optimieren, dass daraus ein komplettes Schl\u00e4gerset aus 100% Carbon entstehen kann. Dieser herausragende Werkstoff, verarbeitet durch eine einzigartige innovative Technologie, gesch\u00fctzt durch Herstellungs- und Produktpatente, garantiert aussergew\u00f6hnliche Performance und Langlebigkeit.<\/p><\/div>\n                      <div class=\"cta-wrapper\">\n              <a class=\"btn btn-dark\" href=\"https:\/\/golfyr.com\/de\/technology\/material\/\">\n                Warum Carbon              <\/a>\n            <\/div>\n                  <\/div>\n                <div class=\"col-12 col-lg-6 order-first order-lg-last\">\n          <div class=\"image-wrapper x-center y-center\">\n            <img decoding=\"async\" width=\"1024\" height=\"590\" src=\"https:\/\/golfyr.com\/wp-content\/uploads\/2025\/04\/production-carbon-02-1920-1024x590.jpg\" class=\"img-fluid\" alt=\"\" srcset=\"https:\/\/golfyr.com\/wp-content\/uploads\/2025\/04\/production-carbon-02-1920-1024x590.jpg 1024w, https:\/\/golfyr.com\/wp-content\/uploads\/2025\/04\/production-carbon-02-1920-300x173.jpg 300w, https:\/\/golfyr.com\/wp-content\/uploads\/2025\/04\/production-carbon-02-1920-768x443.jpg 768w, https:\/\/golfyr.com\/wp-content\/uploads\/2025\/04\/production-carbon-02-1920-600x346.jpg 600w, https:\/\/golfyr.com\/wp-content\/uploads\/2025\/04\/production-carbon-02-1920.jpg 1260w\" sizes=\"(max-width: 1024px) 100vw, 1024px\">          <\/div>\n        <\/div>\n      <\/div>\n    <\/article>\n    <\/li>\n          <article>\n      <div class=\"row\">\n        <div class=\"col-12 col-lg-6\">\n          <div class=\"index\">\n            03 \/ 05          <\/div>\n          <div class=\"title\"><p>High-Tech-Fertigung<\/p>\n<p>in Perfektion<\/p><\/div>\n          <div class=\"content\"><p>In unserer hochautomatisierten Produktionsst\u00e4tte setzen wir modernste Robotertechnologie und innovative Verfahren ein. Jedes Detail wird mit absoluter Pr\u00e4zision gefertigt, um Schl\u00e4ger zu schaffen, die h\u00f6chsten Anspr\u00fcchen gerecht werden.<\/p><\/div>\n                  <\/div>\n                <div class=\"col-12 col-lg-6 order-first order-lg-last\">\n          <div class=\"image-wrapper x-center y-center\">\n            <img decoding=\"async\" width=\"439\" height=\"300\" src=\"https:\/\/golfyr.com\/wp-content\/uploads\/2025\/04\/production-high-tech.gif\" class=\"img-fluid\" alt=\"\">          <\/div>\n        <\/div>\n      <\/div>\n    <\/article>\n    <\/li>\n          <article>\n      <div class=\"row\">\n        <div class=\"col-12 col-lg-6\">\n          <div class=\"index\">\n            04 \/ 05          <\/div>\n          <div class=\"title\"><p>Daniel H\u00fcsler:<\/p>\n<p>Der Carbon-Innovator<\/p><\/div>\n          <div class=\"content\"><p>Mit Daniel H\u00fcsler und seinem Team bei adultimum setzen wir neue Standards. Seine Expertise in der Carbon-Technologie und die N\u00e4he zur Produktion garantieren Effizienz und Perfektion in jedem Schritt.<\/p><\/div>\n                      <div class=\"cta-wrapper\">\n              <a class=\"btn btn-dark\" href=\"https:\/\/golfyr.com\/de\/ueber-uns\/daniel-huesler\/\">\n                Lerne Daniel H\u00fcsler kennen              <\/a>\n            <\/div>\n                  <\/div>\n                <div class=\"col-12 col-lg-6 order-first order-lg-last\">\n          <div class=\"image-wrapper x-right y-top\">\n            <img decoding=\"async\" width=\"1024\" height=\"590\" src=\"https:\/\/golfyr.com\/wp-content\/uploads\/2025\/04\/production-daniel-huesler-04-1920-1024x590.jpg\" class=\"img-fluid\" alt=\"\" srcset=\"https:\/\/golfyr.com\/wp-content\/uploads\/2025\/04\/production-daniel-huesler-04-1920-1024x590.jpg 1024w, https:\/\/golfyr.com\/wp-content\/uploads\/2025\/04\/production-daniel-huesler-04-1920-300x173.jpg 300w, https:\/\/golfyr.com\/wp-content\/uploads\/2025\/04\/production-daniel-huesler-04-1920-768x443.jpg 768w, https:\/\/golfyr.com\/wp-content\/uploads\/2025\/04\/production-daniel-huesler-04-1920-600x346.jpg 600w, https:\/\/golfyr.com\/wp-content\/uploads\/2025\/04\/production-daniel-huesler-04-1920.jpg 1260w\" sizes=\"(max-width: 1024px) 100vw, 1024px\">          <\/div>\n        <\/div>\n      <\/div>\n    <\/article>\n    <\/li>\n          <article>\n      <div class=\"row\">\n        <div class=\"col-12 col-lg-6\">\n          <div class=\"index\">\n            05 \/ 05          <\/div>\n          <div class=\"title\"><p>Ein Versprechen,<\/p>\n<p>das man sp\u00fcrt<\/p><\/div>\n          <div class=\"content\"><p>Jeder Golfyr-Schl\u00e4ger, der unsere Produktionsst\u00e4tte verl\u00e4sst, steht f\u00fcr kompromisslose Qualit\u00e4t, Schweizer Pr\u00e4zision und modernste Technik. Diese Werte sp\u00fcrst du bei jedem Schlag \u2013 vom ersten Schwung auf der Driving Range bis zum letzten Putt auf dem Gr\u00fcn.<\/p><\/div>\n                      <div class=\"cta-wrapper\">\n              <a class=\"btn btn-dark\" href=\"https:\/\/golfyr.com\/de\/technology\/innovation\/\">\n                Mehr erfahren              <\/a>\n            <\/div>\n                  <\/div>\n                <div class=\"col-12 col-lg-6 order-first order-lg-last\">\n          <div class=\"image-wrapper x-center y-center\">\n            <img decoding=\"async\" width=\"1024\" height=\"590\" src=\"https:\/\/golfyr.com\/wp-content\/uploads\/2025\/04\/production-promise-05-1920-1024x590.jpg\" class=\"img-fluid\" alt=\"\" srcset=\"https:\/\/golfyr.com\/wp-content\/uploads\/2025\/04\/production-promise-05-1920-1024x590.jpg 1024w, https:\/\/golfyr.com\/wp-content\/uploads\/2025\/04\/production-promise-05-1920-300x173.jpg 300w, https:\/\/golfyr.com\/wp-content\/uploads\/2025\/04\/production-promise-05-1920-768x443.jpg 768w, https:\/\/golfyr.com\/wp-content\/uploads\/2025\/04\/production-promise-05-1920-600x346.jpg 600w, https:\/\/golfyr.com\/wp-content\/uploads\/2025\/04\/production-promise-05-1920.jpg 1260w\" sizes=\"(max-width: 1024px) 100vw, 1024px\">          <\/div>\n        <\/div>\n      <\/div>\n    <\/article>\n    <\/li>\n        <\/div>\n<\/section>","protected":false},"excerpt":{"rendered":"","protected":false},"author":16,"featured_media":0,"parent":2787,"menu_order":0,"comment_status":"closed","ping_status":"closed","template":"default-p1-1920.php","meta":{"content-type":"","footnotes":""},"class_list":["post-4168","page","type-page","status-publish","hentry"],"acf":[],"_links":{"self":[{"href":"https:\/\/golfyr.com\/de\/wp-json\/wp\/v2\/pages\/4168","targetHints":{"allow":["GET"]}}],"collection":[{"href":"https:\/\/golfyr.com\/de\/wp-json\/wp\/v2\/pages"}],"about":[{"href":"https:\/\/golfyr.com\/de\/wp-json\/wp\/v2\/types\/page"}],"author":[{"embeddable":true,"href":"https:\/\/golfyr.com\/de\/wp-json\/wp\/v2\/users\/16"}],"replies":[{"embeddable":true,"href":"https:\/\/golfyr.com\/de\/wp-json\/wp\/v2\/comments?post=4168"}],"version-history":[{"count":3,"href":"https:\/\/golfyr.com\/de\/wp-json\/wp\/v2\/pages\/4168\/revisions"}],"predecessor-version":[{"id":6173,"href":"https:\/\/golfyr.com\/de\/wp-json\/wp\/v2\/pages\/4168\/revisions\/6173"}],"up":[{"embeddable":true,"href":"https:\/\/golfyr.com\/de\/wp-json\/wp\/v2\/pages\/2787"}],"wp:attachment":[{"href":"https:\/\/golfyr.com\/de\/wp-json\/wp\/v2\/media?parent=4168"}],"curies":[{"name":"wp","href":"https:\/\/api.w.org\/{rel}","templated":true}]}}