{"id":5718,"date":"2025-10-08T19:38:01","date_gmt":"2025-10-08T17:38:01","guid":{"rendered":"https:\/\/golfyr.com\/?page_id=5718"},"modified":"2026-03-03T08:50:08","modified_gmt":"2026-03-03T07:50:08","slug":"maker-tour","status":"publish","type":"page","link":"https:\/\/golfyr.com\/de\/maker-tour\/","title":{"rendered":"Maker Tour"},"content":{"rendered":"<section class=\"hero-maker\">\n <div class=\"container d-flex flex-column \">\n          <div class=\"row w-100\">\n        <div class=\"col-12 col-md-12\">\n          <div class=\"pre-headline\">Pr\u00e4zision auf h\u00f6chstem Level.<\/div>\n        <\/div>\n      <\/div>\n              <div class=\"row w-100\">\n        <div class=\"col-12 col-md-12\">\n          <h1>Maker<br \/>Tour<\/h1>        <\/div>\n      <\/div>\n        <div class=\"w-100 hero-maker-content  with_image\">\n      <div class=\"row\">\n        <div class=\"col-12 col-md-8\">\n                  <div class=\"content\">\n              <p>Entwickelt mit Sergio Garcia. F\u00fcr Golfer, die mehr als nur einen Putter suchen.<\/p>            <\/div>\n                        <div class=\"cta-wrapper d-flex\">\n                              <div class=\"cta\">\n                  <a class=\"btn btn-light\" href=\"https:\/\/golfyr.com\/de\/shop\/the-maker-tour\/\">Jetzt sichern<\/a>\n                <\/div>\n                          <\/div>\n          <\/div>\n        <\/div>\n      <\/div>\n              <div class=\"hero-maker-image\">\n           <img decoding=\"async\" width=\"845\" height=\"1024\" src=\"https:\/\/golfyr.com\/wp-content\/uploads\/2025\/10\/sergio-garcia_person-845x1024.webp\" class=\"img-fluid\" alt=\"\" srcset=\"https:\/\/golfyr.com\/wp-content\/uploads\/2025\/10\/sergio-garcia_person-845x1024.webp 845w, https:\/\/golfyr.com\/wp-content\/uploads\/2025\/10\/sergio-garcia_person-248x300.webp 248w, https:\/\/golfyr.com\/wp-content\/uploads\/2025\/10\/sergio-garcia_person-768x930.webp 768w, https:\/\/golfyr.com\/wp-content\/uploads\/2025\/10\/sergio-garcia_person-1268x1536.webp 1268w, https:\/\/golfyr.com\/wp-content\/uploads\/2025\/10\/sergio-garcia_person-1691x2048.webp 1691w, https:\/\/golfyr.com\/wp-content\/uploads\/2025\/10\/sergio-garcia_person-600x727.webp 600w\" sizes=\"(max-width: 845px) 100vw, 845px\">        <\/div>\n            <\/div>\n<\/section>\n\n<section class=\"middle-text-block top-xl bottom-none\" id=\"\">\n  <div class=\"container\">\n          <div class=\"row\">\n        <div class=\"col-12 col-lg-8\">\n          <div class=\"custom_h2\">\n            <h2>Nicht einfach ein Putter. Eine Tour-Maschine.<\/h2>\n          <\/div>\n        <\/div>\n      <\/div>\n        <div class=\"row\">\n      <div class=\"col-12 col-lg-8\">\n        <div class=\"content custom_h3\">\n          <p>Der Maker Tour ist das Ergebnis einer einzigartigen Zusammenarbeit mit Sergio Garcia. Er wollte einen Putter, der in den entscheidenden Momenten absolute Kontrolle bietet &#8211; und wir haben geliefert. Kompakter. Schneller. Pr\u00e4ziser. Jeder Schlag ist eine Einladung, dein Spiel auf Tour-Niveau zu heben.<\/p>        <\/div>\n              <\/div>\n    <\/div>\n  <\/div>\n<\/section>\n\n\n<section class=\"maker-tour-grid_wrapper top-margin\" id=\"\">\n <div class=\"container\">\n    <div class=\"maker-tour-grid_inner\">\n                      <div class=\"maker-tour-grid_item signature\">\n           <div class=\"maker-tour_item-media \"><img decoding=\"async\" width=\"852\" height=\"536\" src=\"https:\/\/golfyr.com\/wp-content\/uploads\/2025\/10\/signature_sergio-garcia_4x.png\" class=\"img-fluid\" alt=\"\" srcset=\"https:\/\/golfyr.com\/wp-content\/uploads\/2025\/10\/signature_sergio-garcia_4x.png 852w, https:\/\/golfyr.com\/wp-content\/uploads\/2025\/10\/signature_sergio-garcia_4x-300x189.png 300w, https:\/\/golfyr.com\/wp-content\/uploads\/2025\/10\/signature_sergio-garcia_4x-768x483.png 768w, https:\/\/golfyr.com\/wp-content\/uploads\/2025\/10\/signature_sergio-garcia_4x-600x377.png 600w\" sizes=\"(max-width: 852px) 100vw, 852px\"><\/div>           \n          <div class=\"maker-tour_item-content\">\n                                           <div class=\"custom_text\"><p>Inspiriert von Sergio Garcia, gebaut f\u00fcr Dich<\/p><\/div>\n                        <\/div>\n        <\/div>\n                      <div class=\"maker-tour-grid_item weight\">\n                           <div class=\"maker-tour_item-media \">\n                  <div class=\"maker-tour_item-headline\"><p>100%<\/p><\/div>\n                <\/div>\n                       \n          <div class=\"maker-tour_item-content\">\n                                           <div class=\"custom_text\"><p>Carbon f\u00fcr einzigartige Design-Freiheit <\/p><\/div>\n                        <\/div>\n        <\/div>\n                      <div class=\"maker-tour-grid_item  top_text putter\">\n           <div class=\"maker-tour_item-media \"><img decoding=\"async\" width=\"478\" height=\"553\" src=\"https:\/\/golfyr.com\/wp-content\/uploads\/2025\/10\/kachel_3-1.png\" class=\"img-fluid\" alt=\"\" srcset=\"https:\/\/golfyr.com\/wp-content\/uploads\/2025\/10\/kachel_3-1.png 478w, https:\/\/golfyr.com\/wp-content\/uploads\/2025\/10\/kachel_3-1-259x300.png 259w\" sizes=\"(max-width: 478px) 100vw, 478px\"><\/div>           \n          <div class=\"maker-tour_item-content\">\n                           <div class=\"custom_h4\"><p class=\"title\">Kompakter Kopf<\/p><\/div>\n                                            <div class=\"custom_text\"><p>f\u00fcr maximale Kontrolle<\/p><\/div>\n                        <\/div>\n        <\/div>\n                      <div class=\"maker-tour-grid_item \">\n                      \n          <div class=\"maker-tour_item-content\">\n                           <div class=\"custom_h4\"><p class=\"title\">\u00abIch bin begeistert von der Qualit\u00e4t und Innovation des Makers. Die M\u00f6glichkeit, nun direkt mit Golfyr an einer weiterentwickelten Version zu arbeiten, ist eine spannende Herausforderung.\u00bb<\/p><\/div>\n                                            <div class=\"custom_text\"><p>&#8211; Sergio Garcia, 2025<\/p><\/div>\n                        <\/div>\n        <\/div>\n          <\/div>\n  <\/div>\n<\/section>\n\n<section class=\"middle-text-block top-xl bottom-none\" id=\"\">\n  <div class=\"container\">\n          <div class=\"row\">\n        <div class=\"col-12 col-lg-8\">\n          <div class=\"custom_h2\">\n            <h2>Tour Engineering. Carbon Innovation.<\/h2>\n          <\/div>\n        <\/div>\n      <\/div>\n        <div class=\"row\">\n      <div class=\"col-12 col-lg-8\">\n        <div class=\"content custom_h3\">\n          <p>Weniger Kopfvolumen, mehr Leistung: Der Maker Tour setzt auf Wolfram &#8211; das schwerste Metall der Welt &#8211; um Stabilit\u00e4t und Fehlerverzeihung auf Tour-Niveau zu garantieren. Der Carbon-K\u00f6rper sorgt f\u00fcr ein heisseres, konsistenteres Schlaggef\u00fchl, das Profis wie Sergio Garcia \u00fcberzeugt. Jeder Millimeter ist auf Leistung optimiert. F\u00fcr den Moment, in dem der Ball fallen muss.<\/p>        <\/div>\n              <\/div>\n    <\/div>\n  <\/div>\n<\/section>\n\n<section class=\"club-tech-specs\" id=\"maker-tour-tech-specs\">\n  <div class=\"container\">\n          <div class=\"row d-flex flex-row align-items-end align-items-lg-center\">\n        <div class=\"col-8\">\n          <h2>Tech Specs<\/h2>\n        <\/div>\n        <div class=\"col-4 d-flex flex-column justify-content-end position-relative\">\n          <div class=\"swiper-buttons d-flex flex-row align-items-center\">\n            <!-- If we need navigation buttons -->\n            <div class=\"swiper-button-prev swiper-club-tech-specs-button-prev\" tabindex=\"-1\" role=\"button\" aria-label=\"Previous slide\" aria-controls=\"swiper-wrapper-2a937b77ef2858ad\" aria-disabled=\"true\">\n              <img decoding=\"async\" src=\"https:\/\/golfyr.com\/wp-content\/themes\/golfyr\/includes\/img\/slider-arrow-p1.png\" alt=\"Slider arrow previous slide\">\n            <\/div>\n            <div class=\"swiper-button-next swiper-club-tech-specs-button-next\" tabindex=\"-1\" role=\"button\" aria-label=\"Next slide\" aria-controls=\"swiper-wrapper-2a937b77ef2858ad\" aria-disabled=\"true\">\n              <img decoding=\"async\" src=\"https:\/\/golfyr.com\/wp-content\/themes\/golfyr\/includes\/img\/slider-arrow-p1.png\" alt=\"Slider arrow next slide\">\n            <\/div>\n          <\/div>\n        <\/div>\n      <\/div>\n            <div class=\"row\">\n        <div class=\"col-12\">\n          <hr>\n        <\/div>\n      <\/div>\n        <div class=\"row\">\n      <div class=\"col-12\">\n        <div class=\"swiper swiper-club-tech-specs-slider\">\n          <!-- Additional required wrapper -->\n          <div class=\"swiper-wrapper\">\n                        <div class=\"swiper-slide\">\n              <div class=\"image-wrapper\">\n                <img decoding=\"async\" width=\"478\" height=\"553\" src=\"https:\/\/golfyr.com\/wp-content\/uploads\/2025\/10\/kachel_3.png\" class=\"img-fluid\" alt=\"\" srcset=\"https:\/\/golfyr.com\/wp-content\/uploads\/2025\/10\/kachel_3.png 478w, https:\/\/golfyr.com\/wp-content\/uploads\/2025\/10\/kachel_3-259x300.png 259w\" sizes=\"(max-width: 478px) 100vw, 478px\">              <\/div>\n              <div class=\"techspec-wrapper\">\n                <div class=\"techspec-name\">MOI<\/div>\n                <div class=\"techspec-value\">7\u2019100<\/div>\n              <\/div>\n              <div class=\"description\">\n                <p>Je h\u00f6her das MOI (Tr\u00e4gheitsmoment), desto stabiler ist der Schl\u00e4ger, was zu maximaler Fehlerverzeihung f\u00fchrt.<\/p>              <\/div>\n            <\/div>\n                        <div class=\"swiper-slide\">\n              <div class=\"image-wrapper\">\n                <img decoding=\"async\" width=\"478\" height=\"553\" src=\"https:\/\/golfyr.com\/wp-content\/uploads\/2025\/10\/39_Golfyr_Maker3_Tour_16513_V1_sRGB_300dpi-1.png\" class=\"img-fluid\" alt=\"\" srcset=\"https:\/\/golfyr.com\/wp-content\/uploads\/2025\/10\/39_Golfyr_Maker3_Tour_16513_V1_sRGB_300dpi-1.png 478w, https:\/\/golfyr.com\/wp-content\/uploads\/2025\/10\/39_Golfyr_Maker3_Tour_16513_V1_sRGB_300dpi-1-259x300.png 259w\" sizes=\"(max-width: 478px) 100vw, 478px\">              <\/div>\n              <div class=\"techspec-wrapper\">\n                <div class=\"techspec-name\">Kopftyp<\/div>\n                <div class=\"techspec-value\">Mallet<\/div>\n              <\/div>\n              <div class=\"description\">\n                <p><span class=\"s1\">Maximiert Fehlerverzeihung und erm\u00f6glicht eine einfache, intuitive Ausrichtung.<\/span><\/p>              <\/div>\n            <\/div>\n                        <div class=\"swiper-slide\">\n              <div class=\"image-wrapper\">\n                <img decoding=\"async\" width=\"478\" height=\"553\" src=\"https:\/\/golfyr.com\/wp-content\/uploads\/2025\/10\/39_Golfyr_Maker3_Tour_16457_V1_sRGB_300dpi-3.png\" class=\"img-fluid\" alt=\"\" srcset=\"https:\/\/golfyr.com\/wp-content\/uploads\/2025\/10\/39_Golfyr_Maker3_Tour_16457_V1_sRGB_300dpi-3.png 478w, https:\/\/golfyr.com\/wp-content\/uploads\/2025\/10\/39_Golfyr_Maker3_Tour_16457_V1_sRGB_300dpi-3-259x300.png 259w\" sizes=\"(max-width: 478px) 100vw, 478px\">              <\/div>\n              <div class=\"techspec-wrapper\">\n                <div class=\"techspec-name\">Loft<\/div>\n                <div class=\"techspec-value\">3\u00b0<\/div>\n              <\/div>\n              <div class=\"description\">\n                <p>Das statische Loft beschreibt die Neigung der Schlagfl\u00e4che im Ruhezustand.<\/p>              <\/div>\n            <\/div>\n                        <div class=\"swiper-slide\">\n              <div class=\"image-wrapper\">\n                <img decoding=\"async\" width=\"478\" height=\"553\" src=\"https:\/\/golfyr.com\/wp-content\/uploads\/2025\/10\/39_Golfyr_Maker3_Tour_16504_V1_sRGB_300dpi-1.png\" class=\"img-fluid\" alt=\"\" srcset=\"https:\/\/golfyr.com\/wp-content\/uploads\/2025\/10\/39_Golfyr_Maker3_Tour_16504_V1_sRGB_300dpi-1.png 478w, https:\/\/golfyr.com\/wp-content\/uploads\/2025\/10\/39_Golfyr_Maker3_Tour_16504_V1_sRGB_300dpi-1-259x300.png 259w\" sizes=\"(max-width: 478px) 100vw, 478px\">              <\/div>\n              <div class=\"techspec-wrapper\">\n                <div class=\"techspec-name\">Lie<\/div>\n                <div class=\"techspec-value\">71\u00b0<\/div>\n              <\/div>\n              <div class=\"description\">\n                <p>Lie beschreibt den Winkel zwischen dem Schl\u00e4gerkopf, parallel zum Boden, und der Neigung des Schafts in Richtung der H\u00e4nde.<\/p>              <\/div>\n            <\/div>\n                        <div class=\"swiper-slide\">\n              <div class=\"image-wrapper\">\n                <img decoding=\"async\" width=\"478\" height=\"553\" src=\"https:\/\/golfyr.com\/wp-content\/uploads\/2025\/10\/kachel_3.png\" class=\"img-fluid\" alt=\"\" srcset=\"https:\/\/golfyr.com\/wp-content\/uploads\/2025\/10\/kachel_3.png 478w, https:\/\/golfyr.com\/wp-content\/uploads\/2025\/10\/kachel_3-259x300.png 259w\" sizes=\"(max-width: 478px) 100vw, 478px\">              <\/div>\n              <div class=\"techspec-wrapper\">\n                <div class=\"techspec-name\">Kopfgewicht<\/div>\n                <div class=\"techspec-value\">350g<\/div>\n              <\/div>\n              <div class=\"description\">\n                <p>Ein erh\u00f6htes Schl\u00e4gerkopfgewicht verbessert die Stabilit\u00e4t beim Aufprall.<\/p>              <\/div>\n            <\/div>\n                        <div class=\"swiper-slide\">\n              <div class=\"image-wrapper\">\n                <img decoding=\"async\" width=\"478\" height=\"553\" src=\"https:\/\/golfyr.com\/wp-content\/uploads\/2025\/10\/39_Golfyr_Maker3_Tour_16504_V1_sRGB_300dpi-1.png\" class=\"img-fluid\" alt=\"\" srcset=\"https:\/\/golfyr.com\/wp-content\/uploads\/2025\/10\/39_Golfyr_Maker3_Tour_16504_V1_sRGB_300dpi-1.png 478w, https:\/\/golfyr.com\/wp-content\/uploads\/2025\/10\/39_Golfyr_Maker3_Tour_16504_V1_sRGB_300dpi-1-259x300.png 259w\" sizes=\"(max-width: 478px) 100vw, 478px\">              <\/div>\n              <div class=\"techspec-wrapper\">\n                <div class=\"techspec-name\">Hosel<\/div>\n                <div class=\"techspec-value\">Long Plumber<\/div>\n              <\/div>\n              <div class=\"description\">\n                <p>Hosel ist die Verbindung zwischen dem Schaft und dem Schl\u00e4gerkopf.<\/p>              <\/div>\n            <\/div>\n                      <\/div>\n          <!-- If we need pagination -->\n          <!--<div class=\"swiper-pagination swiper-club-tech-specs-pagination\"><\/div>-->\n          <!-- If we need scrollbar -->\n          <div class=\"swiper-scrollbar swiper-club-tech-specs-scrollbar\"><\/div>\n        <\/div>\n      <\/div>\n    <\/div>      \n  <\/div>\n<\/section>\n\n<section class=\"middle-text-block top-xl bottom-lg\" id=\"\">\n  <div class=\"container\">\n          <div class=\"row\">\n        <div class=\"col-12 col-lg-8\">\n          <div class=\"custom_h2\">\n            <h2>Entwickelt mit einem Champion.<\/h2>\n          <\/div>\n        <\/div>\n      <\/div>\n        <div class=\"row\">\n      <div class=\"col-12 col-lg-8\">\n        <div class=\"content custom_h3\">\n          <p>Sergio Garcia hat den Maker Premier bereits erfolgreich auf der Tour gespielt. Mit der Tour-Version floss sein Input direkt in die Entwicklung ein. Das Ergebnis: ein Putter, der selbst auf h\u00f6chstem Niveau \u00fcberzeugt und jedem Golfer das Vertrauen gibt, den entscheidenden Putt zu lochen.<\/p>        <\/div>\n              <\/div>\n    <\/div>\n  <\/div>\n<\/section>\n\n<section class=\"image-quote-content\" id=\"\">\n<div class=\"wrapper d-flex flex-column\">\n      <div class=\"background\">\n      <div class=\"container-fluid h-100\">\n        <div class=\"row p-0 h-100\">\n          <div class=\"col-12 h-100 p-0\">\n                          <div class=\"image-wrapper d-md-none\">\n                <img decoding=\"async\" width=\"499\" height=\"1024\" src=\"https:\/\/golfyr.com\/wp-content\/uploads\/2025\/10\/sergio-garcia_quote_mobile-499x1024.webp\" class=\"img-fluid\" alt=\"\" srcset=\"https:\/\/golfyr.com\/wp-content\/uploads\/2025\/10\/sergio-garcia_quote_mobile-499x1024.webp 499w, https:\/\/golfyr.com\/wp-content\/uploads\/2025\/10\/sergio-garcia_quote_mobile-146x300.webp 146w, https:\/\/golfyr.com\/wp-content\/uploads\/2025\/10\/sergio-garcia_quote_mobile-748x1536.webp 748w, https:\/\/golfyr.com\/wp-content\/uploads\/2025\/10\/sergio-garcia_quote_mobile-600x1232.webp 600w, https:\/\/golfyr.com\/wp-content\/uploads\/2025\/10\/sergio-garcia_quote_mobile.webp 750w\" sizes=\"(max-width: 499px) 100vw, 499px\">              <\/div>\n                                                      <div class=\"image-wrapper d-none d-md-block d-xl-none\">\n                                <img decoding=\"async\" width=\"1024\" height=\"945\" src=\"https:\/\/golfyr.com\/wp-content\/uploads\/2025\/10\/sergio-garcia_quote_tablet-1024x945.webp\" class=\"img-fluid\" alt=\"\" srcset=\"https:\/\/golfyr.com\/wp-content\/uploads\/2025\/10\/sergio-garcia_quote_tablet-1024x945.webp 1024w, https:\/\/golfyr.com\/wp-content\/uploads\/2025\/10\/sergio-garcia_quote_tablet-300x277.webp 300w, https:\/\/golfyr.com\/wp-content\/uploads\/2025\/10\/sergio-garcia_quote_tablet-768x709.webp 768w, https:\/\/golfyr.com\/wp-content\/uploads\/2025\/10\/sergio-garcia_quote_tablet-1536x1418.webp 1536w, https:\/\/golfyr.com\/wp-content\/uploads\/2025\/10\/sergio-garcia_quote_tablet-600x554.webp 600w, https:\/\/golfyr.com\/wp-content\/uploads\/2025\/10\/sergio-garcia_quote_tablet.webp 1668w\" sizes=\"(max-width: 1024px) 100vw, 1024px\">                <\/div>\n                                                      <div class=\"image-wrapper d-none d-xl-block\">\n                                <img decoding=\"async\" width=\"2560\" height=\"1324\" src=\"https:\/\/golfyr.com\/wp-content\/uploads\/2025\/10\/sergio-garcia_quote-1-scaled-1.webp\" class=\"img-fluid\" alt=\"\" srcset=\"https:\/\/golfyr.com\/wp-content\/uploads\/2025\/10\/sergio-garcia_quote-1-scaled-1.webp 2560w, https:\/\/golfyr.com\/wp-content\/uploads\/2025\/10\/sergio-garcia_quote-1-scaled-1-300x155.webp 300w, https:\/\/golfyr.com\/wp-content\/uploads\/2025\/10\/sergio-garcia_quote-1-scaled-1-1024x530.webp 1024w, https:\/\/golfyr.com\/wp-content\/uploads\/2025\/10\/sergio-garcia_quote-1-scaled-1-768x397.webp 768w, https:\/\/golfyr.com\/wp-content\/uploads\/2025\/10\/sergio-garcia_quote-1-scaled-1-1536x794.webp 1536w, https:\/\/golfyr.com\/wp-content\/uploads\/2025\/10\/sergio-garcia_quote-1-scaled-1-2048x1059.webp 2048w, https:\/\/golfyr.com\/wp-content\/uploads\/2025\/10\/sergio-garcia_quote-1-scaled-1-600x310.webp 600w\" sizes=\"(max-width: 2560px) 100vw, 2560px\">                <\/div>\n                      <\/div>\n        <\/div>\n      <\/div>\n    <\/div>\n    <div class=\"container h-100\">\n    <div class=\"row h-100\">\n        <div class=\"col-12 col-lg-10 d-flex flex-column justify-content-end\">\n        <div class=\"content-all d-flex flex-column\">\n                      <div class=\"custom_h2\"><h2 class=\"title\">&#8220;Schon bei meinen ersten Schl\u00e4gen wusste ich, dass der Maker etwas Besonderes ist. Die Tour-Version hebt ihn auf ein neues Level.&#8221;<\/h2><\/div>\n                                <div class=\"content custom_h3\"><p>Sergio Garcia<\/p><\/div>\n                  <\/div>\n      <\/div>\n    <\/div>\n  <\/div>\n  <\/div>  \n<\/section>\n\n<section class=\"middle-text-block top-xl bottom-lg\" id=\"\">\n  <div class=\"container\">\n          <div class=\"row\">\n        <div class=\"col-12 col-lg-8\">\n          <div class=\"custom_h2\">\n            <h2>Tour-Feeling f\u00fcr alle, die es ernst meinen.<\/h2>\n          <\/div>\n        <\/div>\n      <\/div>\n        <div class=\"row\">\n      <div class=\"col-12 col-lg-8\">\n        <div class=\"content custom_h3\">\n          <p>Der Maker Tour ist nicht nur Profis vorbehalten. Er ist f\u00fcr ambitionierte Amateure, Technik-Liebhaber und alle, die Putting nicht dem Zufall \u00fcberlassen wollen. Wer Pr\u00e4zision und Performance auf h\u00f6chstem Niveau sch\u00e4tzt, findet hier seinen Putter.<\/p>        <\/div>\n              <\/div>\n    <\/div>\n  <\/div>\n<\/section>\n\n<section class=\"information-plates\" id=\"\">\n  <div class=\"container\">\n    <div class=\"row\">\n      <div class=\"col-12 col-lg-12 offset-lg-12\">\n        <div class=\"information-plates-wrapper\">\n                                <article>\n                              <div class=\"image-wrapper d-md-none\">\n                  <img decoding=\"async\" width=\"684\" height=\"180\" src=\"https:\/\/golfyr.com\/wp-content\/uploads\/2025\/10\/maker-3-tour_side-view_mobile.jpg\" class=\"img-fluid\" alt=\"\" srcset=\"https:\/\/golfyr.com\/wp-content\/uploads\/2025\/10\/maker-3-tour_side-view_mobile.jpg 684w, https:\/\/golfyr.com\/wp-content\/uploads\/2025\/10\/maker-3-tour_side-view_mobile-300x79.jpg 300w, https:\/\/golfyr.com\/wp-content\/uploads\/2025\/10\/maker-3-tour_side-view_mobile-600x158.jpg 600w\" sizes=\"(max-width: 684px) 100vw, 684px\">                <\/div>\n                \n                                                <div class=\"image-wrapper d-none d-md-block\">\n                                    <img decoding=\"async\" width=\"630\" height=\"794\" src=\"https:\/\/golfyr.com\/wp-content\/uploads\/2025\/10\/maker-3-tour_side-view.webp\" class=\"img-fluid\" alt=\"\" srcset=\"https:\/\/golfyr.com\/wp-content\/uploads\/2025\/10\/maker-3-tour_side-view.webp 630w, https:\/\/golfyr.com\/wp-content\/uploads\/2025\/10\/maker-3-tour_side-view-238x300.webp 238w, https:\/\/golfyr.com\/wp-content\/uploads\/2025\/10\/maker-3-tour_side-view-600x756.webp 600w\" sizes=\"(max-width: 630px) 100vw, 630px\">                  <\/div>\n                            <div class=\"content-wrapper\">\n                <div class=\"title custom_h4\">\n                  <p>Ambitionierte Amateure<p>\n                <\/div>\n              <\/div>\n            <\/article>\n                                <article>\n                              <div class=\"image-wrapper d-md-none\">\n                  <img decoding=\"async\" width=\"684\" height=\"180\" src=\"https:\/\/golfyr.com\/wp-content\/uploads\/2025\/10\/sergio-garcia_portrait_mobile.jpg\" class=\"img-fluid\" alt=\"\" srcset=\"https:\/\/golfyr.com\/wp-content\/uploads\/2025\/10\/sergio-garcia_portrait_mobile.jpg 684w, https:\/\/golfyr.com\/wp-content\/uploads\/2025\/10\/sergio-garcia_portrait_mobile-300x79.jpg 300w, https:\/\/golfyr.com\/wp-content\/uploads\/2025\/10\/sergio-garcia_portrait_mobile-600x158.jpg 600w\" sizes=\"(max-width: 684px) 100vw, 684px\">                <\/div>\n                \n                                                <div class=\"image-wrapper d-none d-md-block\">\n                                    <img decoding=\"async\" width=\"630\" height=\"794\" src=\"https:\/\/golfyr.com\/wp-content\/uploads\/2025\/10\/sergio-garcia_portrait.webp\" class=\"img-fluid\" alt=\"\" srcset=\"https:\/\/golfyr.com\/wp-content\/uploads\/2025\/10\/sergio-garcia_portrait.webp 630w, https:\/\/golfyr.com\/wp-content\/uploads\/2025\/10\/sergio-garcia_portrait-238x300.webp 238w, https:\/\/golfyr.com\/wp-content\/uploads\/2025\/10\/sergio-garcia_portrait-600x756.webp 600w\" sizes=\"(max-width: 630px) 100vw, 630px\">                  <\/div>\n                            <div class=\"content-wrapper\">\n                <div class=\"title custom_h4\">\n                  <p>Leistungsorientierte Sportler<p>\n                <\/div>\n              <\/div>\n            <\/article>\n                                <article>\n                              <div class=\"image-wrapper d-md-none\">\n                  <img decoding=\"async\" width=\"684\" height=\"180\" src=\"https:\/\/golfyr.com\/wp-content\/uploads\/2025\/10\/maker-3-tour_bird-view_mobile.jpg\" class=\"img-fluid\" alt=\"\" srcset=\"https:\/\/golfyr.com\/wp-content\/uploads\/2025\/10\/maker-3-tour_bird-view_mobile.jpg 684w, https:\/\/golfyr.com\/wp-content\/uploads\/2025\/10\/maker-3-tour_bird-view_mobile-300x79.jpg 300w, https:\/\/golfyr.com\/wp-content\/uploads\/2025\/10\/maker-3-tour_bird-view_mobile-600x158.jpg 600w\" sizes=\"(max-width: 684px) 100vw, 684px\">                <\/div>\n                \n                                                <div class=\"image-wrapper d-none d-md-block\">\n                                    <img decoding=\"async\" width=\"630\" height=\"794\" src=\"https:\/\/golfyr.com\/wp-content\/uploads\/2025\/10\/maker-3-tour_bird-view.webp\" class=\"img-fluid\" alt=\"\" srcset=\"https:\/\/golfyr.com\/wp-content\/uploads\/2025\/10\/maker-3-tour_bird-view.webp 630w, https:\/\/golfyr.com\/wp-content\/uploads\/2025\/10\/maker-3-tour_bird-view-238x300.webp 238w, https:\/\/golfyr.com\/wp-content\/uploads\/2025\/10\/maker-3-tour_bird-view-600x756.webp 600w\" sizes=\"(max-width: 630px) 100vw, 630px\">                  <\/div>\n                            <div class=\"content-wrapper\">\n                <div class=\"title custom_h4\">\n                  <p>Technologie-Liebhaber<p>\n                <\/div>\n              <\/div>\n            <\/article>\n                  <\/div> \n      <\/div> \n    <\/div>\n  <\/div>\n<\/section>\n\n<section class=\"cta-text top-xl bottom-md\" id=\"\">\n  <div class=\"container\">\n    <div class=\"row\">\n      <div class=\"col-12 d-flex flex-row justify-content-center\">\n          <div class=\"cta_wrapper\" style=\"background:#FFF3DA;\">\n            <div class=\"cta_inner\">\n                              <div class=\"title custom_h2\">\n                  <h2>Ready to make every putt count?<\/h2>\n                <\/div>\n                                             <div class=\"content custom_h3\">\n                  <p>Sichere dir jetzt den Maker Tour \u2013 auch als limitierte \u00abMarker Tour Garcia\u00bb-Version erh\u00e4ltlich.<\/p>                <\/div>\n                                            <a class=\"btn btn-dark btn-black\" href=\"https:\/\/golfyr.com\/de\/shop\/the-maker-tour\/\">Jetzt bestellen<\/a>\n                          <\/div>\n          <\/div>\n      <\/div>\n    <\/div>\n  <\/div>\n<\/section>","protected":false},"excerpt":{"rendered":"","protected":false},"author":18,"featured_media":0,"parent":0,"menu_order":0,"comment_status":"closed","ping_status":"closed","template":"default-p1-1920-black.php","meta":{"content-type":"","footnotes":""},"class_list":["post-5718","page","type-page","status-publish","hentry"],"acf":[],"_links":{"self":[{"href":"https:\/\/golfyr.com\/de\/wp-json\/wp\/v2\/pages\/5718","targetHints":{"allow":["GET"]}}],"collection":[{"href":"https:\/\/golfyr.com\/de\/wp-json\/wp\/v2\/pages"}],"about":[{"href":"https:\/\/golfyr.com\/de\/wp-json\/wp\/v2\/types\/page"}],"author":[{"embeddable":true,"href":"https:\/\/golfyr.com\/de\/wp-json\/wp\/v2\/users\/18"}],"replies":[{"embeddable":true,"href":"https:\/\/golfyr.com\/de\/wp-json\/wp\/v2\/comments?post=5718"}],"version-history":[{"count":13,"href":"https:\/\/golfyr.com\/de\/wp-json\/wp\/v2\/pages\/5718\/revisions"}],"predecessor-version":[{"id":6646,"href":"https:\/\/golfyr.com\/de\/wp-json\/wp\/v2\/pages\/5718\/revisions\/6646"}],"wp:attachment":[{"href":"https:\/\/golfyr.com\/de\/wp-json\/wp\/v2\/media?parent=5718"}],"curies":[{"name":"wp","href":"https:\/\/api.w.org\/{rel}","templated":true}]}}