{"id":2174,"date":"2023-07-11T06:43:37","date_gmt":"2023-07-11T04:43:37","guid":{"rendered":"https:\/\/golfyr.com\/?post_type=product&#038;p=2174"},"modified":"2026-04-17T20:07:03","modified_gmt":"2026-04-17T18:07:03","slug":"the-maker-premier","status":"publish","type":"product","link":"https:\/\/golfyr.com\/de\/shop\/the-maker-premier\/","title":{"rendered":"The Maker Premier"},"content":{"rendered":"<p><strong>Der 1of7:<\/strong> Das Kurzspiel entscheidet dar\u00fcber, ob eine Runde gewonnen oder verloren wird. Der Maker wurde f\u00fcr genau diese Momente entwickelt: konstruiert f\u00fcr herausragende Stabilit\u00e4t und einer hohen Energie\u00fcbertrag beim Aufprall, damit Ihre Putts auf der gew\u00fcnschten Linie starten und die richtige Distanz gehen \u2013 konsistent. Swiss Made. Von der R&amp;A f\u00fcr den Wettkampf zugelassen.<\/p>\n<p>&nbsp;<\/p>\n<p><strong>Was unsere Spieler sagen:<\/strong><\/p>\n<p>&nbsp;<\/p>\n<p><em>\u201eIch liebe das Design. Die Fl\u00e4chenbalance und das Ausrichtungsmerkmal sind sch\u00f6ne Erg\u00e4nzungen. Insgesamt hat es mein Putten deutlich verbessert.&#8221;<\/em><br \/>\nRyan, Kent \/ UK<\/p>\n<p>&nbsp;<\/p>\n<p><em>\u201eDer Maker macht den entscheidenden Unterschied. Mein Putten hat sich erheblich verbessert.&#8221;<\/em><br \/>\nJohn, Ontario \/ CAN<\/p>\n<p>&nbsp;<\/p>\n<p><em>\u201eDer Maker hilft mir, die entscheidenden Putts in Drucksituationen zu versenken.&#8221;<\/em><br \/>\nYannick, Bad Ragaz \/ CH<\/p>\n","protected":false},"excerpt":{"rendered":"<p>Swiss Made Carbon Putter mit herausragender Performance und innovativem Design. Inklusive Headcover. Nur f\u00fcr Rechtsh\u00e4nder.<\/p>\n","protected":false},"featured_media":6545,"template":"","meta":{"content-type":""},"product_brand":[],"product_cat":[32,162],"product_tag":[],"class_list":{"0":"post-2174","1":"product","2":"type-product","3":"status-publish","4":"has-post-thumbnail","6":"product_cat-club-de","7":"product_cat-maker-de","9":"first","10":"instock","11":"taxable","12":"shipping-taxable","13":"purchasable","14":"product-type-variable","15":"has-default-attributes"},"bundled_by":["4433","4447","5783"],"bundle_stock_status":"instock","bundle_stock_quantity":null,"bundle_virtual":false,"bundle_layout":"","bundle_add_to_cart_form_location":"","bundle_editable_in_cart":false,"bundle_sold_individually_context":"","bundle_item_grouping":"","bundle_min_size":"","bundle_max_size":"","bundle_price":[],"bundled_items":[],"bundle_sell_ids":[],"acf":[],"_links":{"self":[{"href":"https:\/\/golfyr.com\/de\/wp-json\/wp\/v2\/product\/2174","targetHints":{"allow":["GET"]}}],"collection":[{"href":"https:\/\/golfyr.com\/de\/wp-json\/wp\/v2\/product"}],"about":[{"href":"https:\/\/golfyr.com\/de\/wp-json\/wp\/v2\/types\/product"}],"wp:featuredmedia":[{"embeddable":true,"href":"https:\/\/golfyr.com\/de\/wp-json\/wp\/v2\/media\/6545"}],"wp:attachment":[{"href":"https:\/\/golfyr.com\/de\/wp-json\/wp\/v2\/media?parent=2174"}],"wp:term":[{"taxonomy":"product_brand","embeddable":true,"href":"https:\/\/golfyr.com\/de\/wp-json\/wp\/v2\/product_brand?post=2174"},{"taxonomy":"product_cat","embeddable":true,"href":"https:\/\/golfyr.com\/de\/wp-json\/wp\/v2\/product_cat?post=2174"},{"taxonomy":"product_tag","embeddable":true,"href":"https:\/\/golfyr.com\/de\/wp-json\/wp\/v2\/product_tag?post=2174"}],"curies":[{"name":"wp","href":"https:\/\/api.w.org\/{rel}","templated":true}]}}