{"id":2188,"date":"2023-06-28T14:21:42","date_gmt":"2023-06-28T12:21:42","guid":{"rendered":"https:\/\/golfyr.com\/?post_type=product&#038;p=2188"},"modified":"2025-04-23T07:54:43","modified_gmt":"2025-04-23T05:54:43","slug":"die-7-14-tote-bag","status":"publish","type":"product","link":"https:\/\/golfyr.com\/de\/shop\/die-7-14-tote-bag\/","title":{"rendered":"Die 7>14 Tote Bag"},"content":{"rendered":"<p>Unser 7&gt;14 Tote Bag steht f\u00fcr dezenten Style. Die Tasche aus hochwertiger Baumwolle setzt mit ihrer Schlichtheit ein klares Statement. Perfekt f\u00fcr alle, die die Sch\u00f6nheit des Einfachen lieben.<\/p>\n<p>&nbsp;<\/p>\n<p>&nbsp;<\/p>\n<p><strong>Spezifikationen<\/strong>:<\/p>\n<ul>\n<li>Hergestellt in Italien<\/li>\n<li>100% Baumwolle<\/li>\n<li>Abmessungen: 40cm x 38cm<\/li>\n<\/ul>\n","protected":false},"excerpt":{"rendered":"<p>Setze ein Statement auch abseits des Platzes \u2013 mit unsererem 7&gt;14 Tote Bag.<\/p>\n","protected":false},"featured_media":6580,"template":"","meta":{"content-type":""},"product_brand":[],"product_cat":[57,92],"product_tag":[],"class_list":{"0":"post-2188","1":"product","2":"type-product","3":"status-publish","4":"has-post-thumbnail","6":"product_cat-accessoires-de","7":"product_cat-packaging-de","9":"first","10":"instock","11":"taxable","12":"shipping-taxable","13":"purchasable","14":"product-type-simple"},"bundled_by":[],"bundle_stock_status":"instock","bundle_stock_quantity":58,"bundle_virtual":false,"bundle_layout":"","bundle_add_to_cart_form_location":"","bundle_editable_in_cart":false,"bundle_sold_individually_context":"","bundle_item_grouping":"","bundle_min_size":"","bundle_max_size":"","bundle_price":[],"bundled_items":[],"bundle_sell_ids":[],"acf":[],"_links":{"self":[{"href":"https:\/\/golfyr.com\/de\/wp-json\/wp\/v2\/product\/2188","targetHints":{"allow":["GET"]}}],"collection":[{"href":"https:\/\/golfyr.com\/de\/wp-json\/wp\/v2\/product"}],"about":[{"href":"https:\/\/golfyr.com\/de\/wp-json\/wp\/v2\/types\/product"}],"wp:featuredmedia":[{"embeddable":true,"href":"https:\/\/golfyr.com\/de\/wp-json\/wp\/v2\/media\/6580"}],"wp:attachment":[{"href":"https:\/\/golfyr.com\/de\/wp-json\/wp\/v2\/media?parent=2188"}],"wp:term":[{"taxonomy":"product_brand","embeddable":true,"href":"https:\/\/golfyr.com\/de\/wp-json\/wp\/v2\/product_brand?post=2188"},{"taxonomy":"product_cat","embeddable":true,"href":"https:\/\/golfyr.com\/de\/wp-json\/wp\/v2\/product_cat?post=2188"},{"taxonomy":"product_tag","embeddable":true,"href":"https:\/\/golfyr.com\/de\/wp-json\/wp\/v2\/product_tag?post=2188"}],"curies":[{"name":"wp","href":"https:\/\/api.w.org\/{rel}","templated":true}]}}