{"id":4433,"date":"2025-05-08T13:10:51","date_gmt":"2025-05-08T11:10:51","guid":{"rendered":"https:\/\/golfyr.com\/?post_type=product&#038;p=4433"},"modified":"2026-03-06T10:45:05","modified_gmt":"2026-03-06T09:45:05","slug":"the-premier-set-light","status":"publish","type":"product","link":"https:\/\/golfyr.com\/de\/shop\/the-premier-set-light\/","title":{"rendered":"The Premier Set &#8211; Light Short"},"content":{"rendered":"<p>Unsere patentierte Carbonics-Technologie setzt einen neuen Massstab im Golfsport und liefert un\u00fcbertroffene Leistung und aussergew\u00f6hnliche Fehlerverzeihung. Entwickelt mit den einzigartigen Vorteilen von Carbon, wurden die Schl\u00e4ger so konstruiert, dass sie jeden Aspekt Ihres Spiels auf ein neues Niveau heben.<\/p>\n<p>&nbsp;<\/p>\n<p>Im Lieferumfang enthalten:<\/p>\n<p>&nbsp;<\/p>\n<ul>\n<li>Sieben zweckgebundene Schl\u00e4ger in vollst\u00e4ndiger Carbon-Konstruktion<\/li>\n<li>Massgefertigter Premium-Golfbag<\/li>\n<li>Pers\u00f6nlicher Concierge-Lieferservice und Einf\u00fchrung<\/li>\n<li>Von der R&amp;A f\u00fcr den Wettkampf zugelassen<\/li>\n<\/ul>\n<p>&nbsp;<\/p>\n<p>Was unsere Spieler sagen:<\/p>\n<p>&nbsp;<\/p>\n<p><em>\u201eMir war nicht bewusst, wie viel Kraft ich in meinem Schwung aufgewendet hatte, bis ich es nicht mehr musste. Der Unterschied ist bemerkenswert.&#8221;<\/em><\/p>\n<p>&#8211; Maria, Z\u00fcrich<\/p>\n<p>&nbsp;<\/p>\n<p><em>\u201eIch spiele jetzt dreimal pro Woche. Meine Schultern sind dankbar und meine Scores spiegeln es wider.&#8221;<\/em><\/p>\n<p>&#8211;\u00a0 Susanne, Z\u00fcrich<\/p>\n<p>&nbsp;<\/p>\n<p><em>\u201eDie Schl\u00e4ger zum ersten Mal auf dem Platz auszuprobieren f\u00fchlte sich an wie ein frischer Wind. Ich habe mich \u00fcber dem Ball seit Jahren nicht mehr so sicher gef\u00fchlt.&#8221;<\/em><\/p>\n<p>&#8211; Jeanette, Z\u00fcrich<\/p>\n<p>&nbsp;<\/p>\n<p>Kontaktieren Sie <a href=\"https:\/\/golfyr.com\/de\/kontakt\/?v=d88fc6edf21e\">hier<\/a> einen unserer Experten f\u00fcr eine pers\u00f6nliche Beratung.<\/p>\n","protected":false},"excerpt":{"rendered":"<p>Vollst\u00e4ndige Carbon-Konstruktion. Patentierte Carbonics-Technologie. In der Schweiz entwickelt, um mehr Energie zu \u00fcbertragen, Erm\u00fcdung zu reduzieren und vom ersten bis zur letzten Loch konstante Leistung zu liefern. Mit 90-Tage-Garantie: Sp\u00fcren Sie keinen Unterschied, erhalten Sie Ihr Geld zur\u00fcck.<\/p>\n","protected":false},"featured_media":6476,"template":"","meta":{"content-type":""},"product_brand":[],"product_cat":[98,160],"product_tag":[],"class_list":{"0":"post-4433","1":"product","2":"type-product","3":"status-publish","4":"has-post-thumbnail","6":"product_cat-set-de","7":"product_cat-set-template-de","9":"first","10":"onbackorder","11":"taxable","12":"shipping-taxable","13":"purchasable","14":"product-type-bundle"},"bundled_by":[],"bundle_stock_status":"instock","bundle_stock_quantity":"","bundle_virtual":false,"bundle_layout":"tabular","bundle_add_to_cart_form_location":"default","bundle_editable_in_cart":false,"bundle_sold_individually_context":"product","bundle_item_grouping":"noindent","bundle_min_size":"","bundle_max_size":"","bundle_price":{"price":{"min":{"incl_tax":"5698","excl_tax":"5698"},"max":{"incl_tax":"6444","excl_tax":"6444"}},"regular_price":{"min":{"incl_tax":"5698","excl_tax":"5698"},"max":{"incl_tax":"6444","excl_tax":"6444"}}},"bundled_items":[{"bundled_item_id":4,"product_id":2174,"menu_order":0,"quantity_min":1,"quantity_max":1,"quantity_default":1,"priced_individually":true,"shipped_individually":false,"override_title":false,"title":"The Maker Premier","override_description":false,"description":"The Maker Premier","optional":true,"hide_thumbnail":false,"discount":"","override_variations":false,"allowed_variations":[""],"override_default_variation_attributes":false,"default_variation_attributes":[],"single_product_visibility":"visible","cart_visibility":"visible","order_visibility":"visible","single_product_price_visibility":"visible","cart_price_visibility":"visible","order_price_visibility":"visible","stock_status":"in_stock"},{"bundled_item_id":5,"product_id":5381,"menu_order":1,"quantity_min":1,"quantity_max":1,"quantity_default":1,"priced_individually":false,"shipped_individually":false,"override_title":false,"title":"The Bag &#8211; Kit","override_description":false,"description":"The Bag &#8211; Kit","optional":false,"hide_thumbnail":false,"discount":"","override_variations":false,"allowed_variations":[""],"override_default_variation_attributes":false,"default_variation_attributes":[],"single_product_visibility":"visible","cart_visibility":"visible","order_visibility":"visible","single_product_price_visibility":"visible","cart_price_visibility":"visible","order_price_visibility":"visible","stock_status":"on_backorder"},{"bundled_item_id":6,"product_id":5362,"menu_order":2,"quantity_min":2,"quantity_max":2,"quantity_default":2,"priced_individually":false,"shipped_individually":false,"override_title":false,"title":"The Patches","override_description":true,"description":"","optional":false,"hide_thumbnail":false,"discount":"","override_variations":false,"allowed_variations":[""],"override_default_variation_attributes":false,"default_variation_attributes":[],"single_product_visibility":"visible","cart_visibility":"visible","order_visibility":"visible","single_product_price_visibility":"visible","cart_price_visibility":"visible","order_price_visibility":"visible","stock_status":"in_stock"}],"bundle_sell_ids":[],"acf":[],"_links":{"self":[{"href":"https:\/\/golfyr.com\/de\/wp-json\/wp\/v2\/product\/4433","targetHints":{"allow":["GET"]}}],"collection":[{"href":"https:\/\/golfyr.com\/de\/wp-json\/wp\/v2\/product"}],"about":[{"href":"https:\/\/golfyr.com\/de\/wp-json\/wp\/v2\/types\/product"}],"wp:featuredmedia":[{"embeddable":true,"href":"https:\/\/golfyr.com\/de\/wp-json\/wp\/v2\/media\/6476"}],"wp:attachment":[{"href":"https:\/\/golfyr.com\/de\/wp-json\/wp\/v2\/media?parent=4433"}],"wp:term":[{"taxonomy":"product_brand","embeddable":true,"href":"https:\/\/golfyr.com\/de\/wp-json\/wp\/v2\/product_brand?post=4433"},{"taxonomy":"product_cat","embeddable":true,"href":"https:\/\/golfyr.com\/de\/wp-json\/wp\/v2\/product_cat?post=4433"},{"taxonomy":"product_tag","embeddable":true,"href":"https:\/\/golfyr.com\/de\/wp-json\/wp\/v2\/product_tag?post=4433"}],"curies":[{"name":"wp","href":"https:\/\/api.w.org\/{rel}","templated":true}]}}