{"id":524,"date":"2023-05-31T13:11:56","date_gmt":"2023-05-31T11:11:56","guid":{"rendered":"https:\/\/golfyr.com\/?post_type=product&#038;p=524"},"modified":"2025-10-06T15:29:59","modified_gmt":"2025-10-06T13:29:59","slug":"das-headcover-the-maker-premier","status":"publish","type":"product","link":"https:\/\/golfyr.com\/de\/shop\/das-headcover-the-maker-premier\/","title":{"rendered":"Das Headcover \u2013 The Maker Premier"},"content":{"rendered":"<p>Sch\u00fctze deinen Maker Premier mit dem Headcover. Die aus strapazierf\u00e4higem Neopren gefertigte und mit weichem Velours gef\u00fctterte Schutzh\u00fclle sch\u00fctzt deinen Maker Premier vor Witterungseinfl\u00fcssen und Kratzern im Golfalltag. Das elegante schwarze Design wird durch einen Magnetverschluss erg\u00e4nzt.<\/p>\n<p>&nbsp;<\/p>\n<p><strong>Spezifikationen<\/strong>:<\/p>\n<ul>\n<li>Neopren-Material<\/li>\n<li>Magnetischer Verschluss<\/li>\n<li>Weiches Veloursfutter<\/li>\n<li>Farbe: Schwarz<\/li>\n<\/ul>\n","protected":false},"excerpt":{"rendered":"<p>Sch\u00fctze deinen Maker Premier vor Kratzern.<\/p>\n","protected":false},"featured_media":1795,"template":"","meta":{"content-type":""},"product_brand":[],"product_cat":[57],"product_tag":[],"class_list":{"0":"post-524","1":"product","2":"type-product","3":"status-publish","4":"has-post-thumbnail","6":"product_cat-accessoires-de","8":"first","9":"instock","10":"taxable","11":"shipping-taxable","12":"purchasable","13":"product-type-simple"},"bundled_by":[],"bundle_stock_status":"instock","bundle_stock_quantity":32,"bundle_virtual":false,"bundle_layout":"","bundle_add_to_cart_form_location":"","bundle_editable_in_cart":false,"bundle_sold_individually_context":"","bundle_item_grouping":"","bundle_min_size":"","bundle_max_size":"","bundle_price":[],"bundled_items":[],"bundle_sell_ids":[],"acf":[],"_links":{"self":[{"href":"https:\/\/golfyr.com\/de\/wp-json\/wp\/v2\/product\/524","targetHints":{"allow":["GET"]}}],"collection":[{"href":"https:\/\/golfyr.com\/de\/wp-json\/wp\/v2\/product"}],"about":[{"href":"https:\/\/golfyr.com\/de\/wp-json\/wp\/v2\/types\/product"}],"wp:featuredmedia":[{"embeddable":true,"href":"https:\/\/golfyr.com\/de\/wp-json\/wp\/v2\/media\/1795"}],"wp:attachment":[{"href":"https:\/\/golfyr.com\/de\/wp-json\/wp\/v2\/media?parent=524"}],"wp:term":[{"taxonomy":"product_brand","embeddable":true,"href":"https:\/\/golfyr.com\/de\/wp-json\/wp\/v2\/product_brand?post=524"},{"taxonomy":"product_cat","embeddable":true,"href":"https:\/\/golfyr.com\/de\/wp-json\/wp\/v2\/product_cat?post=524"},{"taxonomy":"product_tag","embeddable":true,"href":"https:\/\/golfyr.com\/de\/wp-json\/wp\/v2\/product_tag?post=524"}],"curies":[{"name":"wp","href":"https:\/\/api.w.org\/{rel}","templated":true}]}}