{"id":5591,"date":"2025-10-06T18:32:20","date_gmt":"2025-10-06T16:32:20","guid":{"rendered":"https:\/\/golfyr.com\/?post_type=product&#038;p=5591"},"modified":"2026-04-11T13:45:31","modified_gmt":"2026-04-11T11:45:31","slug":"the-maker-tour","status":"publish","type":"product","link":"https:\/\/golfyr.com\/de\/shop\/the-maker-tour\/","title":{"rendered":"The Maker Tour"},"content":{"rendered":"<p>Die Evolution des Maker: In Zusammenarbeit mit Sergio Garcia entworfen. Entwickelt f\u00fcr Champions.<\/p>\n<p>Sergio Garcia macht keine Kompromisse. Er kam mit klaren Anforderungen zu uns: Was ein Putter unter Druck leisten muss, wie er sich in entscheidenden Momenten anf\u00fchlen soll. Seine Ma\u00dfst\u00e4be haben das Design nicht nur gepr\u00e4gt \u2013 sie haben es definiert.<\/p>\n<p>Der Maker Tour ist auf diese Erwartungen ausgerichtet \u2013 au\u00dfergew\u00f6hnliche Stabilit\u00e4t und hoher Energie\u00fcbertrag beim Aufprall, damit Ihre Putts auf der gew\u00fcnschten Linie starten und die richtige Distanz zur\u00fccklegen, und das konsistent. Das gleiche Vertrauen, das Sergio fordert, wenn der Putt am meisten z\u00e4hlt \u2013 jetzt in Ihren H\u00e4nden.<\/p>\n<p>Swiss Made. Von der R&amp;A f\u00fcr den Wettkampf zugelassen..<\/p>\n<p>&nbsp;<\/p>\n<p>&nbsp;<\/p>\n<p><em>&#8220;From my very first strokes, I knew the Maker was something special. The Tour version takes it to the next level.&#8221;<\/em><\/p>\n<p>&nbsp;<\/p>\n<p>Sergio Garcia<\/p>\n","protected":false},"excerpt":{"rendered":"<p>Mit Sergio Garcia co-entwickelt. Wolfram-gewichtet und in der Schweiz gefertigt, liefert er aussergew\u00f6hnliche Stabilit\u00e4t und eine hohe Energie\u00fcbertrag \u2013 damit Ihre Putts konsistent auf Linie starten und die richtige Distanz erreichen. Headcover inklusive. Nur f\u00fcr Rechtsh\u00e4nder.<\/p>\n","protected":false},"featured_media":6531,"template":"","meta":{"content-type":""},"product_brand":[],"product_cat":[32,162,107],"product_tag":[],"class_list":{"0":"post-5591","1":"product","2":"type-product","3":"status-publish","4":"has-post-thumbnail","6":"product_cat-club-de","7":"product_cat-maker-de","8":"product_cat-set2-de","10":"first","11":"onbackorder","12":"taxable","13":"shipping-taxable","14":"purchasable","15":"product-type-variable","16":"has-default-attributes"},"bundled_by":[],"bundle_stock_status":"onbackorder","bundle_stock_quantity":null,"bundle_virtual":false,"bundle_layout":"","bundle_add_to_cart_form_location":"","bundle_editable_in_cart":false,"bundle_sold_individually_context":"","bundle_item_grouping":"","bundle_min_size":"","bundle_max_size":"","bundle_price":[],"bundled_items":[],"bundle_sell_ids":[],"acf":[],"_links":{"self":[{"href":"https:\/\/golfyr.com\/de\/wp-json\/wp\/v2\/product\/5591","targetHints":{"allow":["GET"]}}],"collection":[{"href":"https:\/\/golfyr.com\/de\/wp-json\/wp\/v2\/product"}],"about":[{"href":"https:\/\/golfyr.com\/de\/wp-json\/wp\/v2\/types\/product"}],"wp:featuredmedia":[{"embeddable":true,"href":"https:\/\/golfyr.com\/de\/wp-json\/wp\/v2\/media\/6531"}],"wp:attachment":[{"href":"https:\/\/golfyr.com\/de\/wp-json\/wp\/v2\/media?parent=5591"}],"wp:term":[{"taxonomy":"product_brand","embeddable":true,"href":"https:\/\/golfyr.com\/de\/wp-json\/wp\/v2\/product_brand?post=5591"},{"taxonomy":"product_cat","embeddable":true,"href":"https:\/\/golfyr.com\/de\/wp-json\/wp\/v2\/product_cat?post=5591"},{"taxonomy":"product_tag","embeddable":true,"href":"https:\/\/golfyr.com\/de\/wp-json\/wp\/v2\/product_tag?post=5591"}],"curies":[{"name":"wp","href":"https:\/\/api.w.org\/{rel}","templated":true}]}}